{"id":5115,"date":"2023-10-16T16:44:09","date_gmt":"2023-10-16T16:44:09","guid":{"rendered":"https:\/\/premier-farms.com\/a-propos-de-nous\/"},"modified":"2026-04-09T14:52:48","modified_gmt":"2026-04-09T14:52:48","slug":"a-propos-de-nous","status":"publish","type":"page","link":"https:\/\/premier-farms.com\/fr\/a-propos-de-nous\/","title":{"rendered":"\u00c0 propos de nous"},"content":{"rendered":"\t\t<div data-elementor-type=\"wp-page\" data-elementor-id=\"5115\" class=\"elementor elementor-5115 elementor-63\" data-elementor-post-type=\"page\">\n\t\t\t\t<div class=\"elementor-element elementor-element-55f1a02 e-flex e-con-boxed elementor-invisible e-con e-parent\" data-id=\"55f1a02\" data-element_type=\"container\" data-e-type=\"container\" data-settings=\"{&quot;animation&quot;:&quot;slideInUp&quot;}\">\n\t\t\t\t\t<div class=\"e-con-inner\">\n\t\t<div class=\"elementor-element elementor-element-32eca62 e-con-full e-flex e-con e-child\" data-id=\"32eca62\" data-element_type=\"container\" data-e-type=\"container\">\n\t\t\n\t\t<div class=\"elementor-element elementor-element-d60eb36 elementor-widget elementor-widget-frutinimage\" data-id=\"d60eb36\" data-element_type=\"widget\" data-e-type=\"widget\" data-widget_type=\"frutinimage.default\">\n\t\t\t\t<div class=\"elementor-widget-container\">\n\t\t\t\t\t<div class=\"img-box1\"><div class=\"img1\"><img decoding=\"async\" src=\"https:\/\/lpn.sgb.temporary.site\/website_2642130e\/wp-content\/uploads\/2026\/03\/Aboutus-preimerfarms-1.png\" alt=\"Aboutus preimerfarms 1\"  \/><\/div><div class=\"img2\"><img decoding=\"async\" src=\"https:\/\/lpn.sgb.temporary.site\/website_2642130e\/wp-content\/uploads\/2026\/03\/Aboutus-preimerfarms.png\" alt=\"Aboutus preimerfarms\"  \/><\/div><div class=\"shape1 movingX\"><img decoding=\"async\" src=\"https:\/\/wordpress.themehour.net\/frutin\/wp-content\/uploads\/2023\/10\/about_1_3.png\" alt=\"about_1_3\"  \/><\/div><div class=\"year-counter\"><div class=\"year-counter_number\"><span class=\"counter-number\">20<\/span>+<\/div><p class=\"year-counter_text\">ANNEES D'EXPERIENCE<\/p><\/div><\/div>\t\t\t\t<\/div>\n\t\t\t\t<\/div>\n\t\t\t\t<\/div>\n\t\t<div class=\"elementor-element elementor-element-e253460 e-con-full ps-xxl-5 ps-xl-2 ms-xl-1 text-center text-xl-start e-flex e-con e-child\" data-id=\"e253460\" data-element_type=\"container\" data-e-type=\"container\">\n\t\t\t\t<div class=\"elementor-element elementor-element-39c23e1 elementor-widget elementor-widget-frutinsectiontitle\" data-id=\"39c23e1\" data-element_type=\"widget\" data-e-type=\"widget\" data-widget_type=\"frutinsectiontitle.default\">\n\t\t\t\t<div class=\"elementor-widget-container\">\n\t\t\t\t\t\t\t<div class=\"title-area-wrap\">\n\t\t\t<div class=\"title-area mb-32 \">\n\t\t\t\t\t\t\t\t<span class=\"sub-title \">\n\t\t\t\t\t<img decoding=\"async\" src=\"https:\/\/premier-farms.com\/wp-content\/plugins\/frutin-core\/assets\/img\/favicon_32.png\" alt=\"favicon_32\"  \/>\u00c0 propos de Premier Farms\t\t\t\t<\/span>\n\t\t\t\t\t\t\t\t<h2 class=\"sec-title\">La Fra\u00eecheur Sans Fronti\u00e8res<br>\n<\/h2><p class=\"sec-text \">Chez Premier Farms, nous op\u00e9rons avec une conviction claire : la v\u00e9ritable qualit\u00e9 n'est jamais le fruit du hasard. Elle est cultiv\u00e9e, contr\u00f4l\u00e9e et pr\u00e9serv\u00e9e \u00e0 chaque \u00e9tape du voyage.<br>Nous sommes un exportateur international de fruits et l\u00e9gumes frais de qualit\u00e9 sup\u00e9rieure, engag\u00e9 \u00e0 fournir l'excellence agricole aux march\u00e9s mondiaux. Gr\u00e2ce \u00e0 une cha\u00eene d'approvisionnement enti\u00e8rement int\u00e9gr\u00e9e et \u00e0 des normes op\u00e9rationnelles rigoureuses, nous garantissons que chaque exp\u00e9dition refl\u00e8te la constance, la fiabilit\u00e9 et une fra\u00eecheur sans compromis.  \n<\/p>\t\t\t<\/div>\n\t\t<\/div>\n\t\t\n\n\t\t\t\t\t<\/div>\n\t\t\t\t<\/div>\n\t\t\t\t<div class=\"elementor-element elementor-element-f0c3165 elementor-widget elementor-widget-frutinfeatures\" data-id=\"f0c3165\" data-element_type=\"widget\" data-e-type=\"widget\" data-widget_type=\"frutinfeatures.default\">\n\t\t\t\t<div class=\"elementor-widget-container\">\n\t\t\t\t\t<div class=\"about-feature-wrap\"><div class=\"about-feature\"><div class=\"box-icon\"><img decoding=\"async\" src=\"https:\/\/wordpress.themehour.net\/frutin\/wp-content\/uploads\/2023\/10\/about_feature_1.svg\" alt=\"about_feature_1\"  \/><\/div><h3 class=\"box-title\">Fruits et l\u00e9gumes frais certifi\u00e9s BRC et Global GAP\n<\/h3><\/div><div class=\"about-feature\"><div class=\"box-icon\"><img decoding=\"async\" src=\"https:\/\/wordpress.themehour.net\/frutin\/wp-content\/uploads\/2023\/10\/about_feature_2.svg\" alt=\"about_feature_2\"  \/><\/div><h3 class=\"box-title\">Syst\u00e8me d'Assurance Qualit\u00e9<\/h3><\/div><\/div>\t\t\t\t<\/div>\n\t\t\t\t<\/div>\n\t\t\t\t<div class=\"elementor-element elementor-element-8743809 elementor-widget elementor-widget-frutinbutton\" data-id=\"8743809\" data-element_type=\"widget\" data-e-type=\"widget\" data-widget_type=\"frutinbutton.default\">\n\t\t\t\t<div class=\"elementor-widget-container\">\n\t\t\t\t\t<div class=\"btn-wrapper\"><a class=\"th-btn \" href=\"https:\/\/premier-farms.com\/fr\/contactez-nous\/\">Contactez-nous<\/a><\/div>\t\t\t\t<\/div>\n\t\t\t\t<\/div>\n\t\t\t\t<\/div>\n\t\t\t\t\t<\/div>\n\t\t\t\t<\/div>\n\t\t<div class=\"elementor-element elementor-element-988c996 e-con-full bg-smoke2 e-flex elementor-invisible e-con e-parent\" data-id=\"988c996\" data-element_type=\"container\" data-e-type=\"container\" data-settings=\"{&quot;background_background&quot;:&quot;classic&quot;,&quot;animation&quot;:&quot;slideInUp&quot;}\">\n\t\t<div class=\"elementor-element elementor-element-4ac0329 e-flex e-con-boxed e-con e-child\" data-id=\"4ac0329\" data-element_type=\"container\" data-e-type=\"container\">\n\t\t\t\t\t<div class=\"e-con-inner\">\n\t\t\t\t<div class=\"elementor-element elementor-element-8c26680 elementor-widget elementor-widget-frutinsectiontitle\" data-id=\"8c26680\" data-element_type=\"widget\" data-e-type=\"widget\" data-widget_type=\"frutinsectiontitle.default\">\n\t\t\t\t<div class=\"elementor-widget-container\">\n\t\t\t\t\t\t\t<div class=\"title-area-wrap\">\n\t\t\t<div class=\"title-area \">\n\t\t\t\t\t\t\t\t<span class=\"sub-title \">\n\t\t\t\t\t<img decoding=\"async\" src=\"https:\/\/premier-farms.com\/wp-content\/plugins\/frutin-core\/assets\/img\/favicon_32.png\" alt=\"favicon_32\"  \/>Comment produire des aliments de qualit\u00e9\t\t\t\t<\/span>\n\t\t\t\t\t\t\t\t<h2 class=\"sec-title\">COMMENT NOUS TRAVAILLONS ?<\/h2>\t\t\t<\/div>\n\t\t<\/div>\n\t\t\n\n\t\t\t\t\t<\/div>\n\t\t\t\t<\/div>\n\t\t\t\t<div class=\"elementor-element elementor-element-28f3bf7 elementor-widget elementor-widget-frutinstep\" data-id=\"28f3bf7\" data-element_type=\"widget\" data-e-type=\"widget\" data-widget_type=\"frutinstep.default\">\n\t\t\t\t<div class=\"elementor-widget-container\">\n\t\t\t\t\t<div class=\"row gy-4 justify-content-center\"><div class=\"col-xl-3 col-md-6 process-box-wrap\"><div class=\"process-box\"><div class=\"box-icon\"><img decoding=\"async\" src=\"https:\/\/wordpress.themehour.net\/frutin\/wp-content\/uploads\/2023\/11\/process_box_3.svg\" alt=\"process_box_3\"  \/><\/div><div class=\"box-img\" data-mask-src=\"https:\/\/premier-farms.com\/wp-content\/plugins\/frutin-core\/assets\/img\/process_bg_shape.png\"><img decoding=\"async\" src=\"https:\/\/lpn.sgb.temporary.site\/website_2642130e\/wp-content\/uploads\/2026\/03\/Field-Selection.png\" alt=\"Field Selection\"  \/><\/div><p class=\"box-number\">Step - 01<\/p><h3 class=\"box-title\">S\u00e9lection des Champs<br>\n<\/h3><p class=\"box-text\">Nous s\u00e9lectionnons des semences et des plants sains, adapt\u00e9s aux conditions de culture et exempts de tout mat\u00e9riel g\u00e9n\u00e9tiquement modifi\u00e9.<br><\/p><\/div><\/div><div class=\"col-xl-3 col-md-6 process-box-wrap\"><div class=\"process-box\"><div class=\"box-icon\"><img decoding=\"async\" src=\"https:\/\/wordpress.themehour.net\/frutin\/wp-content\/uploads\/2023\/11\/process_box_1.svg\" alt=\"process_box_1\"  \/><\/div><div class=\"box-img\" data-mask-src=\"https:\/\/premier-farms.com\/wp-content\/plugins\/frutin-core\/assets\/img\/process_bg_shape.png\"><img decoding=\"async\" src=\"https:\/\/lpn.sgb.temporary.site\/website_2642130e\/wp-content\/uploads\/2026\/03\/Quality-Harvesting.png\" alt=\"Quality Harvesting\"  \/><\/div><p class=\"box-number\">Step - 02<\/p><h3 class=\"box-title\">R\u00e9colte de Qualit\u00e9<br>\n<\/h3><p class=\"box-text\">Nos fermes sont certifi\u00e9es GLOBAL.G.A.P. et g\u00e9r\u00e9es selon les principes de la gestion int\u00e9gr\u00e9e des cultures (GIC) et des bonnes pratiques agricoles (BPA).<br> <\/p><\/div><\/div><div class=\"col-xl-3 col-md-6 process-box-wrap\"><div class=\"process-box\"><div class=\"box-icon\"><img decoding=\"async\" src=\"https:\/\/wordpress.themehour.net\/frutin\/wp-content\/uploads\/2023\/11\/process_box_2.svg\" alt=\"process_box_2\"  \/><\/div><div class=\"box-img\" data-mask-src=\"https:\/\/premier-farms.com\/wp-content\/plugins\/frutin-core\/assets\/img\/process_bg_shape.png\"><img decoding=\"async\" src=\"https:\/\/lpn.sgb.temporary.site\/website_2642130e\/wp-content\/uploads\/2026\/03\/BRC-Packhouse-Processing.png\" alt=\"BRC Packhouse Processing\"  \/><\/div><p class=\"box-number\">Step - 03<\/p><h3 class=\"box-title\">Traitement en Station de Conditionnement BRC<br>\n<\/h3><p class=\"box-text\">Nos stations de conditionnement certifi\u00e9es BRC appliquent les principes HACCP avec des proc\u00e9dures de contr\u00f4le qualit\u00e9 et d'inspection rigoureuses.<br>\n<\/p><\/div><\/div><div class=\"col-xl-3 col-md-6 process-box-wrap\"><div class=\"process-box\"><div class=\"box-icon\"><img decoding=\"async\" src=\"https:\/\/wordpress.themehour.net\/frutin\/wp-content\/uploads\/2023\/11\/process_box_4.svg\" alt=\"process_box_4\"  \/><\/div><div class=\"box-img\" data-mask-src=\"https:\/\/premier-farms.com\/wp-content\/plugins\/frutin-core\/assets\/img\/process_bg_shape.png\"><img decoding=\"async\" src=\"https:\/\/lpn.sgb.temporary.site\/website_2642130e\/wp-content\/uploads\/2026\/03\/Logistics-Global-Distribution.png\" alt=\"Logistics Global Distribution\"  \/><\/div><p class=\"box-number\">Step - 04<\/p><h3 class=\"box-title\">Logistique et Distribution Mondiale<br>\n<\/h3><p class=\"box-text\">Premier Farms propose des solutions int\u00e9gr\u00e9es pour r\u00e9pondre \u00e0 vos exigences de cha\u00eene d'approvisionnement r\u00e9frig\u00e9r\u00e9e et de produits p\u00e9rissables en porte-\u00e0-porte.<\/p><\/div><\/div><\/div>\t\t\t\t<\/div>\n\t\t\t\t<\/div>\n\t\t\t\t\t<\/div>\n\t\t\t\t<\/div>\n\t\t\t\t<\/div>\n\t\t<div class=\"elementor-element elementor-element-082bf11 background-image counter-sec11 e-flex e-con-boxed elementor-invisible e-con e-parent\" data-id=\"082bf11\" data-element_type=\"container\" data-e-type=\"container\" data-settings=\"{&quot;background_background&quot;:&quot;classic&quot;,&quot;animation&quot;:&quot;slideInUp&quot;}\">\n\t\t\t\t\t<div class=\"e-con-inner\">\n\t\t\t\t<div class=\"elementor-element elementor-element-8e22d34 elementor-widget elementor-widget-frutincounterup\" data-id=\"8e22d34\" data-element_type=\"widget\" data-e-type=\"widget\" data-widget_type=\"frutincounterup.default\">\n\t\t\t\t<div class=\"elementor-widget-container\">\n\t\t\t\t\t<div class=\"counter-card-wrap\"><div class=\"counter-card\"><div class=\"box-icon\"><img decoding=\"async\" src=\"https:\/\/wordpress.themehour.net\/frutin\/wp-content\/uploads\/2023\/10\/counter_card_2.svg\" alt=\"counter_card_2\"  \/><\/div><div class=\"media-body\"><h2 class=\"box-number\"><span class=\"counter-number\">50<\/span>+<\/h2><p class=\"box-text\">Employ\u00e9s<br><\/p><\/div><\/div><div class=\"divider\"><\/div><div class=\"counter-card\"><div class=\"box-icon\"><img decoding=\"async\" src=\"https:\/\/wordpress.themehour.net\/frutin\/wp-content\/uploads\/2023\/10\/counter_card_1.svg\" alt=\"counter_card_1\"  \/><\/div><div class=\"media-body\"><h2 class=\"box-number\"><span class=\"counter-number\">12<\/span>+<\/h2><p class=\"box-text\">Produits Agricoles<br><\/p><\/div><\/div><div class=\"divider\"><\/div><div class=\"counter-card\"><div class=\"box-icon\"><img decoding=\"async\" src=\"https:\/\/wordpress.themehour.net\/frutin\/wp-content\/uploads\/2023\/10\/counter_card_3.svg\" alt=\"counter_card_3\"  \/><\/div><div class=\"media-body\"><h2 class=\"box-number\"><span class=\"counter-number\">100<\/span>%<\/h2><p class=\"box-text\">Clients Satisfaits<br><\/p><\/div><\/div><div class=\"divider\"><\/div><div class=\"counter-card\"><div class=\"box-icon\"><img decoding=\"async\" src=\"https:\/\/wordpress.themehour.net\/frutin\/wp-content\/uploads\/2023\/10\/counter_card_4.svg\" alt=\"counter_card_4\"  \/><\/div><div class=\"media-body\"><h2 class=\"box-number\"><span class=\"counter-number\">20<\/span>+<\/h2><p class=\"box-text\">March\u00e9s Mondiaux<br> <\/p><\/div><\/div><div class=\"divider\"><\/div><\/div>\t\t\t\t<\/div>\n\t\t\t\t<\/div>\n\t\t\t\t\t<\/div>\n\t\t\t\t<\/div>\n\t\t<div class=\"elementor-element elementor-element-79dabf2 e-flex e-con-boxed elementor-invisible e-con e-parent\" data-id=\"79dabf2\" data-element_type=\"container\" data-e-type=\"container\" data-settings=\"{&quot;animation&quot;:&quot;slideInUp&quot;}\">\n\t\t\t\t\t<div class=\"e-con-inner\">\n\t\t<div class=\"elementor-element elementor-element-9d34b11 e-con-full e-flex e-con e-child\" data-id=\"9d34b11\" data-element_type=\"container\" data-e-type=\"container\">\n\t\t\t\t<div class=\"elementor-element elementor-element-30e97da elementor-widget__width-initial elementor-widget elementor-widget-frutinsectiontitle\" data-id=\"30e97da\" data-element_type=\"widget\" data-e-type=\"widget\" data-widget_type=\"frutinsectiontitle.default\">\n\t\t\t\t<div class=\"elementor-widget-container\">\n\t\t\t\t\t\t\t<div class=\"title-area-wrap\">\n\t\t\t<div class=\"title-area mb-32 \">\n\t\t\t\t\t\t\t\t<span class=\"sub-title \">\n\t\t\t\t\t<img decoding=\"async\" src=\"https:\/\/premier-farms.com\/wp-content\/plugins\/frutin-core\/assets\/img\/favicon_32.png\" alt=\"favicon_32\"  \/>Pourquoi nous choisir\t\t\t\t<\/span>\n\t\t\t\t\t\t\t\t<h2 class=\"sec-title\">Qualit\u00e9, int\u00e9grit\u00e9 et excellence mondiale des produits frais <\/h2><p class=\"sec-text \">La garantie de qualit\u00e9 de nos produits frais prend racine d\u00e8s la gestion des cultures. \nNous s\u00e9lectionnons avec exigence les meilleurs fruits issus d\u2019exploitations certifi\u00e9es \nGLOBALG.A.P, cultiv\u00e9es selon une approche agricole responsable int\u00e9grant les principes de <br>gestion int\u00e9gr\u00e9e des cultures (ICM) et les standards internationaux des bonnes pratiques <br>agricoles.\n<\/p>\t\t\t<\/div>\n\t\t<\/div>\n\t\t\n\n\t\t\t\t\t<\/div>\n\t\t\t\t<\/div>\n\t\t\t\t<div class=\"elementor-element elementor-element-a0483e1 elementor-widget elementor-widget-frutinfeatures\" data-id=\"a0483e1\" data-element_type=\"widget\" data-e-type=\"widget\" data-widget_type=\"frutinfeatures.default\">\n\t\t\t\t<div class=\"elementor-widget-container\">\n\t\t\t\t\t<div class=\"choose-feature-area\"><div class=\"row\"><div class=\"col-xl-7\"><div class=\"choose-feature-wrap\"><div class=\"choose-feature\"><div class=\"box-icon\"><img decoding=\"async\" src=\"https:\/\/wordpress.themehour.net\/frutin\/wp-content\/uploads\/2023\/10\/choose_feature_1.svg\" alt=\"choose_feature_1\"  \/><\/div><h3 class=\"box-title\">Qualit\u00e9 certifi\u00e9e\n<\/h3><p class=\"box-text\">Des infrastructures certifi\u00e9es BRC Global Standards et GLOBALG.A.P, garantissant les plus <br>hauts niveaux de s\u00e9curit\u00e9 alimentaire et de conformit\u00e9 internationale. \n<\/p><\/div><div class=\"choose-feature\"><div class=\"box-icon\"><img decoding=\"async\" src=\"https:\/\/wordpress.themehour.net\/frutin\/wp-content\/uploads\/2023\/10\/choose_feature_2.svg\" alt=\"choose_feature_2\"  \/><\/div><h3 class=\"box-title\">Produits 100 % naturels\n<\/h3><p class=\"box-text\">Une s\u00e9lection rigoureuse de fruits et l\u00e9gumes frais premium, issus de fermes soigneusement <br>choisies pour leur excellence.<\/p><\/div><div class=\"choose-feature\"><div class=\"box-icon\"><img decoding=\"async\" src=\"https:\/\/wordpress.themehour.net\/frutin\/wp-content\/uploads\/2023\/10\/choose_feature_3.svg\" alt=\"choose_feature_3\"  \/><\/div><h3 class=\"box-title\">Tra\u00e7abilit\u00e9 totale\n<\/h3><p class=\"box-text\">Une transparence compl\u00e8te tout au long de la cha\u00eene de production, de la graine jusqu\u2019au \nproduit final, assurant une tra\u00e7abilit\u00e9 int\u00e9grale (amont et aval). <br>forward traceability).\n<\/p><\/div><div class=\"choose-feature\"><div class=\"box-icon\"><img decoding=\"async\" src=\"https:\/\/wordpress.themehour.net\/frutin\/wp-content\/uploads\/2023\/10\/choose_feature_4.svg\" alt=\"choose_feature_4\"  \/><\/div><h3 class=\"box-title\">Distribution internationale\n<\/h3><p class=\"box-text\">Une pr\u00e9sence mondiale soutenue par des solutions logistiques de pointe, assurant une <br>livraison fiable et optimale des produits frais.\n<\/p><\/div><\/div><\/div><div class=\"col-xl-5 d-none d-xl-block\"><div class=\"img-box2-wrap\"><div class=\"img-box2\"><div class=\"img1\"><img decoding=\"async\" src=\"https:\/\/lpn.sgb.temporary.site\/website_2642130e\/wp-content\/uploads\/2026\/03\/Aboutus-preimerfarms-2.png\" alt=\"Aboutus preimerfarms 2\"  \/><\/div><div class=\"img2\"><img decoding=\"async\" src=\"https:\/\/wordpress.themehour.net\/frutin\/wp-content\/uploads\/2023\/10\/why_1_2.png\" alt=\"why_1_2\"  \/><\/div><\/div><\/div><\/div><\/div><\/div>\t\t\t\t<\/div>\n\t\t\t\t<\/div>\n\t\t\t\t<\/div>\n\t\t\t\t\t<\/div>\n\t\t\t\t<\/div>\n\t\t<div class=\"elementor-element elementor-element-504e383 e-flex e-con-boxed elementor-invisible e-con e-parent\" data-id=\"504e383\" data-element_type=\"container\" data-e-type=\"container\" data-settings=\"{&quot;animation&quot;:&quot;slideInUp&quot;}\">\n\t\t\t\t\t<div class=\"e-con-inner\">\n\t\t<div class=\"elementor-element elementor-element-6cc8b5f e-con-full e-flex e-con e-child\" data-id=\"6cc8b5f\" data-element_type=\"container\" data-e-type=\"container\">\n\t\t\t\t<div class=\"elementor-element elementor-element-cf762be elementor-widget__width-initial elementor-widget elementor-widget-frutinsectiontitle\" data-id=\"cf762be\" data-element_type=\"widget\" data-e-type=\"widget\" data-widget_type=\"frutinsectiontitle.default\">\n\t\t\t\t<div class=\"elementor-widget-container\">\n\t\t\t\t\t\t\t<div class=\"title-area-wrap\">\n\t\t\t<div class=\"title-area \">\n\t\t\t\t\t\t\t\t<span class=\"sub-title \">\n\t\t\t\t\t<img decoding=\"async\" src=\"https:\/\/premier-farms.com\/wp-content\/plugins\/frutin-core\/assets\/img\/favicon_32.png\" alt=\"favicon_32\"  \/>Membres de l'\u00c9quipe<br>\t\t\t\t<\/span>\n\t\t\t\t\t\t\t\t<h2 class=\"sec-title\">Nous avons une \u00e9quipe formidable ici pour vous aider !<\/h2>\t\t\t<\/div>\n\t\t<\/div>\n\t\t\n\n\t\t\t\t\t<\/div>\n\t\t\t\t<\/div>\n\t\t\t\t<div class=\"elementor-element elementor-element-2e6b971 elementor-widget elementor-widget-frutinteam\" data-id=\"2e6b971\" data-element_type=\"widget\" data-e-type=\"widget\" data-widget_type=\"frutinteam.default\">\n\t\t\t\t<div class=\"elementor-widget-container\">\n\t\t\t\t\t<div class=\"slider-area\"><div class=\"row gy-40 justify-content-center\"><div class=\"col-xl-4 col-md-6\"><div class=\"th-team team-card\"><div class=\"img-wrap\"><div class=\"shape\" data-mask-src=\"https:\/\/premier-farms.com\/wp-content\/plugins\/frutin-core\/assets\/img\/team_card_bg.png\"><\/div><div class=\"team-img\"><img decoding=\"async\" src=\"https:\/\/wordpress.themehour.net\/frutin\/wp-content\/uploads\/2023\/10\/team_1_1.jpg\" alt=\"team_1_1\"  \/><\/div><\/div><div class=\"box-content\"><span class=\"team-desig\">Senior Farmers<\/span><h3 class=\"box-title\"><a href=\"https:\/\/themeholy.com\/wordpress\/frutin\/team-details\">Alhando Robert<\/a><\/h3><div class=\"social-links\"><a  href=\"https:\/\/www.facebook.com\"><i class=\"fab fa-facebook-f\"><\/i><\/a><a  href=\"https:\/\/www.twitter.com\"><i class=\"fab fa-twitter\"><\/i><\/a><a  href=\"https:\/\/www.linkedin.com\"><i class=\"fab fa-linkedin-in\"><\/i><\/a><a  href=\"https:\/\/www.instagram.com\"><i class=\"fab fa-instagram\"><\/i><\/a><\/div><\/div><\/div><\/div><div class=\"col-xl-4 col-md-6\"><div class=\"th-team team-card\"><div class=\"img-wrap\"><div class=\"shape\" data-mask-src=\"https:\/\/premier-farms.com\/wp-content\/plugins\/frutin-core\/assets\/img\/team_card_bg.png\"><\/div><div class=\"team-img\"><img decoding=\"async\" src=\"https:\/\/wordpress.themehour.net\/frutin\/wp-content\/uploads\/2023\/10\/team_1_2.jpg\" alt=\"team_1_2\"  \/><\/div><\/div><div class=\"box-content\"><span class=\"team-desig\">Junior Farmers<\/span><h3 class=\"box-title\"><a href=\"https:\/\/themeholy.com\/wordpress\/frutin\/team-details\">Eliana Bellingham<\/a><\/h3><div class=\"social-links\"><a  href=\"https:\/\/www.facebook.com\"><i class=\"fab fa-facebook-f\"><\/i><\/a><a  href=\"https:\/\/www.twitter.com\"><i class=\"fab fa-twitter\"><\/i><\/a><a  href=\"https:\/\/www.linkedin.com\"><i class=\"fab fa-linkedin-in\"><\/i><\/a><a  href=\"https:\/\/www.instagram.com\"><i class=\"fab fa-instagram\"><\/i><\/a><\/div><\/div><\/div><\/div><div class=\"col-xl-4 col-md-6\"><div class=\"th-team team-card\"><div class=\"img-wrap\"><div class=\"shape\" data-mask-src=\"https:\/\/premier-farms.com\/wp-content\/plugins\/frutin-core\/assets\/img\/team_card_bg.png\"><\/div><div class=\"team-img\"><img decoding=\"async\" src=\"https:\/\/wordpress.themehour.net\/frutin\/wp-content\/uploads\/2023\/10\/team_1_3.jpg\" alt=\"team_1_3\"  \/><\/div><\/div><div class=\"box-content\"><span class=\"team-desig\">Senior Farmers<\/span><h3 class=\"box-title\"><a href=\"https:\/\/themeholy.com\/wordpress\/frutin\/team-details\">Imanuel Macule<\/a><\/h3><div class=\"social-links\"><a  href=\"https:\/\/www.facebook.com\"><i class=\"fab fa-facebook-f\"><\/i><\/a><a  href=\"https:\/\/www.twitter.com\"><i class=\"fab fa-twitter\"><\/i><\/a><a  href=\"https:\/\/www.linkedin.com\"><i class=\"fab fa-linkedin-in\"><\/i><\/a><a  href=\"https:\/\/www.instagram.com\"><i class=\"fab fa-instagram\"><\/i><\/a><\/div><\/div><\/div><\/div><\/div><\/div>\t\t\t\t<\/div>\n\t\t\t\t<\/div>\n\t\t\t\t<\/div>\n\t\t\t\t\t<\/div>\n\t\t\t\t<\/div>\n\t\t<div class=\"elementor-element elementor-element-ecbc5c4 e-flex e-con-boxed elementor-invisible e-con e-parent\" data-id=\"ecbc5c4\" data-element_type=\"container\" data-e-type=\"container\" data-settings=\"{&quot;animation&quot;:&quot;slideInUp&quot;}\">\n\t\t\t\t\t<div class=\"e-con-inner\">\n\t\t<div class=\"elementor-element elementor-element-36cc96e e-con-full e-flex e-con e-child\" data-id=\"36cc96e\" data-element_type=\"container\" data-e-type=\"container\">\n\t\t\t\t<div class=\"elementor-element elementor-element-1dbfd10 elementor-widget elementor-widget-frutinsectiontitle\" data-id=\"1dbfd10\" data-element_type=\"widget\" data-e-type=\"widget\" data-widget_type=\"frutinsectiontitle.default\">\n\t\t\t\t<div class=\"elementor-widget-container\">\n\t\t\t\t\t\t\t<div class=\"title-area-wrap\">\n\t\t\t<div class=\"title-area \">\n\t\t\t\t\t\t\t\t<span class=\"sub-title \">\n\t\t\t\t\t<img decoding=\"async\" src=\"https:\/\/premier-farms.com\/wp-content\/plugins\/frutin-core\/assets\/img\/favicon_32.png\" alt=\"favicon_32\"  \/>Galerie de Certifications<br>\t\t\t\t<\/span>\n\t\t\t\t\t\t\t\t<h3 class=\"sec-title\">Nous sommes heureux de vous inviter \u00e0 rejoindre notre \u00e9quipe professionnelle. Veuillez envoyer votre CV \u00e0 jour \u00e0 : <a href=\"mailto:hr@premier-farms.com\">hr@premier-farms.com<\/a><\/h3>\t\t\t<\/div>\n\t\t<\/div>\n\t\t\n\n\t\t\t\t\t<\/div>\n\t\t\t\t<\/div>\n\t\t\t\t<div class=\"elementor-element elementor-element-94d53d1 elementor-widget elementor-widget-frutinbrandlogo\" data-id=\"94d53d1\" data-element_type=\"widget\" data-e-type=\"widget\" data-widget_type=\"frutinbrandlogo.default\">\n\t\t\t\t<div class=\"elementor-widget-container\">\n\t\t\t\t\t<div class=\"container th-container py-4\">\n            \t<div class=\"swiper th-slider\" id=\"blogSlider1\" data-slider-options='{\"breakpoints\":{\"0\":{\"slidesPerView\":2},\"576\":{\"slidesPerView\":\"2\"},\"768\":{\"slidesPerView\":\"3\"},\"992\":{\"slidesPerView\":\"4\"},\"1200\":{\"slidesPerView\":\"5\"},\"1400\":{\"slidesPerView\":\"6\"}}}'>\n                \t<div class=\"swiper-wrapper\"><div class=\"swiper-slide\"><div class=\"brand-box\"><img decoding=\"async\" src=\"https:\/\/lpn.sgb.temporary.site\/website_2642130e\/wp-content\/uploads\/2026\/03\/BRCGS.png\" alt=\"BRCGS\"  \/><\/div><\/div><div class=\"swiper-slide\"><div class=\"brand-box\"><img decoding=\"async\" src=\"https:\/\/lpn.sgb.temporary.site\/website_2642130e\/wp-content\/uploads\/2026\/03\/global-GAP.png\" alt=\"global GAP\"  \/><\/div><\/div><div class=\"swiper-slide\"><div class=\"brand-box\"><img decoding=\"async\" src=\"https:\/\/lpn.sgb.temporary.site\/website_2642130e\/wp-content\/uploads\/2026\/03\/iso9001.png\" alt=\"iso9001\"  \/><\/div><\/div><div class=\"swiper-slide\"><div class=\"brand-box\"><img decoding=\"async\" src=\"https:\/\/lpn.sgb.temporary.site\/website_2642130e\/wp-content\/uploads\/2026\/03\/iso-22000.png\" alt=\"iso 22000\"  \/><\/div><\/div><\/div><\/div><\/div>\t\t\t\t<\/div>\n\t\t\t\t<\/div>\n\t\t\t\t<\/div>\n\t\t\t\t\t<\/div>\n\t\t\t\t<\/div>\n\t\t\t\t<\/div>\n\t\t","protected":false},"excerpt":{"rendered":"<p>20+ ANNEES D&#8217;EXPERIENCE \u00c0 propos de Premier Farms La Fra\u00eecheur Sans Fronti\u00e8res Chez Premier Farms, nous op\u00e9rons avec une conviction claire : la v\u00e9ritable qualit\u00e9 n&#8217;est jamais le fruit du hasard. Elle est cultiv\u00e9e, contr\u00f4l\u00e9e et pr\u00e9serv\u00e9e \u00e0 chaque \u00e9tape du voyage.Nous sommes un exportateur international de fruits et l\u00e9gumes frais de qualit\u00e9 sup\u00e9rieure, engag\u00e9&#8230;<\/p>\n","protected":false},"author":1,"featured_media":0,"parent":0,"menu_order":0,"comment_status":"closed","ping_status":"closed","template":"template-builder.php","meta":{"_monsterinsights_skip_tracking":false,"_monsterinsights_sitenote_active":false,"_monsterinsights_sitenote_note":"","_monsterinsights_sitenote_category":0,"footnotes":""},"class_list":["post-5115","page","type-page","status-publish","hentry"],"_links":{"self":[{"href":"https:\/\/premier-farms.com\/fr\/wp-json\/wp\/v2\/pages\/5115","targetHints":{"allow":["GET"]}}],"collection":[{"href":"https:\/\/premier-farms.com\/fr\/wp-json\/wp\/v2\/pages"}],"about":[{"href":"https:\/\/premier-farms.com\/fr\/wp-json\/wp\/v2\/types\/page"}],"author":[{"embeddable":true,"href":"https:\/\/premier-farms.com\/fr\/wp-json\/wp\/v2\/users\/1"}],"replies":[{"embeddable":true,"href":"https:\/\/premier-farms.com\/fr\/wp-json\/wp\/v2\/comments?post=5115"}],"version-history":[{"count":11,"href":"https:\/\/premier-farms.com\/fr\/wp-json\/wp\/v2\/pages\/5115\/revisions"}],"predecessor-version":[{"id":5666,"href":"https:\/\/premier-farms.com\/fr\/wp-json\/wp\/v2\/pages\/5115\/revisions\/5666"}],"wp:attachment":[{"href":"https:\/\/premier-farms.com\/fr\/wp-json\/wp\/v2\/media?parent=5115"}],"curies":[{"name":"wp","href":"https:\/\/api.w.org\/{rel}","templated":true}]}}