{"id":5120,"date":"2026-03-15T08:51:21","date_gmt":"2026-03-15T08:51:21","guid":{"rendered":"https:\/\/premier-farms.com\/produits\/"},"modified":"2026-03-30T15:11:40","modified_gmt":"2026-03-30T15:11:40","slug":"produits","status":"publish","type":"page","link":"https:\/\/premier-farms.com\/fr\/produits\/","title":{"rendered":"Produits"},"content":{"rendered":"\t\t<div data-elementor-type=\"wp-page\" data-elementor-id=\"5120\" class=\"elementor elementor-5120 elementor-3652\" data-elementor-post-type=\"page\">\n\t\t\t\t<div class=\"elementor-element elementor-element-f6fa476 e-flex e-con-boxed elementor-invisible e-con e-parent\" data-id=\"f6fa476\" data-element_type=\"container\" data-e-type=\"container\" data-settings=\"{&quot;animation&quot;:&quot;slideInUp&quot;}\">\n\t\t\t\t\t<div class=\"e-con-inner\">\n\t\t<div class=\"elementor-element elementor-element-9b68ed4 e-con-full e-flex e-con e-child\" data-id=\"9b68ed4\" data-element_type=\"container\" data-e-type=\"container\">\n\t\t<div class=\"elementor-element elementor-element-85b0ae6 e-con-full e-flex e-con e-child\" data-id=\"85b0ae6\" data-element_type=\"container\" data-e-type=\"container\">\n\t\t<div class=\"elementor-element elementor-element-9905849 e-con-full e-flex e-con e-child\" data-id=\"9905849\" data-element_type=\"container\" data-e-type=\"container\">\n\t\t\n\t\t<div class=\"elementor-element elementor-element-449e856 elementor-widget elementor-widget-frutinsectiontitle\" data-id=\"449e856\" data-element_type=\"widget\" data-e-type=\"widget\" data-widget_type=\"frutinsectiontitle.default\">\n\t\t\t\t<div class=\"elementor-widget-container\">\n\t\t\t\t\t\t\t<div class=\"title-area-wrap\">\n\t\t\t<div class=\"title-area \">\n\t\t\t\t\t\t\t\t<span class=\"sub-title \">\n\t\t\t\t\t<img decoding=\"async\" src=\"https:\/\/premier-farms.com\/wp-content\/plugins\/frutin-core\/assets\/img\/favicon_32.png\" alt=\"favicon_32\"  \/>Agrumes Frais<br> \t\t\t\t<\/span>\n\t\t\t\t\t\t\t\t<h5 class=\"sec-title\">Notre cycle d'agrumes frais comprend des vari\u00e9t\u00e9s telles que l'orange Navel, l'orange Valencia, le pomelo, les mandarines et le citron. Nos oranges de qualit\u00e9 exportation sont r\u00e9colt\u00e9es \u00e0 pleine maturit\u00e9 pour garantir une teneur en jus optimale et un profil de saveur parfaitement \u00e9quilibr\u00e9. <\/h5>\t\t\t<\/div>\n\t\t<\/div>\n\t\t\n\n\t\t\t\t\t<\/div>\n\t\t\t\t<\/div>\n\t\t\t\t<div class=\"elementor-element elementor-element-6be2bf8 elementor-widget elementor-widget-frutingallery\" data-id=\"6be2bf8\" data-element_type=\"widget\" data-e-type=\"widget\" data-widget_type=\"frutingallery.default\">\n\t\t\t\t<div class=\"elementor-widget-container\">\n\t\t\t\t\t<div class=\"row gy-30\"><div class=\"col-xl-4 col-md-6\"><div class=\"gallery-card style-hover\"><div class=\"box-img\"><img decoding=\"async\" src=\"https:\/\/lpn.sgb.temporary.site\/website_2642130e\/wp-content\/uploads\/2026\/03\/\u0628\u0631\u062a\u0642\u0627\u0644-.png\" alt=\"\u0628\u0631\u062a\u0642\u0627\u0644 \"  \/><a href=\"https:\/\/lpn.sgb.temporary.site\/website_2642130e\/wp-content\/uploads\/2026\/03\/\u0628\u0631\u062a\u0642\u0627\u0644-.png\" class=\"icon-btn style2 popup-image\"><i class=\"far fa-plus\"><\/i><\/a><\/div><div class=\"box-content\"><p class=\"box-subtitle\">Agrumes.<\/p><h3 class=\"box-title\"><a href=\"https:\/\/premier-farms.com\/fr\/oranges-navel\/\">Navel Oranges <\/a><\/h3><\/div><\/div><\/div><div class=\"col-xl-4 col-md-6\"><div class=\"gallery-card style-hover\"><div class=\"box-img\"><img decoding=\"async\" src=\"https:\/\/lpn.sgb.temporary.site\/website_2642130e\/wp-content\/uploads\/2026\/03\/valencia-orange.png\" alt=\"valencia orange\"  \/><a href=\"https:\/\/lpn.sgb.temporary.site\/website_2642130e\/wp-content\/uploads\/2026\/03\/valencia-orange.png\" class=\"icon-btn style2 popup-image\"><i class=\"far fa-plus\"><\/i><\/a><\/div><div class=\"box-content\"><p class=\"box-subtitle\">Agrumes.<\/p><h3 class=\"box-title\"><a href=\"https:\/\/premier-farms.com\/fr\/oranges-valencia\/\">Oranges Valencia<\/a><\/h3><\/div><\/div><\/div><div class=\"col-xl-4 col-md-6\"><div class=\"gallery-card style-hover\"><div class=\"box-img\"><img decoding=\"async\" src=\"https:\/\/lpn.sgb.temporary.site\/website_2642130e\/wp-content\/uploads\/2026\/03\/\u064a\u0648\u0633\u0641\u064a.png\" alt=\"\u064a\u0648\u0633\u0641\u064a\"  \/><a href=\"https:\/\/lpn.sgb.temporary.site\/website_2642130e\/wp-content\/uploads\/2026\/03\/\u064a\u0648\u0633\u0641\u064a.png\" class=\"icon-btn style2 popup-image\"><i class=\"far fa-plus\"><\/i><\/a><\/div><div class=\"box-content\"><p class=\"box-subtitle\">Agrumes.<\/p><h3 class=\"box-title\"><a href=\"https:\/\/premier-farms.com\/fr\/mandarines\/\">Mandarine<\/a><\/h3><\/div><\/div><\/div><div class=\"col-xl-4 col-md-6\"><div class=\"gallery-card style-hover\"><div class=\"box-img\"><img decoding=\"async\" src=\"https:\/\/lpn.sgb.temporary.site\/website_2642130e\/wp-content\/uploads\/2026\/03\/\u062c\u0631\u064a\u0646-\u0641\u0631\u0648\u062a-.png\" alt=\"\u062c\u0631\u064a\u0646 \u0641\u0631\u0648\u062a \"  \/><a href=\"https:\/\/lpn.sgb.temporary.site\/website_2642130e\/wp-content\/uploads\/2026\/03\/\u062c\u0631\u064a\u0646-\u0641\u0631\u0648\u062a-.png\" class=\"icon-btn style2 popup-image\"><i class=\"far fa-plus\"><\/i><\/a><\/div><div class=\"box-content\"><p class=\"box-subtitle\">Agrumes.<\/p><h3 class=\"box-title\"><a href=\"https:\/\/premier-farms.com\/fr\/pomelo\/\">Pomelo<\/a><\/h3><\/div><\/div><\/div><div class=\"col-xl-4 col-md-6\"><div class=\"gallery-card style-hover\"><div class=\"box-img\"><img decoding=\"async\" src=\"https:\/\/lpn.sgb.temporary.site\/website_2642130e\/wp-content\/uploads\/2026\/03\/10.png\" alt=\"10\"  \/><a href=\"https:\/\/lpn.sgb.temporary.site\/website_2642130e\/wp-content\/uploads\/2026\/03\/10.png\" class=\"icon-btn style2 popup-image\"><i class=\"far fa-plus\"><\/i><\/a><\/div><div class=\"box-content\"><p class=\"box-subtitle\">Agrumes.<\/p><h3 class=\"box-title\"><a href=\"https:\/\/premier-farms.com\/fr\/citron-jaune-eureka\/\">Citron<\/a><\/h3><\/div><\/div><\/div><div class=\"col-xl-4 col-md-6\"><div class=\"gallery-card style-hover\"><div class=\"box-img\"><img decoding=\"async\" src=\"https:\/\/lpn.sgb.temporary.site\/website_2642130e\/wp-content\/uploads\/2026\/03\/\u0644\u064a\u0645\u0648\u0646-\u0627\u062e\u0636\u0631.png\" alt=\"\u0644\u064a\u0645\u0648\u0646 \u0627\u062e\u0636\u0631\"  \/><a href=\"https:\/\/lpn.sgb.temporary.site\/website_2642130e\/wp-content\/uploads\/2026\/03\/\u0644\u064a\u0645\u0648\u0646-\u0627\u062e\u0636\u0631.png\" class=\"icon-btn style2 popup-image\"><i class=\"far fa-plus\"><\/i><\/a><\/div><div class=\"box-content\"><p class=\"box-subtitle\">Agrumes.<\/p><h3 class=\"box-title\"><a href=\"#\">Citron vert<\/a><\/h3><\/div><\/div><\/div><\/div>\t\t\t\t<\/div>\n\t\t\t\t<\/div>\n\t\t\t\t<\/div>\n\t\t\t\t<\/div>\n\t\t\t\t<\/div>\n\t\t\t\t\t<\/div>\n\t\t\t\t<\/div>\n\t\t<div class=\"elementor-element elementor-element-5be3d8d e-flex e-con-boxed elementor-invisible e-con e-parent\" data-id=\"5be3d8d\" data-element_type=\"container\" data-e-type=\"container\" data-settings=\"{&quot;animation&quot;:&quot;slideInUp&quot;}\">\n\t\t\t\t\t<div class=\"e-con-inner\">\n\t\t<div class=\"elementor-element elementor-element-aaeb468 e-con-full e-flex e-con e-child\" data-id=\"aaeb468\" data-element_type=\"container\" data-e-type=\"container\">\n\t\t<div class=\"elementor-element elementor-element-ee5cebc e-con-full e-flex e-con e-child\" data-id=\"ee5cebc\" data-element_type=\"container\" data-e-type=\"container\">\n\t\t<div class=\"elementor-element elementor-element-70bc9f5 e-con-full e-flex e-con e-child\" data-id=\"70bc9f5\" data-element_type=\"container\" data-e-type=\"container\">\n\t\t\t\t<div class=\"elementor-element elementor-element-dd11957 elementor-widget elementor-widget-frutinsectiontitle\" data-id=\"dd11957\" data-element_type=\"widget\" data-e-type=\"widget\" data-widget_type=\"frutinsectiontitle.default\">\n\t\t\t\t<div class=\"elementor-widget-container\">\n\t\t\t\t\t\t\t<div class=\"title-area-wrap\">\n\t\t\t<div class=\"title-area \">\n\t\t\t\t\t\t\t\t<span class=\"sub-title \">\n\t\t\t\t\t<img decoding=\"async\" src=\"https:\/\/premier-farms.com\/wp-content\/plugins\/frutin-core\/assets\/img\/favicon_32.png\" alt=\"favicon_32\"  \/>Fruits Frais<br>\t\t\t\t<\/span>\n\t\t\t\t\t\t\t\t<h5 class=\"sec-title\">Des fruits frais de qualit\u00e9 sup\u00e9rieure, soigneusement s\u00e9lectionn\u00e9s pour leur qualit\u00e9, leur fra\u00eecheur et leur saveur naturelle. \u00c9clatants, juteux et nutritifs, ils sont parfaits pour des collations saines, des desserts et une consommation fra\u00eeche. <\/h5>\t\t\t<\/div>\n\t\t<\/div>\n\t\t\n\n\t\t\t\t\t<\/div>\n\t\t\t\t<\/div>\n\t\t\t\t<div class=\"elementor-element elementor-element-2ee7cf7 elementor-widget elementor-widget-frutingallery\" data-id=\"2ee7cf7\" data-element_type=\"widget\" data-e-type=\"widget\" data-widget_type=\"frutingallery.default\">\n\t\t\t\t<div class=\"elementor-widget-container\">\n\t\t\t\t\t<div class=\"row gy-30\"><div class=\"col-xl-4 col-md-6\"><div class=\"gallery-card style-hover\"><div class=\"box-img\"><img decoding=\"async\" src=\"https:\/\/lpn.sgb.temporary.site\/website_2642130e\/wp-content\/uploads\/2026\/03\/\u0639\u0646\u0628-\u0627\u062d\u0645\u0631.png\" alt=\"\u0639\u0646\u0628 \u0627\u062d\u0645\u0631\"  \/><a href=\"https:\/\/lpn.sgb.temporary.site\/website_2642130e\/wp-content\/uploads\/2026\/03\/\u0639\u0646\u0628-\u0627\u062d\u0645\u0631.png\" class=\"icon-btn style2 popup-image\"><i class=\"far fa-plus\"><\/i><\/a><\/div><div class=\"box-content\"><p class=\"box-subtitle\">Fruits Frais<\/p><h3 class=\"box-title\"><a href=\"https:\/\/premier-farms.com\/fr\/raisins-de-table\/\">Raisins de Table<\/a><\/h3><\/div><\/div><\/div><div class=\"col-xl-4 col-md-6\"><div class=\"gallery-card style-hover\"><div class=\"box-img\"><img decoding=\"async\" src=\"https:\/\/lpn.sgb.temporary.site\/website_2642130e\/wp-content\/uploads\/2026\/03\/\u0641\u0631\u0627\u0648\u0644\u0629.png\" alt=\"\u0641\u0631\u0627\u0648\u0644\u0629\"  \/><a href=\"https:\/\/lpn.sgb.temporary.site\/website_2642130e\/wp-content\/uploads\/2026\/03\/\u0641\u0631\u0627\u0648\u0644\u0629.png\" class=\"icon-btn style2 popup-image\"><i class=\"far fa-plus\"><\/i><\/a><\/div><div class=\"box-content\"><p class=\"box-subtitle\">Fruits Frais<\/p><h3 class=\"box-title\"><a href=\"https:\/\/premier-farms.com\/fr\/fraises\/\">Fraise<\/a><\/h3><\/div><\/div><\/div><div class=\"col-xl-4 col-md-6\"><div class=\"gallery-card style-hover\"><div class=\"box-img\"><img decoding=\"async\" src=\"https:\/\/lpn.sgb.temporary.site\/website_2642130e\/wp-content\/uploads\/2026\/03\/\u0631\u0645\u0627\u0646-.png\" alt=\"\u0631\u0645\u0627\u0646 \"  \/><a href=\"https:\/\/lpn.sgb.temporary.site\/website_2642130e\/wp-content\/uploads\/2026\/03\/\u0631\u0645\u0627\u0646-.png\" class=\"icon-btn style2 popup-image\"><i class=\"far fa-plus\"><\/i><\/a><\/div><div class=\"box-content\"><p class=\"box-subtitle\">Fruits Frais<\/p><h3 class=\"box-title\"><a href=\"https:\/\/premier-farms.com\/fr\/grenades\/\">Grenade<\/a><\/h3><\/div><\/div><\/div><div class=\"col-xl-4 col-md-6\"><div class=\"gallery-card style-hover\"><div class=\"box-img\"><img decoding=\"async\" src=\"https:\/\/lpn.sgb.temporary.site\/website_2642130e\/wp-content\/uploads\/2026\/03\/\u0645\u0627\u0646\u062c\u0648.png\" alt=\"\u0645\u0627\u0646\u062c\u0648\"  \/><a href=\"https:\/\/lpn.sgb.temporary.site\/website_2642130e\/wp-content\/uploads\/2026\/03\/\u0645\u0627\u0646\u062c\u0648.png\" class=\"icon-btn style2 popup-image\"><i class=\"far fa-plus\"><\/i><\/a><\/div><div class=\"box-content\"><p class=\"box-subtitle\">Fruits Frais<\/p><h3 class=\"box-title\"><a href=\"https:\/\/premier-farms.com\/fr\/mangue\/\">Mangue<\/a><\/h3><\/div><\/div><\/div><div class=\"col-xl-4 col-md-6\"><div class=\"gallery-card style-hover\"><div class=\"box-img\"><img decoding=\"async\" src=\"https:\/\/lpn.sgb.temporary.site\/website_2642130e\/wp-content\/uploads\/2026\/03\/\u062a\u0648\u062a-\u0628\u0631\u064a.png\" alt=\"\u062a\u0648\u062a \u0628\u0631\u064a\"  \/><a href=\"https:\/\/lpn.sgb.temporary.site\/website_2642130e\/wp-content\/uploads\/2026\/03\/\u062a\u0648\u062a-\u0628\u0631\u064a.png\" class=\"icon-btn style2 popup-image\"><i class=\"far fa-plus\"><\/i><\/a><\/div><div class=\"box-content\"><p class=\"box-subtitle\">Baies Fra\u00eeches<\/p><h3 class=\"box-title\"><a href=\"#\">Framboise<\/a><\/h3><\/div><\/div><\/div><div class=\"col-xl-4 col-md-6\"><div class=\"gallery-card style-hover\"><div class=\"box-img\"><img decoding=\"async\" src=\"https:\/\/lpn.sgb.temporary.site\/website_2642130e\/wp-content\/uploads\/2026\/03\/\u062a\u0648\u062a-1-1.png\" alt=\"\u062a\u0648\u062a 1 1\"  \/><a href=\"https:\/\/lpn.sgb.temporary.site\/website_2642130e\/wp-content\/uploads\/2026\/03\/\u062a\u0648\u062a-1-1.png\" class=\"icon-btn style2 popup-image\"><i class=\"far fa-plus\"><\/i><\/a><\/div><div class=\"box-content\"><p class=\"box-subtitle\">Baies Fra\u00eeches <\/p><h3 class=\"box-title\"><a href=\"#\">Blueberry<\/a><\/h3><\/div><\/div><\/div><div class=\"col-xl-4 col-md-6\"><div class=\"gallery-card style-hover\"><div class=\"box-img\"><img decoding=\"async\" src=\"https:\/\/lpn.sgb.temporary.site\/website_2642130e\/wp-content\/uploads\/2026\/03\/\u062a\u0648\u062a-\u0627\u0633\u0648\u062f.png\" alt=\"\u062a\u0648\u062a \u0627\u0633\u0648\u062f\"  \/><a href=\"https:\/\/lpn.sgb.temporary.site\/website_2642130e\/wp-content\/uploads\/2026\/03\/\u062a\u0648\u062a-\u0627\u0633\u0648\u062f.png\" class=\"icon-btn style2 popup-image\"><i class=\"far fa-plus\"><\/i><\/a><\/div><div class=\"box-content\"><p class=\"box-subtitle\">Baies Fra\u00eeches <\/p><h3 class=\"box-title\"><a href=\"#\">M\u00fbre<\/a><\/h3><\/div><\/div><\/div><\/div>\t\t\t\t<\/div>\n\t\t\t\t<\/div>\n\t\t\t\t<\/div>\n\t\t\t\t<\/div>\n\t\t\t\t<\/div>\n\t\t\t\t\t<\/div>\n\t\t\t\t<\/div>\n\t\t<div class=\"elementor-element elementor-element-9733ba8 e-flex e-con-boxed elementor-invisible e-con e-parent\" data-id=\"9733ba8\" data-element_type=\"container\" data-e-type=\"container\" data-settings=\"{&quot;animation&quot;:&quot;slideInUp&quot;}\">\n\t\t\t\t\t<div class=\"e-con-inner\">\n\t\t<div class=\"elementor-element elementor-element-ad7d49f e-con-full e-flex e-con e-child\" data-id=\"ad7d49f\" data-element_type=\"container\" data-e-type=\"container\">\n\t\t<div class=\"elementor-element elementor-element-40a4bba e-con-full e-flex e-con e-child\" data-id=\"40a4bba\" data-element_type=\"container\" data-e-type=\"container\">\n\t\t<div class=\"elementor-element elementor-element-4dc3438 e-con-full e-flex e-con e-child\" data-id=\"4dc3438\" data-element_type=\"container\" data-e-type=\"container\">\n\t\t\t\t<div class=\"elementor-element elementor-element-bb1cf16 elementor-widget elementor-widget-frutinsectiontitle\" data-id=\"bb1cf16\" data-element_type=\"widget\" data-e-type=\"widget\" data-widget_type=\"frutinsectiontitle.default\">\n\t\t\t\t<div class=\"elementor-widget-container\">\n\t\t\t\t\t\t\t<div class=\"title-area-wrap\">\n\t\t\t<div class=\"title-area \">\n\t\t\t\t\t\t\t\t<span class=\"sub-title \">\n\t\t\t\t\t<img decoding=\"async\" src=\"https:\/\/premier-farms.com\/wp-content\/plugins\/frutin-core\/assets\/img\/favicon_32.png\" alt=\"favicon_32\"  \/>L\u00e9gumes Frais<br>\t\t\t\t<\/span>\n\t\t\t\t\t\t\t\t<h5 class=\"sec-title\">L\u00e9gumes Frais<br>\n\nL\u00e9gumes frais de qualit\u00e9 sup\u00e9rieure, soigneusement s\u00e9lectionn\u00e9s pour leur qualit\u00e9, leur fra\u00eecheur et leur go\u00fbt naturel. Croquants, nutritifs et savoureux, ils sont id\u00e9aux pour des repas sains, la cuisine et les salades. <\/h5>\t\t\t<\/div>\n\t\t<\/div>\n\t\t\n\n\t\t\t\t\t<\/div>\n\t\t\t\t<\/div>\n\t\t\t\t<div class=\"elementor-element elementor-element-33ec238 elementor-widget elementor-widget-frutingallery\" data-id=\"33ec238\" data-element_type=\"widget\" data-e-type=\"widget\" data-widget_type=\"frutingallery.default\">\n\t\t\t\t<div class=\"elementor-widget-container\">\n\t\t\t\t\t<div class=\"row gy-30\"><div class=\"col-xl-4 col-md-6\"><div class=\"gallery-card style-hover\"><div class=\"box-img\"><img decoding=\"async\" src=\"https:\/\/lpn.sgb.temporary.site\/website_2642130e\/wp-content\/uploads\/2026\/03\/\u062b\u0648\u0645.png\" alt=\"\u062b\u0648\u0645\"  \/><a href=\"https:\/\/lpn.sgb.temporary.site\/website_2642130e\/wp-content\/uploads\/2026\/03\/\u062b\u0648\u0645.png\" class=\"icon-btn style2 popup-image\"><i class=\"far fa-plus\"><\/i><\/a><\/div><div class=\"box-content\"><p class=\"box-subtitle\">L\u00e9gumes Frais<\/p><h3 class=\"box-title\"><a href=\"https:\/\/premier-farms.com\/fr\/ail\/\">Ail Frais et Sec<\/a><\/h3><\/div><\/div><\/div><div class=\"col-xl-4 col-md-6\"><div class=\"gallery-card style-hover\"><div class=\"box-img\"><img decoding=\"async\" src=\"https:\/\/lpn.sgb.temporary.site\/website_2642130e\/wp-content\/uploads\/2026\/03\/\u0628\u0637\u0627\u0637\u0633.png\" alt=\"\u0628\u0637\u0627\u0637\u0633\"  \/><a href=\"https:\/\/lpn.sgb.temporary.site\/website_2642130e\/wp-content\/uploads\/2026\/03\/\u0628\u0637\u0627\u0637\u0633.png\" class=\"icon-btn style2 popup-image\"><i class=\"far fa-plus\"><\/i><\/a><\/div><div class=\"box-content\"><p class=\"box-subtitle\">L\u00e9gumes Frais<\/p><h3 class=\"box-title\"><a href=\"https:\/\/premier-farms.com\/fr\/pommes-de-terre\/\">Pommes de Terre Fra\u00eeches<\/a><\/h3><\/div><\/div><\/div><div class=\"col-xl-4 col-md-6\"><div class=\"gallery-card style-hover\"><div class=\"box-img\"><img decoding=\"async\" src=\"https:\/\/lpn.sgb.temporary.site\/website_2642130e\/wp-content\/uploads\/2026\/03\/\u0628\u0637\u0627\u0637\u0627.png\" alt=\"\u0628\u0637\u0627\u0637\u0627\"  \/><a href=\"https:\/\/lpn.sgb.temporary.site\/website_2642130e\/wp-content\/uploads\/2026\/03\/\u0628\u0637\u0627\u0637\u0627.png\" class=\"icon-btn style2 popup-image\"><i class=\"far fa-plus\"><\/i><\/a><\/div><div class=\"box-content\"><p class=\"box-subtitle\">L\u00e9gumes Frais<\/p><h3 class=\"box-title\"><a href=\"https:\/\/premier-farms.com\/fr\/patate-douce\/\">Patate Douce<\/a><\/h3><\/div><\/div><\/div><div class=\"col-xl-4 col-md-6\"><div class=\"gallery-card style-hover\"><div class=\"box-img\"><img decoding=\"async\" src=\"https:\/\/lpn.sgb.temporary.site\/website_2642130e\/wp-content\/uploads\/2026\/03\/\u0628\u0635\u0644.png\" alt=\"\u0628\u0635\u0644\"  \/><a href=\"https:\/\/lpn.sgb.temporary.site\/website_2642130e\/wp-content\/uploads\/2026\/03\/\u0628\u0635\u0644.png\" class=\"icon-btn style2 popup-image\"><i class=\"far fa-plus\"><\/i><\/a><\/div><div class=\"box-content\"><p class=\"box-subtitle\">L\u00e9gumes Frais<\/p><h3 class=\"box-title\"><a href=\"https:\/\/premier-farms.com\/fr\/oignons\/\">Oignons Rouges<\/a><\/h3><\/div><\/div><\/div><div class=\"col-xl-4 col-md-6\"><div class=\"gallery-card style-hover\"><div class=\"box-img\"><img decoding=\"async\" src=\"https:\/\/lpn.sgb.temporary.site\/website_2642130e\/wp-content\/uploads\/2026\/03\/\u062c\u0632\u0631.png\" alt=\"\u062c\u0632\u0631\"  \/><a href=\"https:\/\/lpn.sgb.temporary.site\/website_2642130e\/wp-content\/uploads\/2026\/03\/\u062c\u0632\u0631.png\" class=\"icon-btn style2 popup-image\"><i class=\"far fa-plus\"><\/i><\/a><\/div><div class=\"box-content\"><p class=\"box-subtitle\">L\u00e9gumes Frais<\/p><h3 class=\"box-title\"><a href=\"https:\/\/premier-farms.com\/fr\/carottes\/\">Carottes Fra\u00eeches<\/a><\/h3><\/div><\/div><\/div><\/div>\t\t\t\t<\/div>\n\t\t\t\t<\/div>\n\t\t\t\t<\/div>\n\t\t\t\t<\/div>\n\t\t\t\t<\/div>\n\t\t\t\t\t<\/div>\n\t\t\t\t<\/div>\n\t\t<div class=\"elementor-element elementor-element-9f78826 e-flex e-con-boxed e-con e-parent\" data-id=\"9f78826\" data-element_type=\"container\" data-e-type=\"container\">\n\t\t\t\t\t<div class=\"e-con-inner\">\n\t\t<div class=\"elementor-element elementor-element-aeb8d2b e-con-full e-flex e-con e-child\" data-id=\"aeb8d2b\" data-element_type=\"container\" data-e-type=\"container\">\n\t\t<div class=\"elementor-element elementor-element-7687437 e-con-full e-flex e-con e-child\" data-id=\"7687437\" data-element_type=\"container\" data-e-type=\"container\">\n\t\t<div class=\"elementor-element elementor-element-b394661 e-con-full e-flex e-con e-child\" data-id=\"b394661\" data-element_type=\"container\" data-e-type=\"container\">\n\t\t\t\t<div class=\"elementor-element elementor-element-8e90e86 elementor-widget elementor-widget-frutinsectiontitle\" data-id=\"8e90e86\" data-element_type=\"widget\" data-e-type=\"widget\" data-widget_type=\"frutinsectiontitle.default\">\n\t\t\t\t<div class=\"elementor-widget-container\">\n\t\t\t\t\t\t\t<div class=\"title-area-wrap\">\n\t\t\t<div class=\"title-area \">\n\t\t\t\t\t\t\t\t<span class=\"sub-title \">\n\t\t\t\t\t<img decoding=\"async\" src=\"https:\/\/premier-farms.com\/wp-content\/plugins\/frutin-core\/assets\/img\/favicon_32.png\" alt=\"favicon_32\"  \/>L\u00e9gumineuses \/ Semences<br>\t\t\t\t<\/span>\n\t\t\t\t\t\t\t\t<h5 class=\"sec-title\">Semences de haute qualit\u00e9 soigneusement s\u00e9lectionn\u00e9es pour leur puret\u00e9, leur viabilit\u00e9 et leur croissance optimale. Id\u00e9ales pour la plantation, la culture et la production de r\u00e9coltes saines \u00e0 haut rendement. <\/h5>\t\t\t<\/div>\n\t\t<\/div>\n\t\t\n\n\t\t\t\t\t<\/div>\n\t\t\t\t<\/div>\n\t\t\t\t<div class=\"elementor-element elementor-element-96e6908 elementor-widget elementor-widget-frutingallery\" data-id=\"96e6908\" data-element_type=\"widget\" data-e-type=\"widget\" data-widget_type=\"frutingallery.default\">\n\t\t\t\t<div class=\"elementor-widget-container\">\n\t\t\t\t\t<div class=\"row gy-30\"><div class=\"col-xl-4 col-md-6\"><div class=\"gallery-card style-hover\"><div class=\"box-img\"><img decoding=\"async\" src=\"https:\/\/lpn.sgb.temporary.site\/website_2642130e\/wp-content\/uploads\/2026\/03\/\u0633\u0645\u0633\u0645.png\" alt=\"\u0633\u0645\u0633\u0645\"  \/><a href=\"https:\/\/lpn.sgb.temporary.site\/website_2642130e\/wp-content\/uploads\/2026\/03\/\u0633\u0645\u0633\u0645.png\" class=\"icon-btn style2 popup-image\"><i class=\"far fa-plus\"><\/i><\/a><\/div><div class=\"box-content\"><p class=\"box-subtitle\">L\u00e9gumineuses \/ Semences<\/p><h3 class=\"box-title\"><a href=\"https:\/\/premier-farms.com\/fr\/sesame\/\">S\u00e9same<\/a><\/h3><\/div><\/div><\/div><div class=\"col-xl-4 col-md-6\"><div class=\"gallery-card style-hover\"><div class=\"box-img\"><img decoding=\"async\" src=\"https:\/\/lpn.sgb.temporary.site\/website_2642130e\/wp-content\/uploads\/2026\/03\/\u0641\u0627\u0635\u0648\u0644\u064a\u0627-\u0628\u064a\u0636\u0627\u0621.png\" alt=\"\u0641\u0627\u0635\u0648\u0644\u064a\u0627 \u0628\u064a\u0636\u0627\u0621\"  \/><a href=\"https:\/\/lpn.sgb.temporary.site\/website_2642130e\/wp-content\/uploads\/2026\/03\/\u0641\u0627\u0635\u0648\u0644\u064a\u0627-\u0628\u064a\u0636\u0627\u0621.png\" class=\"icon-btn style2 popup-image\"><i class=\"far fa-plus\"><\/i><\/a><\/div><div class=\"box-content\"><p class=\"box-subtitle\">L\u00e9gumineuses \/ Semences<br><\/p><h3 class=\"box-title\"><a href=\"https:\/\/premier-farms.com\/fr\/haricots-lingots\/\">Haricots Blancs<\/a><\/h3><\/div><\/div><\/div><\/div>\t\t\t\t<\/div>\n\t\t\t\t<\/div>\n\t\t\t\t<\/div>\n\t\t\t\t<\/div>\n\t\t\t\t<\/div>\n\t\t\t\t\t<\/div>\n\t\t\t\t<\/div>\n\t\t\t\t<\/div>\n\t\t","protected":false},"excerpt":{"rendered":"<p>Agrumes Frais Notre cycle d&#8217;agrumes frais comprend des vari\u00e9t\u00e9s telles que l&#8217;orange Navel, l&#8217;orange Valencia, le pomelo, les mandarines et le citron. Nos oranges de qualit\u00e9 exportation sont r\u00e9colt\u00e9es \u00e0 pleine maturit\u00e9 pour garantir une teneur en jus optimale et un profil de saveur parfaitement \u00e9quilibr\u00e9. Agrumes. Navel Oranges Agrumes. Oranges Valencia Agrumes. Mandarine Agrumes&#8230;.<\/p>\n","protected":false},"author":1,"featured_media":0,"parent":0,"menu_order":0,"comment_status":"closed","ping_status":"closed","template":"template-builder.php","meta":{"_monsterinsights_skip_tracking":false,"_monsterinsights_sitenote_active":false,"_monsterinsights_sitenote_note":"","_monsterinsights_sitenote_category":0,"footnotes":""},"class_list":["post-5120","page","type-page","status-publish","hentry"],"_links":{"self":[{"href":"https:\/\/premier-farms.com\/fr\/wp-json\/wp\/v2\/pages\/5120","targetHints":{"allow":["GET"]}}],"collection":[{"href":"https:\/\/premier-farms.com\/fr\/wp-json\/wp\/v2\/pages"}],"about":[{"href":"https:\/\/premier-farms.com\/fr\/wp-json\/wp\/v2\/types\/page"}],"author":[{"embeddable":true,"href":"https:\/\/premier-farms.com\/fr\/wp-json\/wp\/v2\/users\/1"}],"replies":[{"embeddable":true,"href":"https:\/\/premier-farms.com\/fr\/wp-json\/wp\/v2\/comments?post=5120"}],"version-history":[{"count":16,"href":"https:\/\/premier-farms.com\/fr\/wp-json\/wp\/v2\/pages\/5120\/revisions"}],"predecessor-version":[{"id":5244,"href":"https:\/\/premier-farms.com\/fr\/wp-json\/wp\/v2\/pages\/5120\/revisions\/5244"}],"wp:attachment":[{"href":"https:\/\/premier-farms.com\/fr\/wp-json\/wp\/v2\/media?parent=5120"}],"curies":[{"name":"wp","href":"https:\/\/api.w.org\/{rel}","templated":true}]}}