{"id":5133,"date":"2026-03-15T12:40:42","date_gmt":"2026-03-15T12:40:42","guid":{"rendered":"https:\/\/premier-farms.com\/securite-alimentaire\/"},"modified":"2026-03-30T15:24:47","modified_gmt":"2026-03-30T15:24:47","slug":"securite-alimentaire","status":"publish","type":"page","link":"https:\/\/premier-farms.com\/fr\/securite-alimentaire\/","title":{"rendered":"S\u00e9curit\u00e9 Alimentaire"},"content":{"rendered":"\t\t<div data-elementor-type=\"wp-page\" data-elementor-id=\"5133\" class=\"elementor elementor-5133 elementor-3914\" data-elementor-post-type=\"page\">\n\t\t\t\t<div class=\"elementor-element elementor-element-f511dbd e-flex e-con-boxed elementor-invisible e-con e-parent\" data-id=\"f511dbd\" data-element_type=\"container\" data-e-type=\"container\" data-settings=\"{&quot;animation&quot;:&quot;slideInUp&quot;}\">\n\t\t\t\t\t<div class=\"e-con-inner\">\n\t\t<div class=\"elementor-element elementor-element-883f11f e-con-full e-flex e-con e-child\" data-id=\"883f11f\" data-element_type=\"container\" data-e-type=\"container\">\n\t\t<div class=\"elementor-element elementor-element-ac72726 e-con-full e-flex e-con e-child\" data-id=\"ac72726\" data-element_type=\"container\" data-e-type=\"container\">\n\t\t\n\t\t<div class=\"elementor-element elementor-element-7f54dc9 elementor-widget elementor-widget-frutinimage\" data-id=\"7f54dc9\" data-element_type=\"widget\" data-e-type=\"widget\" data-widget_type=\"frutinimage.default\">\n\t\t\t\t<div class=\"elementor-widget-container\">\n\t\t\t\t\t<div class=\"img-box1\"><div class=\"img1\"><img decoding=\"async\" src=\"https:\/\/lpn.sgb.temporary.site\/website_2642130e\/wp-content\/uploads\/2026\/03\/Untitled-1.png\" alt=\"Untitled 1\"  \/><\/div><div class=\"img2\"><img decoding=\"async\" src=\"https:\/\/lpn.sgb.temporary.site\/website_2642130e\/wp-content\/uploads\/2026\/03\/QUALITY-CERTIFICATION.png\" alt=\"QUALITY CERTIFICATION\"  \/><\/div><div class=\"shape1 movingX\"><img decoding=\"async\" src=\"https:\/\/wordpress.themehour.net\/frutin\/wp-content\/uploads\/2023\/10\/about_1_3.png\" alt=\"about_1_3\"  \/><\/div><div class=\"year-counter\"><div class=\"year-counter_number\"><span class=\"counter-number\">20<\/span>+<\/div><p class=\"year-counter_text\">ANNEES D'EXPERIENCE<\/p><\/div><\/div>\t\t\t\t<\/div>\n\t\t\t\t<\/div>\n\t\t\t\t<\/div>\n\t\t<div class=\"elementor-element elementor-element-2bf3094 e-con-full ps-xxl-5 ps-xl-2 ms-xl-1 text-center text-xl-start e-flex e-con e-child\" data-id=\"2bf3094\" data-element_type=\"container\" data-e-type=\"container\">\n\t\t\t\t<div class=\"elementor-element elementor-element-0d09c4b elementor-widget elementor-widget-frutinsectiontitle\" data-id=\"0d09c4b\" data-element_type=\"widget\" data-e-type=\"widget\" data-widget_type=\"frutinsectiontitle.default\">\n\t\t\t\t<div class=\"elementor-widget-container\">\n\t\t\t\t\t\t\t<div class=\"title-area-wrap\">\n\t\t\t<div class=\"title-area mb-32 \">\n\t\t\t\t\t\t\t\t<span class=\"sub-title \">\n\t\t\t\t\t<img decoding=\"async\" src=\"https:\/\/premier-farms.com\/wp-content\/plugins\/frutin-core\/assets\/img\/favicon_32.png\" alt=\"favicon_32\"  \/>CERTIFICATION DE QUALIT\u00c9<br>\t\t\t\t<\/span>\n\t\t\t\t\t\t\t\t<h2 class=\"sec-title\">Notre engagement envers la qualit\u00e9<br><\/h2><p class=\"sec-text \">Tous nos fruits et l\u00e9gumes frais proviennent d'exploitations agricoles conformes aux normes mondiales de bonnes pratiques agricoles (Global G.A.P) et sont conditionn\u00e9s dans des stations de emballage respectant les normes de fabrication mondiales BRC (Certificat de Bonnes Pratiques de Fabrication) et les normes ISO 22000.<br>L'assurance qualit\u00e9 de nos produits frais commence d\u00e8s la gestion des champs : nous s\u00e9lectionnons les fruits de la plus haute qualit\u00e9 issus de parcelles certifi\u00e9es GLOBALG.A.P. et g\u00e9r\u00e9es selon les principes de la lutte int\u00e9gr\u00e9e (ICM) et des bonnes pratiques agricoles (GAP). Cela comprend \u00e9galement l'utilisation de techniques de lutte int\u00e9gr\u00e9e contre les parasites (IPM) afin de rationaliser l'usage des produits phytosanitaires.<\/p>\t\t\t<\/div>\n\t\t<\/div>\n\t\t\n\n\t\t\t\t\t<\/div>\n\t\t\t\t<\/div>\n\t\t\t\t<div class=\"elementor-element elementor-element-1214ded elementor-widget elementor-widget-frutinbutton\" data-id=\"1214ded\" data-element_type=\"widget\" data-e-type=\"widget\" data-widget_type=\"frutinbutton.default\">\n\t\t\t\t<div class=\"elementor-widget-container\">\n\t\t\t\t\t<div class=\"btn-wrapper\"><a class=\"th-btn \" href=\"https:\/\/premier-farms.com\/fr\/contactez-nous\/\">Contactez-nous<\/a><\/div>\t\t\t\t<\/div>\n\t\t\t\t<\/div>\n\t\t\t\t<\/div>\n\t\t\t\t<\/div>\n\t\t\t\t\t<\/div>\n\t\t\t\t<\/div>\n\t\t<div class=\"elementor-element elementor-element-4bcd0a2 e-flex e-con-boxed elementor-invisible e-con e-parent\" data-id=\"4bcd0a2\" data-element_type=\"container\" data-e-type=\"container\" data-settings=\"{&quot;animation&quot;:&quot;slideInUp&quot;}\">\n\t\t\t\t\t<div class=\"e-con-inner\">\n\t\t<div class=\"elementor-element elementor-element-c66ddc9 e-con-full e-flex e-con e-child\" data-id=\"c66ddc9\" data-element_type=\"container\" data-e-type=\"container\">\n\t\t<div class=\"elementor-element elementor-element-b26c9e3 e-con-full e-flex e-con e-child\" data-id=\"b26c9e3\" data-element_type=\"container\" data-e-type=\"container\">\n\t\t\t\t<div class=\"elementor-element elementor-element-1d5b496 elementor-widget__width-initial elementor-widget elementor-widget-frutinsectiontitle\" data-id=\"1d5b496\" data-element_type=\"widget\" data-e-type=\"widget\" data-widget_type=\"frutinsectiontitle.default\">\n\t\t\t\t<div class=\"elementor-widget-container\">\n\t\t\t\t\t\t\t<div class=\"title-area-wrap\">\n\t\t\t<div class=\"title-area mb-32 \">\n\t\t\t\t\t\t\t\t<span class=\"sub-title \">\n\t\t\t\t\t<img decoding=\"async\" src=\"https:\/\/premier-farms.com\/wp-content\/plugins\/frutin-core\/assets\/img\/favicon_32.png\" alt=\"favicon_32\"  \/>GESTION DES PESTICIDES<br> \t\t\t\t<\/span>\n\t\t\t\t\t\t\t\t<h2 class=\"sec-title\">Pratiques Agricoles S\u00fbres<br><\/h2><p class=\"sec-text \">La mission principale de Premier Farms est de fournir \u00e0 nos diff\u00e9rents clients des fruits et l\u00e9gumes frais conformes aux derni\u00e8res l\u00e9gislations europ\u00e9ennes sur les pesticides, en restant syst\u00e9matiquement en de\u00e7\u00e0 des Limites Maximales de R\u00e9sidus (LMR) europ\u00e9ennes.<br> Nous assurons une gestion compl\u00e8te des pesticides pour tous nos produits gr\u00e2ce \u00e0 un syst\u00e8me de lutte int\u00e9gr\u00e9e (IPM). Cette approche vise \u00e0 limiter, minimiser et rationaliser l'utilisation de compos\u00e9s chimiques dans tous nos fruits et l\u00e9gumes frais, afin qu'ils soient quasiment exempts de r\u00e9sidus de pesticides. <\/p>\t\t\t<\/div>\n\t\t<\/div>\n\t\t\n\n\t\t\t\t\t<\/div>\n\t\t\t\t<\/div>\n\t\t\t\t<div class=\"elementor-element elementor-element-6744c80 elementor-widget elementor-widget-frutinfeatures\" data-id=\"6744c80\" data-element_type=\"widget\" data-e-type=\"widget\" data-widget_type=\"frutinfeatures.default\">\n\t\t\t\t<div class=\"elementor-widget-container\">\n\t\t\t\t\t<div class=\"choose-feature-area\"><div class=\"row\"><div class=\"col-xl-7\"><div class=\"choose-feature-wrap\"><div class=\"choose-feature\"><div class=\"box-icon\"><img decoding=\"async\" src=\"https:\/\/wordpress.themehour.net\/frutin\/wp-content\/uploads\/2023\/10\/choose_feature_1.svg\" alt=\"choose_feature_1\"  \/><\/div><h3 class=\"box-title\">Qualit\u00e9 certifi\u00e9e\n<\/h3><p class=\"box-text\">Installations certifi\u00e9es aux normes mondiales BRC et GLOBALG.A. P. garantissant les normes de s\u00e9curit\u00e9 alimentaire les plus \u00e9lev\u00e9es.\n<\/p><\/div><div class=\"choose-feature\"><div class=\"box-icon\"><img decoding=\"async\" src=\"https:\/\/wordpress.themehour.net\/frutin\/wp-content\/uploads\/2023\/10\/choose_feature_2.svg\" alt=\"choose_feature_2\"  \/><\/div><h3 class=\"box-title\">Produits 100 % naturels\n<\/h3><p class=\"box-text\">Une s\u00e9lection rigoureuse de fruits et l\u00e9gumes frais premium, issus de fermes soigneusement <br>choisies pour leur excellence.<\/p><\/div><div class=\"choose-feature\"><div class=\"box-icon\"><img decoding=\"async\" src=\"https:\/\/wordpress.themehour.net\/frutin\/wp-content\/uploads\/2023\/10\/choose_feature_3.svg\" alt=\"choose_feature_3\"  \/><\/div><h3 class=\"box-title\">Tra\u00e7abilit\u00e9 totale\n<\/h3><p class=\"box-text\">Une transparence compl\u00e8te tout au long de la cha\u00eene de production, de la graine jusqu\u2019au \nproduit final, assurant une tra\u00e7abilit\u00e9 int\u00e9grale (amont et aval). <br>forward traceability).\n<\/p><\/div><div class=\"choose-feature\"><div class=\"box-icon\"><img decoding=\"async\" src=\"https:\/\/wordpress.themehour.net\/frutin\/wp-content\/uploads\/2023\/10\/choose_feature_4.svg\" alt=\"choose_feature_4\"  \/><\/div><h3 class=\"box-title\">Distribution internationale\n<\/h3><p class=\"box-text\">Une pr\u00e9sence mondiale soutenue par des solutions logistiques de pointe, assurant une <br>livraison fiable et optimale des produits frais.\n<\/p><\/div><\/div><\/div><div class=\"col-xl-5 d-none d-xl-block\"><div class=\"img-box2-wrap\"><div class=\"img-box2\"><div class=\"img1\"><img decoding=\"async\" src=\"https:\/\/lpn.sgb.temporary.site\/website_2642130e\/wp-content\/uploads\/2026\/03\/PESTICIDE-MANAGMENT.png\" alt=\"PESTICIDE MANAGMENT\"  \/><\/div><\/div><\/div><\/div><\/div><\/div>\t\t\t\t<\/div>\n\t\t\t\t<\/div>\n\t\t\t\t<\/div>\n\t\t\t\t<\/div>\n\t\t\t\t\t<\/div>\n\t\t\t\t<\/div>\n\t\t<div class=\"elementor-element elementor-element-cdea69e e-con-full e-flex elementor-invisible e-con e-parent\" data-id=\"cdea69e\" data-element_type=\"container\" data-e-type=\"container\" data-settings=\"{&quot;animation&quot;:&quot;slideInUp&quot;}\">\n\t\t<div class=\"elementor-element elementor-element-f5ab426 background-image counter-sec11 e-flex e-con-boxed e-con e-child\" data-id=\"f5ab426\" data-element_type=\"container\" data-e-type=\"container\" data-settings=\"{&quot;background_background&quot;:&quot;classic&quot;}\">\n\t\t\t\t\t<div class=\"e-con-inner\">\n\t\t\t\t<div class=\"elementor-element elementor-element-8be0446 elementor-widget elementor-widget-frutincounterup\" data-id=\"8be0446\" data-element_type=\"widget\" data-e-type=\"widget\" data-widget_type=\"frutincounterup.default\">\n\t\t\t\t<div class=\"elementor-widget-container\">\n\t\t\t\t\t<div class=\"counter-card-wrap\"><div class=\"counter-card\"><div class=\"box-icon\"><img decoding=\"async\" src=\"https:\/\/wordpress.themehour.net\/frutin\/wp-content\/uploads\/2023\/10\/counter_card_2.svg\" alt=\"counter_card_2\"  \/><\/div><div class=\"media-body\"><h2 class=\"box-number\"><span class=\"counter-number\">50<\/span>+<\/h2><p class=\"box-text\">Employ\u00e9s<br><\/p><\/div><\/div><div class=\"divider\"><\/div><div class=\"counter-card\"><div class=\"box-icon\"><img decoding=\"async\" src=\"https:\/\/wordpress.themehour.net\/frutin\/wp-content\/uploads\/2023\/10\/counter_card_1.svg\" alt=\"counter_card_1\"  \/><\/div><div class=\"media-body\"><h2 class=\"box-number\"><span class=\"counter-number\">12<\/span>+<\/h2><p class=\"box-text\">Produits Agricoles<br><\/p><\/div><\/div><div class=\"divider\"><\/div><div class=\"counter-card\"><div class=\"box-icon\"><img decoding=\"async\" src=\"https:\/\/wordpress.themehour.net\/frutin\/wp-content\/uploads\/2023\/10\/counter_card_3.svg\" alt=\"counter_card_3\"  \/><\/div><div class=\"media-body\"><h2 class=\"box-number\"><span class=\"counter-number\">100<\/span>%<\/h2><p class=\"box-text\">Clients Satisfaits<br><\/p><\/div><\/div><div class=\"divider\"><\/div><div class=\"counter-card\"><div class=\"box-icon\"><img decoding=\"async\" src=\"https:\/\/wordpress.themehour.net\/frutin\/wp-content\/uploads\/2023\/10\/counter_card_4.svg\" alt=\"counter_card_4\"  \/><\/div><div class=\"media-body\"><h2 class=\"box-number\"><span class=\"counter-number\">20<\/span>+<\/h2><p class=\"box-text\">March\u00e9s Mondiaux<br> <\/p><\/div><\/div><div class=\"divider\"><\/div><\/div>\t\t\t\t<\/div>\n\t\t\t\t<\/div>\n\t\t\t\t\t<\/div>\n\t\t\t\t<\/div>\n\t\t\t\t<\/div>\n\t\t<div class=\"elementor-element elementor-element-84a83db e-flex e-con-boxed elementor-invisible e-con e-parent\" data-id=\"84a83db\" data-element_type=\"container\" data-e-type=\"container\" data-settings=\"{&quot;animation&quot;:&quot;slideInUp&quot;}\">\n\t\t\t\t\t<div class=\"e-con-inner\">\n\t\t<div class=\"elementor-element elementor-element-0eeace8 e-con-full e-flex elementor-invisible e-con e-child\" data-id=\"0eeace8\" data-element_type=\"container\" data-e-type=\"container\" data-settings=\"{&quot;animation&quot;:&quot;slideInUp&quot;}\">\n\t\t<div class=\"elementor-element elementor-element-c778ee2 e-con-full e-flex e-con e-child\" data-id=\"c778ee2\" data-element_type=\"container\" data-e-type=\"container\">\n\t\t\t\t<div class=\"elementor-element elementor-element-dbcc1ab elementor-widget elementor-widget-frutinimage\" data-id=\"dbcc1ab\" data-element_type=\"widget\" data-e-type=\"widget\" data-widget_type=\"frutinimage.default\">\n\t\t\t\t<div class=\"elementor-widget-container\">\n\t\t\t\t\t<div class=\"img-box5\"><div class=\"img1\"><img decoding=\"async\" src=\"https:\/\/lpn.sgb.temporary.site\/website_2642130e\/wp-content\/uploads\/2026\/03\/TRACEABILITY.png\" alt=\"TRACEABILITY\"  \/><\/div><\/div>\t\t\t\t<\/div>\n\t\t\t\t<\/div>\n\t\t\t\t<\/div>\n\t\t<div class=\"elementor-element elementor-element-c24c471 e-con-full text-center text-xl-start e-flex e-con e-child\" data-id=\"c24c471\" data-element_type=\"container\" data-e-type=\"container\">\n\t\t\t\t<div class=\"elementor-element elementor-element-b4bdb16 elementor-widget elementor-widget-frutinsectiontitle\" data-id=\"b4bdb16\" data-element_type=\"widget\" data-e-type=\"widget\" data-widget_type=\"frutinsectiontitle.default\">\n\t\t\t\t<div class=\"elementor-widget-container\">\n\t\t\t\t\t\t\t<div class=\"title-area-wrap\">\n\t\t\t<div class=\"title-area mb-32 \">\n\t\t\t\t\t\t\t\t<span class=\"sub-title \">\n\t\t\t\t\t<img decoding=\"async\" src=\"https:\/\/premier-farms.com\/wp-content\/plugins\/frutin-core\/assets\/img\/favicon_32.png\" alt=\"favicon_32\"  \/>TRA\u00c7ABILIT\u00c9<br> \t\t\t\t<\/span>\n\t\t\t\t\t\t\t\t<h2 class=\"sec-title\">Visibilit\u00e9 Compl\u00e8te de la Cha\u00eene d'Approvisionnement<br><\/h2><p class=\"sec-text \">L'efficacit\u00e9 \u00e9tant assur\u00e9e par l'utilisation d'un syst\u00e8me de tra\u00e7abilit\u00e9 int\u00e9grale, nous sommes en mesure d'effectuer une tra\u00e7abilit\u00e9 ascendante ou descendante pour tous nos fruits et l\u00e9gumes frais gr\u00e2ce \u00e0 une \u00e9tiquette appos\u00e9e sur le carton du produit final.<br>Le num\u00e9ro de lot inscrit sur l'emballage final comprend le code de l'exploitation, le code de la station de conditionnement ainsi que la date d'emballage. Ce num\u00e9ro nous permet de remonter jusqu'aux parcelles et sous-parcelles concern\u00e9es pour obtenir tous les d\u00e9tails de tra\u00e7abilit\u00e9.<br>Pour la tra\u00e7abilit\u00e9 des pesticides dans nos produits frais, nous pouvons suivre facilement les applications de traitements gr\u00e2ce \u00e0 un ensemble de proc\u00e9dures document\u00e9es int\u00e9gr\u00e9es \u00e0 notre syst\u00e8me de gestion de lutte int\u00e9gr\u00e9e (IPM).<\/p>\t\t\t<\/div>\n\t\t<\/div>\n\t\t\n\n\t\t\t\t\t<\/div>\n\t\t\t\t<\/div>\n\t\t\t\t<\/div>\n\t\t\t\t<\/div>\n\t\t\t\t\t<\/div>\n\t\t\t\t<\/div>\n\t\t<div class=\"elementor-element elementor-element-50cce1c e-flex e-con-boxed elementor-invisible e-con e-parent\" data-id=\"50cce1c\" data-element_type=\"container\" data-e-type=\"container\" data-settings=\"{&quot;animation&quot;:&quot;slideInUp&quot;}\">\n\t\t\t\t\t<div class=\"e-con-inner\">\n\t\t<div class=\"elementor-element elementor-element-afc5aad e-con-full e-flex e-con e-child\" data-id=\"afc5aad\" data-element_type=\"container\" data-e-type=\"container\">\n\t\t\t\t<div class=\"elementor-element elementor-element-99cd3f8 elementor-widget elementor-widget-frutinsectiontitle\" data-id=\"99cd3f8\" data-element_type=\"widget\" data-e-type=\"widget\" data-widget_type=\"frutinsectiontitle.default\">\n\t\t\t\t<div class=\"elementor-widget-container\">\n\t\t\t\t\t\t\t<div class=\"title-area-wrap\">\n\t\t\t<div class=\"title-area \">\n\t\t\t\t\t\t\t\t<span class=\"sub-title \">\n\t\t\t\t\t<img decoding=\"async\" src=\"https:\/\/premier-farms.com\/wp-content\/plugins\/frutin-core\/assets\/img\/favicon_32.png\" alt=\"favicon_32\"  \/>Galerie de Certifications<br>\t\t\t\t<\/span>\n\t\t\t\t\t\t\t\t<h3 class=\"sec-title\">Nous sommes ravis de vous accueillir au sein de notre \u00e9quipe professionnelle. Veuillez envoyer votre CV \u00e0 jour \u00e0 l'adresse suivante : <a href=\"mailto:hr@premierfarms.com\">hr@premierfarms.com<\/a>  <\/h3>\t\t\t<\/div>\n\t\t<\/div>\n\t\t\n\n\t\t\t\t\t<\/div>\n\t\t\t\t<\/div>\n\t\t\t\t<div class=\"elementor-element elementor-element-3e0d166 elementor-widget elementor-widget-frutinbrandlogo\" data-id=\"3e0d166\" data-element_type=\"widget\" data-e-type=\"widget\" data-widget_type=\"frutinbrandlogo.default\">\n\t\t\t\t<div class=\"elementor-widget-container\">\n\t\t\t\t\t<div class=\"container th-container py-4\">\n            \t<div class=\"swiper th-slider\" id=\"blogSlider1\" data-slider-options='{\"breakpoints\":{\"0\":{\"slidesPerView\":2},\"576\":{\"slidesPerView\":\"2\"},\"768\":{\"slidesPerView\":\"3\"},\"992\":{\"slidesPerView\":\"4\"},\"1200\":{\"slidesPerView\":\"5\"},\"1400\":{\"slidesPerView\":\"6\"}}}'>\n                \t<div class=\"swiper-wrapper\"><div class=\"swiper-slide\"><div class=\"brand-box\"><img decoding=\"async\" src=\"https:\/\/lpn.sgb.temporary.site\/website_2642130e\/wp-content\/uploads\/2026\/03\/BRCGS.png\" alt=\"BRCGS\"  \/><\/div><\/div><div class=\"swiper-slide\"><div class=\"brand-box\"><img decoding=\"async\" src=\"https:\/\/lpn.sgb.temporary.site\/website_2642130e\/wp-content\/uploads\/2026\/03\/global-GAP.png\" alt=\"global GAP\"  \/><\/div><\/div><div class=\"swiper-slide\"><div class=\"brand-box\"><img decoding=\"async\" src=\"https:\/\/lpn.sgb.temporary.site\/website_2642130e\/wp-content\/uploads\/2026\/03\/iso9001.png\" alt=\"iso9001\"  \/><\/div><\/div><div class=\"swiper-slide\"><div class=\"brand-box\"><img decoding=\"async\" src=\"https:\/\/lpn.sgb.temporary.site\/website_2642130e\/wp-content\/uploads\/2026\/03\/iso-22000.png\" alt=\"iso 22000\"  \/><\/div><\/div><\/div><\/div><\/div>\t\t\t\t<\/div>\n\t\t\t\t<\/div>\n\t\t\t\t<\/div>\n\t\t\t\t\t<\/div>\n\t\t\t\t<\/div>\n\t\t<div class=\"elementor-element elementor-element-318f128 e-flex e-con-boxed elementor-invisible e-con e-parent\" data-id=\"318f128\" data-element_type=\"container\" data-e-type=\"container\" data-settings=\"{&quot;animation&quot;:&quot;slideInUp&quot;}\">\n\t\t\t\t\t<div class=\"e-con-inner\">\n\t\t<div class=\"elementor-element elementor-element-afcdcf3 e-con-full e-flex e-con e-child\" data-id=\"afcdcf3\" data-element_type=\"container\" data-e-type=\"container\">\n\t\t<div class=\"elementor-element elementor-element-003d639 e-con-full e-flex e-con e-child\" data-id=\"003d639\" data-element_type=\"container\" data-e-type=\"container\">\n\t\t<div class=\"elementor-element elementor-element-0eace68 e-con-full e-flex e-con e-child\" data-id=\"0eace68\" data-element_type=\"container\" data-e-type=\"container\">\n\t\t\t\t<div class=\"elementor-element elementor-element-b6ee023 elementor-widget elementor-widget-frutinimage\" data-id=\"b6ee023\" data-element_type=\"widget\" data-e-type=\"widget\" data-widget_type=\"frutinimage.default\">\n\t\t\t\t<div class=\"elementor-widget-container\">\n\t\t\t\t\t<div class=\"img-box1\"><div class=\"img1\"><img decoding=\"async\" src=\"https:\/\/lpn.sgb.temporary.site\/website_2642130e\/wp-content\/uploads\/2026\/03\/Untitled-1.png\" alt=\"Untitled 1\"  \/><\/div><div class=\"img2\"><img decoding=\"async\" src=\"https:\/\/lpn.sgb.temporary.site\/website_2642130e\/wp-content\/uploads\/2026\/03\/SOCIAL-RESPONSIBILITY.png\" alt=\"SOCIAL RESPONSIBILITY\"  \/><\/div><div class=\"shape1 movingX\"><img decoding=\"async\" src=\"https:\/\/wordpress.themehour.net\/frutin\/wp-content\/uploads\/2023\/10\/about_1_3.png\" alt=\"about_1_3\"  \/><\/div><div class=\"year-counter\"><div class=\"year-counter_number\"><span class=\"counter-number\">20<\/span>+<\/div><p class=\"year-counter_text\">ANNEES D'EXPERIENCE<\/p><\/div><\/div>\t\t\t\t<\/div>\n\t\t\t\t<\/div>\n\t\t\t\t<\/div>\n\t\t<div class=\"elementor-element elementor-element-a1ac9ff e-con-full ps-xxl-5 ps-xl-2 ms-xl-1 text-center text-xl-start e-flex e-con e-child\" data-id=\"a1ac9ff\" data-element_type=\"container\" data-e-type=\"container\">\n\t\t\t\t<div class=\"elementor-element elementor-element-dd4bae2 elementor-widget elementor-widget-frutinsectiontitle\" data-id=\"dd4bae2\" data-element_type=\"widget\" data-e-type=\"widget\" data-widget_type=\"frutinsectiontitle.default\">\n\t\t\t\t<div class=\"elementor-widget-container\">\n\t\t\t\t\t\t\t<div class=\"title-area-wrap\">\n\t\t\t<div class=\"title-area mb-32 \">\n\t\t\t\t\t\t\t\t<span class=\"sub-title \">\n\t\t\t\t\t<img decoding=\"async\" src=\"https:\/\/premier-farms.com\/wp-content\/plugins\/frutin-core\/assets\/img\/favicon_32.png\" alt=\"favicon_32\"  \/>RESPONSABILIT\u00c9 SOCIALE<br> \t\t\t\t<\/span>\n\t\t\t\t\t\t\t\t<h2 class=\"sec-title\">Un Impact Social Durable<br><\/h2><p class=\"sec-text \">Nous assumons l'enti\u00e8re responsabilit\u00e9 envers nos travailleurs et notre environnement de travail, en offrant syst\u00e9matiquement un cadre sain \u00e0 tous nos employ\u00e9s et en promouvant la sensibilisation ouvri\u00e8re et environnementale. \n\n \n\nPremier Farms s'engage \u00e0 respecter des normes \u00e9lev\u00e9es en mati\u00e8re de responsabilit\u00e9 \u00e9thique, sociale et environnementale, ainsi qu'\u00e0 prot\u00e9ger la sant\u00e9 humaine et la s\u00e9curit\u00e9 de ses collaborateurs sur leur lieu de travail. \n\n <\/p>\t\t\t<\/div>\n\t\t<\/div>\n\t\t\n\n\t\t\t\t\t<\/div>\n\t\t\t\t<\/div>\n\t\t\t\t<div class=\"elementor-element elementor-element-1f303bc elementor-widget elementor-widget-frutinbutton\" data-id=\"1f303bc\" data-element_type=\"widget\" data-e-type=\"widget\" data-widget_type=\"frutinbutton.default\">\n\t\t\t\t<div class=\"elementor-widget-container\">\n\t\t\t\t\t<div class=\"btn-wrapper\"><a class=\"th-btn \" href=\"https:\/\/premier-farms.com\/fr\/contactez-nous\/\">Contactez-nous<\/a><\/div>\t\t\t\t<\/div>\n\t\t\t\t<\/div>\n\t\t\t\t<\/div>\n\t\t\t\t<\/div>\n\t\t\t\t<\/div>\n\t\t\t\t\t<\/div>\n\t\t\t\t<\/div>\n\t\t\t\t<\/div>\n\t\t","protected":false},"excerpt":{"rendered":"<p>20+ ANNEES D&#8217;EXPERIENCE CERTIFICATION DE QUALIT\u00c9 Notre engagement envers la qualit\u00e9 Tous nos fruits et l\u00e9gumes frais proviennent d&#8217;exploitations agricoles conformes aux normes mondiales de bonnes pratiques agricoles (Global G.A.P) et sont conditionn\u00e9s dans des stations de emballage respectant les normes de fabrication mondiales BRC (Certificat de Bonnes Pratiques de Fabrication) et les normes ISO&#8230;<\/p>\n","protected":false},"author":1,"featured_media":0,"parent":0,"menu_order":0,"comment_status":"closed","ping_status":"closed","template":"template-builder.php","meta":{"_monsterinsights_skip_tracking":false,"_monsterinsights_sitenote_active":false,"_monsterinsights_sitenote_note":"","_monsterinsights_sitenote_category":0,"footnotes":""},"class_list":["post-5133","page","type-page","status-publish","hentry"],"_links":{"self":[{"href":"https:\/\/premier-farms.com\/fr\/wp-json\/wp\/v2\/pages\/5133","targetHints":{"allow":["GET"]}}],"collection":[{"href":"https:\/\/premier-farms.com\/fr\/wp-json\/wp\/v2\/pages"}],"about":[{"href":"https:\/\/premier-farms.com\/fr\/wp-json\/wp\/v2\/types\/page"}],"author":[{"embeddable":true,"href":"https:\/\/premier-farms.com\/fr\/wp-json\/wp\/v2\/users\/1"}],"replies":[{"embeddable":true,"href":"https:\/\/premier-farms.com\/fr\/wp-json\/wp\/v2\/comments?post=5133"}],"version-history":[{"count":8,"href":"https:\/\/premier-farms.com\/fr\/wp-json\/wp\/v2\/pages\/5133\/revisions"}],"predecessor-version":[{"id":5268,"href":"https:\/\/premier-farms.com\/fr\/wp-json\/wp\/v2\/pages\/5133\/revisions\/5268"}],"wp:attachment":[{"href":"https:\/\/premier-farms.com\/fr\/wp-json\/wp\/v2\/media?parent=5133"}],"curies":[{"name":"wp","href":"https:\/\/api.w.org\/{rel}","templated":true}]}}