{"id":5138,"date":"2026-03-15T12:41:46","date_gmt":"2026-03-15T12:41:46","guid":{"rendered":"https:\/\/premier-farms.com\/station-de-conditionnement\/"},"modified":"2026-03-30T15:25:24","modified_gmt":"2026-03-30T15:25:24","slug":"station-de-conditionnement","status":"publish","type":"page","link":"https:\/\/premier-farms.com\/fr\/station-de-conditionnement\/","title":{"rendered":"Station de conditionnement"},"content":{"rendered":"\t\t<div data-elementor-type=\"wp-page\" data-elementor-id=\"5138\" class=\"elementor elementor-5138 elementor-3917\" data-elementor-post-type=\"page\">\n\t\t\t\t<div class=\"elementor-element elementor-element-c138e22 e-flex e-con-boxed elementor-invisible e-con e-parent\" data-id=\"c138e22\" data-element_type=\"container\" data-e-type=\"container\" data-settings=\"{&quot;animation&quot;:&quot;slideInUp&quot;}\">\n\t\t\t\t\t<div class=\"e-con-inner\">\n\t\t<div class=\"elementor-element elementor-element-9de4a0f e-con-full e-flex elementor-invisible e-con e-child\" data-id=\"9de4a0f\" data-element_type=\"container\" data-e-type=\"container\" data-settings=\"{&quot;animation&quot;:&quot;slideInUp&quot;}\">\n\t\t<div class=\"elementor-element elementor-element-b91a3a8 e-con-full e-flex e-con e-child\" data-id=\"b91a3a8\" data-element_type=\"container\" data-e-type=\"container\">\n\t\t\n\t\t<div class=\"elementor-element elementor-element-bd3ec35 elementor-widget elementor-widget-frutinimage\" data-id=\"bd3ec35\" data-element_type=\"widget\" data-e-type=\"widget\" data-widget_type=\"frutinimage.default\">\n\t\t\t\t<div class=\"elementor-widget-container\">\n\t\t\t\t\t<div class=\"img-box5\"><div class=\"shape1\"><img decoding=\"async\" src=\"https:\/\/wordpress.themehour.net\/frutin\/wp-content\/uploads\/2023\/10\/about_3_2.png\" alt=\"about_3_2\"  \/><\/div><div class=\"img1\"><img decoding=\"async\" src=\"https:\/\/lpn.sgb.temporary.site\/website_2642130e\/wp-content\/uploads\/2026\/03\/Packhouse.png\" alt=\"Packhouse\"  \/><\/div><\/div>\t\t\t\t<\/div>\n\t\t\t\t<\/div>\n\t\t\t\t<\/div>\n\t\t<div class=\"elementor-element elementor-element-242c3ab e-con-full text-center text-xl-start e-flex e-con e-child\" data-id=\"242c3ab\" data-element_type=\"container\" data-e-type=\"container\">\n\t\t\t\t<div class=\"elementor-element elementor-element-4f01fc5 elementor-widget elementor-widget-frutinsectiontitle\" data-id=\"4f01fc5\" data-element_type=\"widget\" data-e-type=\"widget\" data-widget_type=\"frutinsectiontitle.default\">\n\t\t\t\t<div class=\"elementor-widget-container\">\n\t\t\t\t\t\t\t<div class=\"title-area-wrap\">\n\t\t\t<div class=\"title-area mb-32 \">\n\t\t\t\t\t\t\t\t<span class=\"sub-title \">\n\t\t\t\t\t<img decoding=\"async\" src=\"https:\/\/premier-farms.com\/wp-content\/plugins\/frutin-core\/assets\/img\/favicon_32.png\" alt=\"favicon_32\"  \/>ENGAGEMENT MONDIAL POUR LA S\u00c9CURIT\u00c9 ALIMENTAIRE<br>\t\t\t\t<\/span>\n\t\t\t\t\t\t\t\t<h4 class=\"sec-title\">Garantir des produits s\u00fbrs, frais et de haute qualit\u00e9 pour les march\u00e9s internationaux<br><\/h4><p class=\"sec-text \">Premier Farms exploite des stations de conditionnement certifi\u00e9es selon les normes BRC, ISO 22000, HACCP et GLOBALG.A.P. afin de garantir les niveaux les plus \u00e9lev\u00e9s de s\u00e9curit\u00e9 et de qualit\u00e9 alimentaire. Toutes les mati\u00e8res premi\u00e8res sont soigneusement inspect\u00e9es avant transformation, tandis que les fruits et l\u00e9gumes sont s\u00e9lectionn\u00e9s et emball\u00e9s conform\u00e9ment aux exigences sp\u00e9cifiques des clients.<br>Nos installations sous temp\u00e9rature contr\u00f4l\u00e9e permettent de maintenir la fra\u00eecheur et de prolonger la dur\u00e9e de conservation. Enfin, les produits finis sont inspect\u00e9s par une \u00e9quipe de contr\u00f4le qualit\u00e9 qualifi\u00e9e pour assurer la conformit\u00e9 aux sp\u00e9cifications des clients et aux principes de gestion de la qualit\u00e9 totale (TQM).<\/p>\t\t\t<\/div>\n\t\t<\/div>\n\t\t\n\n\t\t\t\t\t<\/div>\n\t\t\t\t<\/div>\n\t\t\t\t<div class=\"elementor-element elementor-element-5508dd6 elementor-widget elementor-widget-text-editor\" data-id=\"5508dd6\" data-element_type=\"widget\" data-e-type=\"widget\" data-widget_type=\"text-editor.default\">\n\t\t\t\t\t\t\t\t\t<div class=\"checklist list-two-column mb-40\"><ul><li>Produits 100 % naturels.<br><\/li><li><span class=\"TextRun SCXW229402200 BCX0\" lang=\"EN\" xml:lang=\"EN\" data-contrast=\"auto\"><span class=\"NormalTextRun SCXW229402200 BCX0\">Syst\u00e8mes de contr\u00f4le qualit\u00e9 avanc\u00e9s.<br><\/span><\/span><\/li><li><span class=\"TextRun SCXW182455661 BCX0\" lang=\"EN\" xml:lang=\"EN\" data-contrast=\"auto\">Tra\u00e7abilit\u00e9 int\u00e9grale (ascendante et descendante).<br><\/span><\/li><li><span class=\"TextRun SCXW88193271 BCX0\" lang=\"EN\" xml:lang=\"EN\" data-contrast=\"auto\"><span class=\"NormalTextRun SCXW88193271 BCX0\">Solutions de conditionnement compl\u00e8tes.<\/span><\/span><\/li><\/ul><\/div>\t\t\t\t\t\t\t\t<\/div>\n\t\t\t\t<div class=\"elementor-element elementor-element-69b250d elementor-widget elementor-widget-frutinbutton\" data-id=\"69b250d\" data-element_type=\"widget\" data-e-type=\"widget\" data-widget_type=\"frutinbutton.default\">\n\t\t\t\t<div class=\"elementor-widget-container\">\n\t\t\t\t\t<div class=\"btn-wrapper\"><a class=\"th-btn \" href=\"https:\/\/premier-farms.com\/fr\/contactez-nous\/\">Contactez-nous<\/a><\/div>\t\t\t\t<\/div>\n\t\t\t\t<\/div>\n\t\t\t\t<\/div>\n\t\t\t\t<\/div>\n\t\t\t\t\t<\/div>\n\t\t\t\t<\/div>\n\t\t\t\t<\/div>\n\t\t","protected":false},"excerpt":{"rendered":"<p>ENGAGEMENT MONDIAL POUR LA S\u00c9CURIT\u00c9 ALIMENTAIRE Garantir des produits s\u00fbrs, frais et de haute qualit\u00e9 pour les march\u00e9s internationaux Premier Farms exploite des stations de conditionnement certifi\u00e9es selon les normes BRC, ISO 22000, HACCP et GLOBALG.A.P. afin de garantir les niveaux les plus \u00e9lev\u00e9s de s\u00e9curit\u00e9 et de qualit\u00e9 alimentaire. Toutes les mati\u00e8res premi\u00e8res sont&#8230;<\/p>\n","protected":false},"author":1,"featured_media":0,"parent":0,"menu_order":0,"comment_status":"closed","ping_status":"closed","template":"template-builder.php","meta":{"_monsterinsights_skip_tracking":false,"_monsterinsights_sitenote_active":false,"_monsterinsights_sitenote_note":"","_monsterinsights_sitenote_category":0,"footnotes":""},"class_list":["post-5138","page","type-page","status-publish","hentry"],"_links":{"self":[{"href":"https:\/\/premier-farms.com\/fr\/wp-json\/wp\/v2\/pages\/5138","targetHints":{"allow":["GET"]}}],"collection":[{"href":"https:\/\/premier-farms.com\/fr\/wp-json\/wp\/v2\/pages"}],"about":[{"href":"https:\/\/premier-farms.com\/fr\/wp-json\/wp\/v2\/types\/page"}],"author":[{"embeddable":true,"href":"https:\/\/premier-farms.com\/fr\/wp-json\/wp\/v2\/users\/1"}],"replies":[{"embeddable":true,"href":"https:\/\/premier-farms.com\/fr\/wp-json\/wp\/v2\/comments?post=5138"}],"version-history":[{"count":8,"href":"https:\/\/premier-farms.com\/fr\/wp-json\/wp\/v2\/pages\/5138\/revisions"}],"predecessor-version":[{"id":5271,"href":"https:\/\/premier-farms.com\/fr\/wp-json\/wp\/v2\/pages\/5138\/revisions\/5271"}],"wp:attachment":[{"href":"https:\/\/premier-farms.com\/fr\/wp-json\/wp\/v2\/media?parent=5138"}],"curies":[{"name":"wp","href":"https:\/\/api.w.org\/{rel}","templated":true}]}}