{"id":5143,"date":"2023-10-16T16:44:37","date_gmt":"2023-10-16T16:44:37","guid":{"rendered":"https:\/\/premier-farms.com\/contactez-nous\/"},"modified":"2026-03-30T12:57:42","modified_gmt":"2026-03-30T12:57:42","slug":"contactez-nous","status":"publish","type":"page","link":"https:\/\/premier-farms.com\/fr\/contactez-nous\/","title":{"rendered":"Contactez-nous"},"content":{"rendered":"\t\t<div data-elementor-type=\"wp-page\" data-elementor-id=\"5143\" class=\"elementor elementor-5143 elementor-4975\" data-elementor-post-type=\"page\">\n\t\t\t\t<div class=\"elementor-element elementor-element-e15c340 e-flex e-con-boxed elementor-invisible e-con e-parent\" data-id=\"e15c340\" data-element_type=\"container\" data-e-type=\"container\" data-settings=\"{&quot;animation&quot;:&quot;slideInUp&quot;}\">\n\t\t\t\t\t<div class=\"e-con-inner\">\n\t\t<div class=\"elementor-element elementor-element-8a09486 e-con-full e-flex e-con e-child\" data-id=\"8a09486\" data-element_type=\"container\" data-e-type=\"container\">\n\t\t\n\t\t<div class=\"elementor-element elementor-element-1a417e0 elementor-widget__width-initial elementor-widget elementor-widget-frutinsectiontitle\" data-id=\"1a417e0\" data-element_type=\"widget\" data-e-type=\"widget\" data-widget_type=\"frutinsectiontitle.default\">\n\t\t\t\t<div class=\"elementor-widget-container\">\n\t\t\t\t\t\t\t<div class=\"title-area-wrap\">\n\t\t\t<div class=\"title-area mb-32 \">\n\t\t\t\t\t\t\t\t<h2 class=\"sec-title\">Coordonn\u00e9es\n<\/h2><p class=\"sec-text \">Contactez-nous pour toute demande d'information, partenariat ou assistance. Notre \u00e9quipe est toujours pr\u00eate \u00e0 vous accompagner avec une communication fiable et des r\u00e9ponses rapides.<\/p>\t\t\t<\/div>\n\t\t<\/div>\n\t\t\n\n\t\t\t\t\t<\/div>\n\t\t\t\t<\/div>\n\t\t\t\t<div class=\"elementor-element elementor-element-d5902e0 elementor-widget elementor-widget-html\" data-id=\"d5902e0\" data-element_type=\"widget\" data-e-type=\"widget\" data-widget_type=\"html.default\">\n\t\t\t\t\t<div class=\"elementor-element elementor-element-b99299d elementor-widget elementor-widget-frutincontactinfo\" data-id=\"b99299d\" data-element_type=\"widget\" data-e-type=\"widget\" data-widget_type=\"frutincontactinfo.default\">\r\n\r\n            <div class=\"elementor-widget-container\"> \r\n                <div class=\"row gy-4 justify-content-center\">\r\n                    <div class=\"col-xl-3 col-lg-4 col-md-6\">\r\n                        <div class=\"contact-feature\">\r\n                            <div class=\"box-icon\"> \r\n                                <i class=\"fal fa-location-dot\"><\/i>\r\n                            <\/div>\r\n                            <div class=\"media-body\">\r\n                                <h3 class=\"box-title\">Notre emplacement<\/h3>\r\n                                <a href=\"https:\/\/maps.app.goo.gl\/TaqppyAf2aWvsRNu8\" target=\"_blank\" rel=\"noopener noreferrer\">8\u00e8me district, ville de Cheikh Zayed, Gizeh-\u00c9gypte.<\/a>\r\n                            <\/div>\r\n                        <\/div>\r\n                    <\/div>\r\n                    <div class=\"col-xl-3 col-lg-4 col-md-6\">\r\n                        <div class=\"contact-feature\">\r\n                            <div class=\"box-icon bg-theme2\"> \r\n                                <i class=\"fas fa-phone\"><\/i>\r\n                            <\/div>\r\n                            <div class=\"media-body\">\r\n                                <h3 class=\"box-title\">Num\u00e9ro de t\u00e9l\u00e9phone<\/h3>\r\n                                <p class=\"box-text\">\r\n                                    <a href=\"tel:+201281111425\">+20 128 111 1425<\/a>\r\n<a href=\"tel:+0123456789\">+012 345 6789<\/a>\r\n                                <\/p>\r\n                            <\/div>\r\n                        <\/div>\r\n                    <\/div>\r\n                    <div class=\"col-xl-3 col-lg-4 col-md-6\">\r\n                        <div class=\"contact-feature\">\r\n                            <div class=\"box-icon bg-title\"> \r\n                                <i class=\"fas fa-envelope\"><\/i>\r\n                            <\/div>\r\n                            <div class=\"media-body\">\r\n                                <h3 class=\"box-title\">Adresse e-mail<\/h3>\r\n                                <p class=\"box-text\">\r\n                                    <a href=\"mailto:info@example.com\">info@example.com<\/a>\r\n<a href=\"mailto:support@example.com\">support@example.com<\/a>\r\n                                <\/p>\r\n                            <\/div>\r\n                        <\/div>\r\n                    <\/div>\r\n                   <div class=\"col-xl-3 col-lg-4 col-md-6\">\r\n                        <div class=\"contact-feature\">\r\n                            <div class=\"box-icon\"> \r\n                                <i class=\"fa-solid fa-user\"><\/i>\r\n                            <\/div>\r\n                            <div class=\"media-body\">\r\n                                <h3 class=\"box-title\">PDG et cofondateur<\/h3>\r\n                                <p class=\"box-text\">\r\n Mr. name here\r\n<a href=\"mailto:ceo@example.com\">ceo@example.com<\/a>\r\n                                <\/p>\r\n                            <\/div>\r\n                        <\/div>\r\n                    <\/div>\r\n                <\/div>\r\n            <\/div>\r\n            \r\n        <\/div>\t\t\t\t<\/div>\n\t\t\t\t<div class=\"elementor-element elementor-element-135c613 elementor-widget elementor-widget-html\" data-id=\"135c613\" data-element_type=\"widget\" data-e-type=\"widget\" data-widget_type=\"html.default\">\n\t\t\t\t\t <div class=\"elementor-element elementor-element-b99299d elementor-widget elementor-widget-frutincontactinfo\" data-id=\"b99299d\" data-element_type=\"widget\" data-e-type=\"widget\" data-widget_type=\"frutincontactinfo.default\">\r\n\r\n            <div class=\"elementor-widget-container\"> \r\n                <div class=\"row gy-4 justify-content-center\">\r\n                     <div class=\"col-xl-3 col-lg-4 col-md-6\">\r\n                        <div class=\"contact-feature\">\r\n                            <div class=\"box-icon bg-title\"> \r\n                                <i class=\"fa-solid fa-user\"><\/i>\r\n                            <\/div>\r\n                            <div class=\"media-body\">\r\n                                <h3 class=\"box-title\">\u00c9quipe Marketing<\/h3>\r\n                                <p class=\"box-text\">\r\n                                    <a href=\"tel:+0123456789\">+012 345 6789<\/a>\r\n<a href=\"mailto:ceo@example.com\">ceo@example.com<\/a>\r\n                                <\/p>\r\n                            <\/div>\r\n                        <\/div>\r\n                    <\/div>\r\n                     <div class=\"col-xl-3 col-lg-4 col-md-6\">\r\n                        <div class=\"contact-feature\">\r\n                            <div class=\"box-icon \"> \r\n                                <i class=\"fa-solid fa-user\"><\/i>\r\n                            <\/div>\r\n                            <div class=\"media-body\">\r\n                                <h3 class=\"box-title\">\u00c9quipe Comptabilit\u00e9<\/h3>\r\n                                <p class=\"box-text\">\r\n                                    <a href=\"tel:+0123456789\">+012 345 6789<\/a>\r\n<a href=\"mailto:ceo@example.com\">ceo@example.com<\/a>\r\n                                <\/p>\r\n                            <\/div>\r\n                        <\/div>\r\n                    <\/div>\r\n                     <div class=\"col-xl-3 col-lg-4 col-md-6\">\r\n                        <div class=\"contact-feature\">\r\n                            <div class=\"box-icon bg-theme2\"> \r\n                                <i class=\"fa-solid fa-user\"><\/i>\r\n                            <\/div>\r\n                            <div class=\"media-body\">\r\n                                <h3 class=\"box-title\">\u00c9quipe Op\u00e9rations<\/h3>\r\n                                <p class=\"box-text\">\r\n                                    <a href=\"tel:+0123456789\">+012 345 6789<\/a>\r\n<a href=\"mailto:ceo@example.com\">ceo@example.com<\/a>\r\n                                <\/p>\r\n                            <\/div>\r\n                        <\/div>\r\n                    <\/div>\r\n                   <div class=\"col-xl-3 col-lg-4 col-md-6\">\r\n                        <div class=\"contact-feature\">\r\n                            <div class=\"box-icon bg-title\"> \r\n                                <i class=\"fa-solid fa-user\"><\/i>\r\n                            <\/div>\r\n                            <div class=\"media-body\">\r\n                                <h3 class=\"box-title\">Chambres Froides &amp; Qualit\u00e9 <\/h3>\r\n                                <p class=\"box-text\">\r\n                                    <a href=\"tel:+0123456789\">+012 345 6789<\/a>\r\n<a href=\"mailto:ceo@example.com\">ceo@example.com<\/a>\r\n                                <\/p>\r\n                            <\/div>\r\n                        <\/div>\r\n                    <\/div>\r\n                <\/div>\r\n            <\/div>\r\n            \r\n        <\/div>\t\t\t\t<\/div>\n\t\t\t\t<div class=\"elementor-element elementor-element-0999121 elementor-widget elementor-widget-frutincontactform\" data-id=\"0999121\" data-element_type=\"widget\" data-e-type=\"widget\" data-widget_type=\"frutincontactform.default\">\n\t\t\t\t<div class=\"elementor-widget-container\">\n\t\t\t\t\t<div class=\"contact-form input-smoke\"><h2 class=\"sec-title\">Contactez-nous<\/h2>\n<div class=\"wpcf7 no-js\" id=\"wpcf7-f2235-o1\" lang=\"en-US\" dir=\"ltr\" data-wpcf7-id=\"2235\">\n<div class=\"screen-reader-response\"><p role=\"status\" aria-live=\"polite\" aria-atomic=\"true\"><\/p> <ul><\/ul><\/div>\n<form action=\"\/fr\/wp-json\/wp\/v2\/pages\/5143#wpcf7-f2235-o1\" method=\"post\" class=\"wpcf7-form init\" aria-label=\"Contact form\" novalidate=\"novalidate\" data-status=\"init\">\n<fieldset class=\"hidden-fields-container\"><input type=\"hidden\" name=\"_wpcf7\" value=\"2235\" \/><input type=\"hidden\" name=\"_wpcf7_version\" value=\"6.1.5\" \/><input type=\"hidden\" name=\"_wpcf7_locale\" value=\"en_US\" \/><input type=\"hidden\" name=\"_wpcf7_unit_tag\" value=\"wpcf7-f2235-o1\" \/><input type=\"hidden\" name=\"_wpcf7_container_post\" value=\"0\" \/><input type=\"hidden\" name=\"_wpcf7_posted_data_hash\" value=\"\" \/>\n<\/fieldset>\n<div class=\"widget-form form-rounded-10\">\n        <div class=\"form-group\">\n            <span class=\"wpcf7-form-control-wrap\" data-name=\"your-name\"><input size=\"40\" maxlength=\"400\" class=\"wpcf7-form-control wpcf7-text wpcf7-validates-as-required form-control\" autocomplete=\"name\" aria-required=\"true\" aria-invalid=\"false\" placeholder=\"Full-Name\" value=\"\" type=\"text\" name=\"your-name\" \/><\/span> \n            <i class=\"fal fa-user\"><\/i>\n        <\/div>\n        <div class=\"form-group\">\n            <span class=\"wpcf7-form-control-wrap\" data-name=\"your-email\"><input size=\"40\" maxlength=\"400\" class=\"wpcf7-form-control wpcf7-email wpcf7-validates-as-required wpcf7-text wpcf7-validates-as-email form-control\" autocomplete=\"email\" aria-required=\"true\" aria-invalid=\"false\" placeholder=\"E-mail\" value=\"\" type=\"email\" name=\"your-email\" \/><\/span>\n            <i class=\"fal fa-envelope\"><\/i>\n        <\/div>\n        <div class=\"form-group\">\n            <span class=\"wpcf7-form-control-wrap\" data-name=\"tel-141\"><input size=\"40\" maxlength=\"400\" class=\"wpcf7-form-control wpcf7-tel wpcf7-validates-as-required wpcf7-text wpcf7-validates-as-tel form-control\" aria-required=\"true\" aria-invalid=\"false\" placeholder=\"Phone Number\" value=\"\" type=\"tel\" name=\"tel-141\" \/><\/span>\n            <i class=\"fal fa-phone\"><\/i>\n        <\/div>\n        <div class=\"form-group\">\n            <span class=\"wpcf7-form-control-wrap\" data-name=\"your-message\"><textarea cols=\"40\" rows=\"10\" maxlength=\"2000\" class=\"wpcf7-form-control wpcf7-textarea form-control\" aria-invalid=\"false\" placeholder=\"Your Message\" name=\"your-message\"><\/textarea><\/span>\n            <i class=\"fal fa-comment\"><\/i>\n        <\/div>\n<div class=\"cf7-cf-turnstile\" style=\"margin-top: 0px; margin-bottom: -15px;\"> <div id=\"cf-turnstile-cf7-1405193379\" class=\"cf-turnstile\" data-callback=\"turnstileCF7Callback\" data-sitekey=\"0x4AAAAAAC99Pfp02-_2Kcg5\" data-theme=\"light\" data-language=\"auto\" data-size=\"normal\" data-retry=\"auto\" data-retry-interval=\"1000\" data-refresh-expired=\"auto\" data-refresh-timeout=\"auto\" data-action=\"contact-form-7\" data-callback=\"turnstileCF7Callback\" data-appearance=\"always\"><\/div> <style>.wpcf7-submit { pointer-events: none; opacity: 0.5; }<\/style> <script>document.addEventListener(\"DOMContentLoaded\", function() { setTimeout(function(){ var e=document.getElementById(\"cf-turnstile-cf7-1405193379\"); if(e&&!e.innerHTML.trim()){turnstile.render(e, {sitekey:\"0x4AAAAAAC99Pfp02-_2Kcg5\"});} }, 200); });<\/script> <br class=\"cf-turnstile-br cf-turnstile-br-cf7-1405193379\"> <style>#cf-turnstile-cf7-1405193379 { margin-left: -15px; }<\/style> <script>document.addEventListener(\"DOMContentLoaded\",function(){document.querySelectorAll('.wpcf7-form').forEach(function(e){e.addEventListener('submit',function(){if(document.getElementById('cf-turnstile-cf7-1405193379')){setTimeout(function(){turnstile.reset('#cf-turnstile-cf7-1405193379');},1000)}})})});<\/script> <\/div>\n        <div class=\"form-btn\">\n            <button class=\"th-btn w-100\">Submit Now<\/button>\n        <\/div>\n    <\/div><div class=\"wpcf7-response-output\" aria-hidden=\"true\"><\/div>\n<\/form>\n<\/div>\n<\/div>\t\t\t\t<\/div>\n\t\t\t\t<\/div>\n\t\t\t\t<\/div>\n\t\t\t\t\t<\/div>\n\t\t\t\t<\/div>\n\t\t<div class=\"elementor-element elementor-element-389e3b2 e-flex e-con-boxed elementor-invisible e-con e-parent\" data-id=\"389e3b2\" data-element_type=\"container\" data-e-type=\"container\" data-settings=\"{&quot;animation&quot;:&quot;slideInUp&quot;}\">\n\t\t\t\t\t<div class=\"e-con-inner\">\n\t\t\t\t<div class=\"elementor-element elementor-element-c55bc37 contact-map elementor-widget elementor-widget-google_maps\" data-id=\"c55bc37\" data-element_type=\"widget\" data-e-type=\"widget\" data-widget_type=\"google_maps.default\">\n\t\t\t\t\t\t\t<div class=\"elementor-custom-embed\">\n\t\t\t<iframe loading=\"lazy\"\n\t\t\t\t\tsrc=\"https:\/\/maps.google.com\/maps?q=8th%20District%2C%20Sheikh%20Zayed%20City%2C%20Giza-Egypt.&#038;t=m&#038;z=10&#038;output=embed&#038;iwloc=near\"\n\t\t\t\t\ttitle=\"8th District, Sheikh Zayed City, Giza-Egypt.\"\n\t\t\t\t\taria-label=\"8th District, Sheikh Zayed City, Giza-Egypt.\"\n\t\t\t><\/iframe>\n\t\t<\/div>\n\t\t\t\t\t\t<\/div>\n\t\t\t\t\t<\/div>\n\t\t\t\t<\/div>\n\t\t\t\t<\/div>\n\t\t","protected":false},"excerpt":{"rendered":"<p>Coordonn\u00e9es Contactez-nous pour toute demande d&#8217;information, partenariat ou assistance. Notre \u00e9quipe est toujours pr\u00eate \u00e0 vous accompagner avec une communication fiable et des r\u00e9ponses rapides. Notre emplacement 8\u00e8me district, ville de Cheikh Zayed, Gizeh-\u00c9gypte. Num\u00e9ro de t\u00e9l\u00e9phone +20 128 111 1425 +012 345 6789 Adresse e-mail info@example.com support@example.com PDG et cofondateur Mr. name here ceo@example.com&#8230;<\/p>\n","protected":false},"author":1,"featured_media":0,"parent":0,"menu_order":0,"comment_status":"closed","ping_status":"closed","template":"template-builder.php","meta":{"_monsterinsights_skip_tracking":false,"_monsterinsights_sitenote_active":false,"_monsterinsights_sitenote_note":"","_monsterinsights_sitenote_category":0,"footnotes":""},"class_list":["post-5143","page","type-page","status-publish","hentry"],"_links":{"self":[{"href":"https:\/\/premier-farms.com\/fr\/wp-json\/wp\/v2\/pages\/5143","targetHints":{"allow":["GET"]}}],"collection":[{"href":"https:\/\/premier-farms.com\/fr\/wp-json\/wp\/v2\/pages"}],"about":[{"href":"https:\/\/premier-farms.com\/fr\/wp-json\/wp\/v2\/types\/page"}],"author":[{"embeddable":true,"href":"https:\/\/premier-farms.com\/fr\/wp-json\/wp\/v2\/users\/1"}],"replies":[{"embeddable":true,"href":"https:\/\/premier-farms.com\/fr\/wp-json\/wp\/v2\/comments?post=5143"}],"version-history":[{"count":2,"href":"https:\/\/premier-farms.com\/fr\/wp-json\/wp\/v2\/pages\/5143\/revisions"}],"predecessor-version":[{"id":5145,"href":"https:\/\/premier-farms.com\/fr\/wp-json\/wp\/v2\/pages\/5143\/revisions\/5145"}],"wp:attachment":[{"href":"https:\/\/premier-farms.com\/fr\/wp-json\/wp\/v2\/media?parent=5143"}],"curies":[{"name":"wp","href":"https:\/\/api.w.org\/{rel}","templated":true}]}}