{"id":5146,"date":"2026-03-15T08:27:31","date_gmt":"2026-03-15T08:27:31","guid":{"rendered":"https:\/\/premier-farms.com\/agrumes\/"},"modified":"2026-03-30T15:10:10","modified_gmt":"2026-03-30T15:10:10","slug":"agrumes","status":"publish","type":"page","link":"https:\/\/premier-farms.com\/fr\/agrumes\/","title":{"rendered":"Agrumes"},"content":{"rendered":"\t\t<div data-elementor-type=\"wp-page\" data-elementor-id=\"5146\" class=\"elementor elementor-5146 elementor-3647\" data-elementor-post-type=\"page\">\n\t\t\t\t<div class=\"elementor-element elementor-element-04122dc e-flex e-con-boxed e-con e-parent\" data-id=\"04122dc\" data-element_type=\"container\" data-e-type=\"container\">\n\t\t\t\t\t<div class=\"e-con-inner\">\n\t\t<div class=\"elementor-element elementor-element-fcf90c7 e-con-full e-flex e-con e-child\" data-id=\"fcf90c7\" data-element_type=\"container\" data-e-type=\"container\">\n\t\t<div class=\"elementor-element elementor-element-2ce5763 e-con-full e-flex e-con e-child\" data-id=\"2ce5763\" data-element_type=\"container\" data-e-type=\"container\">\n\t\t\n\t\t<div class=\"elementor-element elementor-element-ec14e4e elementor-widget elementor-widget-frutinsectiontitle\" data-id=\"ec14e4e\" data-element_type=\"widget\" data-e-type=\"widget\" data-widget_type=\"frutinsectiontitle.default\">\n\t\t\t\t<div class=\"elementor-widget-container\">\n\t\t\t\t\t\t\t<div class=\"title-area-wrap\">\n\t\t\t<div class=\"title-area \">\n\t\t\t\t\t\t\t\t<span class=\"sub-title \">\n\t\t\t\t\t<img decoding=\"async\" src=\"https:\/\/premier-farms.com\/wp-content\/plugins\/frutin-core\/assets\/img\/favicon_32.png\" alt=\"favicon_32\"  \/>Agrumes Frais<br> \t\t\t\t<\/span>\n\t\t\t\t\t\t\t\t<h5 class=\"sec-title\">Notre cycle d'agrumes frais comprend des vari\u00e9t\u00e9s telles que l'orange Navel, l'orange Valencia, le pomelo, les mandarines et le citron. Nos oranges de qualit\u00e9 exportation sont r\u00e9colt\u00e9es \u00e0 pleine maturit\u00e9 pour garantir une teneur en jus optimale et un profil de saveur parfaitement \u00e9quilibr\u00e9. <\/h5>\t\t\t<\/div>\n\t\t<\/div>\n\t\t\n\n\t\t\t\t\t<\/div>\n\t\t\t\t<\/div>\n\t\t\t\t<div class=\"elementor-element elementor-element-ef9068a elementor-widget elementor-widget-frutingallery\" data-id=\"ef9068a\" data-element_type=\"widget\" data-e-type=\"widget\" data-widget_type=\"frutingallery.default\">\n\t\t\t\t<div class=\"elementor-widget-container\">\n\t\t\t\t\t<div class=\"row gy-30\"><div class=\"col-xl-4 col-md-6\"><div class=\"gallery-card style-hover\"><div class=\"box-img\"><img decoding=\"async\" src=\"https:\/\/lpn.sgb.temporary.site\/website_2642130e\/wp-content\/uploads\/2026\/03\/\u0628\u0631\u062a\u0642\u0627\u0644-.png\" alt=\"\u0628\u0631\u062a\u0642\u0627\u0644 \"  \/><a href=\"https:\/\/lpn.sgb.temporary.site\/website_2642130e\/wp-content\/uploads\/2026\/03\/\u0628\u0631\u062a\u0642\u0627\u0644-.png\" class=\"icon-btn style2 popup-image\"><i class=\"far fa-plus\"><\/i><\/a><\/div><div class=\"box-content\"><p class=\"box-subtitle\">Agrumes.<br><\/p><h3 class=\"box-title\"><a href=\"https:\/\/premier-farms.com\/fr\/oranges-navel\/\">Navel Oranges <\/a><\/h3><\/div><\/div><\/div><div class=\"col-xl-4 col-md-6\"><div class=\"gallery-card style-hover\"><div class=\"box-img\"><img decoding=\"async\" src=\"https:\/\/lpn.sgb.temporary.site\/website_2642130e\/wp-content\/uploads\/2026\/03\/valencia-orange.png\" alt=\"valencia orange\"  \/><a href=\"https:\/\/lpn.sgb.temporary.site\/website_2642130e\/wp-content\/uploads\/2026\/03\/valencia-orange.png\" class=\"icon-btn style2 popup-image\"><i class=\"far fa-plus\"><\/i><\/a><\/div><div class=\"box-content\"><p class=\"box-subtitle\">Agrumes.<\/p><h3 class=\"box-title\"><a href=\"https:\/\/premier-farms.com\/fr\/oranges-valencia\/\">Oranges Valencia<\/a><\/h3><\/div><\/div><\/div><div class=\"col-xl-4 col-md-6\"><div class=\"gallery-card style-hover\"><div class=\"box-img\"><img decoding=\"async\" src=\"https:\/\/lpn.sgb.temporary.site\/website_2642130e\/wp-content\/uploads\/2026\/03\/\u064a\u0648\u0633\u0641\u064a.png\" alt=\"\u064a\u0648\u0633\u0641\u064a\"  \/><a href=\"https:\/\/lpn.sgb.temporary.site\/website_2642130e\/wp-content\/uploads\/2026\/03\/\u064a\u0648\u0633\u0641\u064a.png\" class=\"icon-btn style2 popup-image\"><i class=\"far fa-plus\"><\/i><\/a><\/div><div class=\"box-content\"><p class=\"box-subtitle\">Agrumes.<\/p><h3 class=\"box-title\"><a href=\"https:\/\/premier-farms.com\/fr\/mandarines\/\">Mandarine<\/a><\/h3><\/div><\/div><\/div><div class=\"col-xl-4 col-md-6\"><div class=\"gallery-card style-hover\"><div class=\"box-img\"><img decoding=\"async\" src=\"https:\/\/lpn.sgb.temporary.site\/website_2642130e\/wp-content\/uploads\/2026\/03\/\u062c\u0631\u064a\u0646-\u0641\u0631\u0648\u062a-.png\" alt=\"\u062c\u0631\u064a\u0646 \u0641\u0631\u0648\u062a \"  \/><a href=\"https:\/\/lpn.sgb.temporary.site\/website_2642130e\/wp-content\/uploads\/2026\/03\/\u062c\u0631\u064a\u0646-\u0641\u0631\u0648\u062a-.png\" class=\"icon-btn style2 popup-image\"><i class=\"far fa-plus\"><\/i><\/a><\/div><div class=\"box-content\"><p class=\"box-subtitle\">Agrumes.<\/p><h3 class=\"box-title\"><a href=\"https:\/\/premier-farms.com\/fr\/pomelo\/\">Pomelo<\/a><\/h3><\/div><\/div><\/div><div class=\"col-xl-4 col-md-6\"><div class=\"gallery-card style-hover\"><div class=\"box-img\"><img decoding=\"async\" src=\"https:\/\/lpn.sgb.temporary.site\/website_2642130e\/wp-content\/uploads\/2026\/03\/10.png\" alt=\"10\"  \/><a href=\"https:\/\/lpn.sgb.temporary.site\/website_2642130e\/wp-content\/uploads\/2026\/03\/10.png\" class=\"icon-btn style2 popup-image\"><i class=\"far fa-plus\"><\/i><\/a><\/div><div class=\"box-content\"><p class=\"box-subtitle\">Agrumes.<\/p><h3 class=\"box-title\"><a href=\"https:\/\/premier-farms.com\/fr\/citron-jaune-eureka\/\">Citron<\/a><\/h3><\/div><\/div><\/div><div class=\"col-xl-4 col-md-6\"><div class=\"gallery-card style-hover\"><div class=\"box-img\"><img decoding=\"async\" src=\"https:\/\/lpn.sgb.temporary.site\/website_2642130e\/wp-content\/uploads\/2026\/03\/\u0644\u064a\u0645\u0648\u0646-\u0627\u062e\u0636\u0631.png\" alt=\"\u0644\u064a\u0645\u0648\u0646 \u0627\u062e\u0636\u0631\"  \/><a href=\"https:\/\/lpn.sgb.temporary.site\/website_2642130e\/wp-content\/uploads\/2026\/03\/\u0644\u064a\u0645\u0648\u0646-\u0627\u062e\u0636\u0631.png\" class=\"icon-btn style2 popup-image\"><i class=\"far fa-plus\"><\/i><\/a><\/div><div class=\"box-content\"><p class=\"box-subtitle\">Agrumes.<\/p><h3 class=\"box-title\"><a href=\"#\">Citron vert<\/a><\/h3><\/div><\/div><\/div><\/div>\t\t\t\t<\/div>\n\t\t\t\t<\/div>\n\t\t\t\t<\/div>\n\t\t\t\t<\/div>\n\t\t\t\t\t<\/div>\n\t\t\t\t<\/div>\n\t\t\t\t<\/div>\n\t\t","protected":false},"excerpt":{"rendered":"<p>Agrumes Frais Notre cycle d&#8217;agrumes frais comprend des vari\u00e9t\u00e9s telles que l&#8217;orange Navel, l&#8217;orange Valencia, le pomelo, les mandarines et le citron. Nos oranges de qualit\u00e9 exportation sont r\u00e9colt\u00e9es \u00e0 pleine maturit\u00e9 pour garantir une teneur en jus optimale et un profil de saveur parfaitement \u00e9quilibr\u00e9. Agrumes. Navel Oranges Agrumes. Oranges Valencia Agrumes. Mandarine Agrumes&#8230;.<\/p>\n","protected":false},"author":1,"featured_media":0,"parent":0,"menu_order":0,"comment_status":"closed","ping_status":"closed","template":"template-builder.php","meta":{"_monsterinsights_skip_tracking":false,"_monsterinsights_sitenote_active":false,"_monsterinsights_sitenote_note":"","_monsterinsights_sitenote_category":0,"footnotes":""},"class_list":["post-5146","page","type-page","status-publish","hentry"],"_links":{"self":[{"href":"https:\/\/premier-farms.com\/fr\/wp-json\/wp\/v2\/pages\/5146","targetHints":{"allow":["GET"]}}],"collection":[{"href":"https:\/\/premier-farms.com\/fr\/wp-json\/wp\/v2\/pages"}],"about":[{"href":"https:\/\/premier-farms.com\/fr\/wp-json\/wp\/v2\/types\/page"}],"author":[{"embeddable":true,"href":"https:\/\/premier-farms.com\/fr\/wp-json\/wp\/v2\/users\/1"}],"replies":[{"embeddable":true,"href":"https:\/\/premier-farms.com\/fr\/wp-json\/wp\/v2\/comments?post=5146"}],"version-history":[{"count":6,"href":"https:\/\/premier-farms.com\/fr\/wp-json\/wp\/v2\/pages\/5146\/revisions"}],"predecessor-version":[{"id":5239,"href":"https:\/\/premier-farms.com\/fr\/wp-json\/wp\/v2\/pages\/5146\/revisions\/5239"}],"wp:attachment":[{"href":"https:\/\/premier-farms.com\/fr\/wp-json\/wp\/v2\/media?parent=5146"}],"curies":[{"name":"wp","href":"https:\/\/api.w.org\/{rel}","templated":true}]}}