{"id":5148,"date":"2026-03-15T08:53:23","date_gmt":"2026-03-15T08:53:23","guid":{"rendered":"https:\/\/premier-farms.com\/fruits\/"},"modified":"2026-03-30T15:02:01","modified_gmt":"2026-03-30T15:02:01","slug":"fruits","status":"publish","type":"page","link":"https:\/\/premier-farms.com\/fr\/fruits\/","title":{"rendered":"Fruits"},"content":{"rendered":"\t\t<div data-elementor-type=\"wp-page\" data-elementor-id=\"5148\" class=\"elementor elementor-5148 elementor-3656\" data-elementor-post-type=\"page\">\n\t\t\t\t<div class=\"elementor-element elementor-element-1fc1a5e e-flex e-con-boxed elementor-invisible e-con e-parent\" data-id=\"1fc1a5e\" data-element_type=\"container\" data-e-type=\"container\" data-settings=\"{&quot;animation&quot;:&quot;slideInUp&quot;}\">\n\t\t\t\t\t<div class=\"e-con-inner\">\n\t\t<div class=\"elementor-element elementor-element-952ed4f e-con-full e-flex e-con e-child\" data-id=\"952ed4f\" data-element_type=\"container\" data-e-type=\"container\">\n\t\t<div class=\"elementor-element elementor-element-c053133 e-con-full e-flex e-con e-child\" data-id=\"c053133\" data-element_type=\"container\" data-e-type=\"container\">\n\t\t\n\t\t<div class=\"elementor-element elementor-element-8d4f36d elementor-widget elementor-widget-frutinsectiontitle\" data-id=\"8d4f36d\" data-element_type=\"widget\" data-e-type=\"widget\" data-widget_type=\"frutinsectiontitle.default\">\n\t\t\t\t<div class=\"elementor-widget-container\">\n\t\t\t\t\t\t\t<div class=\"title-area-wrap\">\n\t\t\t<div class=\"title-area \">\n\t\t\t\t\t\t\t\t<span class=\"sub-title \">\n\t\t\t\t\t<img decoding=\"async\" src=\"https:\/\/premier-farms.com\/wp-content\/plugins\/frutin-core\/assets\/img\/favicon_32.png\" alt=\"favicon_32\"  \/>Fruits Frais<br>\t\t\t\t<\/span>\n\t\t\t\t\t\t\t\t<h5 class=\"sec-title\">Des fruits frais de qualit\u00e9 sup\u00e9rieure, soigneusement s\u00e9lectionn\u00e9s pour leur qualit\u00e9, leur fra\u00eecheur et leur saveur naturelle.<br> \u00c9clatants, juteux et nutritifs, ils sont parfaits pour des collations saines, des desserts et une consommation fra\u00eeche.<\/h5>\t\t\t<\/div>\n\t\t<\/div>\n\t\t\n\n\t\t\t\t\t<\/div>\n\t\t\t\t<\/div>\n\t\t\t\t<div class=\"elementor-element elementor-element-f7e4c0b elementor-widget elementor-widget-frutingallery\" data-id=\"f7e4c0b\" data-element_type=\"widget\" data-e-type=\"widget\" data-widget_type=\"frutingallery.default\">\n\t\t\t\t<div class=\"elementor-widget-container\">\n\t\t\t\t\t<div class=\"row gy-30\"><div class=\"col-xl-4 col-md-6\"><div class=\"gallery-card style-hover\"><div class=\"box-img\"><img decoding=\"async\" src=\"https:\/\/lpn.sgb.temporary.site\/website_2642130e\/wp-content\/uploads\/2026\/03\/\u0639\u0646\u0628-\u0627\u062d\u0645\u0631.png\" alt=\"\u0639\u0646\u0628 \u0627\u062d\u0645\u0631\"  \/><a href=\"https:\/\/lpn.sgb.temporary.site\/website_2642130e\/wp-content\/uploads\/2026\/03\/\u0639\u0646\u0628-\u0627\u062d\u0645\u0631.png\" class=\"icon-btn style2 popup-image\"><i class=\"far fa-plus\"><\/i><\/a><\/div><div class=\"box-content\"><p class=\"box-subtitle\">Fruits Frais<\/p><h3 class=\"box-title\"><a href=\"https:\/\/premier-farms.com\/fr\/raisins-de-table\/\">Raisins de Table<\/a><\/h3><\/div><\/div><\/div><div class=\"col-xl-4 col-md-6\"><div class=\"gallery-card style-hover\"><div class=\"box-img\"><img decoding=\"async\" src=\"https:\/\/lpn.sgb.temporary.site\/website_2642130e\/wp-content\/uploads\/2026\/03\/\u0641\u0631\u0627\u0648\u0644\u0629.png\" alt=\"\u0641\u0631\u0627\u0648\u0644\u0629\"  \/><a href=\"https:\/\/lpn.sgb.temporary.site\/website_2642130e\/wp-content\/uploads\/2026\/03\/\u0641\u0631\u0627\u0648\u0644\u0629.png\" class=\"icon-btn style2 popup-image\"><i class=\"far fa-plus\"><\/i><\/a><\/div><div class=\"box-content\"><p class=\"box-subtitle\">Fruits Frais<\/p><h3 class=\"box-title\"><a href=\"https:\/\/premier-farms.com\/fr\/fraises\/\">Fraise<\/a><\/h3><\/div><\/div><\/div><div class=\"col-xl-4 col-md-6\"><div class=\"gallery-card style-hover\"><div class=\"box-img\"><img decoding=\"async\" src=\"https:\/\/lpn.sgb.temporary.site\/website_2642130e\/wp-content\/uploads\/2026\/03\/\u0631\u0645\u0627\u0646-.png\" alt=\"\u0631\u0645\u0627\u0646 \"  \/><a href=\"https:\/\/lpn.sgb.temporary.site\/website_2642130e\/wp-content\/uploads\/2026\/03\/\u0631\u0645\u0627\u0646-.png\" class=\"icon-btn style2 popup-image\"><i class=\"far fa-plus\"><\/i><\/a><\/div><div class=\"box-content\"><p class=\"box-subtitle\">Fruits Frais<\/p><h3 class=\"box-title\"><a href=\"https:\/\/premier-farms.com\/fr\/grenades\/\">Grenade<\/a><\/h3><\/div><\/div><\/div><div class=\"col-xl-4 col-md-6\"><div class=\"gallery-card style-hover\"><div class=\"box-img\"><img decoding=\"async\" src=\"https:\/\/lpn.sgb.temporary.site\/website_2642130e\/wp-content\/uploads\/2026\/03\/\u0645\u0627\u0646\u062c\u0648.png\" alt=\"\u0645\u0627\u0646\u062c\u0648\"  \/><a href=\"https:\/\/lpn.sgb.temporary.site\/website_2642130e\/wp-content\/uploads\/2026\/03\/\u0645\u0627\u0646\u062c\u0648.png\" class=\"icon-btn style2 popup-image\"><i class=\"far fa-plus\"><\/i><\/a><\/div><div class=\"box-content\"><p class=\"box-subtitle\">Fruits Frais<\/p><h3 class=\"box-title\"><a href=\"https:\/\/premier-farms.com\/fr\/mangue\/\">Mangue<\/a><\/h3><\/div><\/div><\/div><div class=\"col-xl-4 col-md-6\"><div class=\"gallery-card style-hover\"><div class=\"box-img\"><img decoding=\"async\" src=\"https:\/\/lpn.sgb.temporary.site\/website_2642130e\/wp-content\/uploads\/2026\/03\/\u062a\u0648\u062a-\u0628\u0631\u064a.png\" alt=\"\u062a\u0648\u062a \u0628\u0631\u064a\"  \/><a href=\"https:\/\/lpn.sgb.temporary.site\/website_2642130e\/wp-content\/uploads\/2026\/03\/\u062a\u0648\u062a-\u0628\u0631\u064a.png\" class=\"icon-btn style2 popup-image\"><i class=\"far fa-plus\"><\/i><\/a><\/div><div class=\"box-content\"><p class=\"box-subtitle\">Baies Fra\u00eeches<\/p><h3 class=\"box-title\"><a href=\"#\">Framboise<\/a><\/h3><\/div><\/div><\/div><div class=\"col-xl-4 col-md-6\"><div class=\"gallery-card style-hover\"><div class=\"box-img\"><img decoding=\"async\" src=\"https:\/\/lpn.sgb.temporary.site\/website_2642130e\/wp-content\/uploads\/2026\/03\/\u062a\u0648\u062a-1-1.png\" alt=\"\u062a\u0648\u062a 1 1\"  \/><a href=\"https:\/\/lpn.sgb.temporary.site\/website_2642130e\/wp-content\/uploads\/2026\/03\/\u062a\u0648\u062a-1-1.png\" class=\"icon-btn style2 popup-image\"><i class=\"far fa-plus\"><\/i><\/a><\/div><div class=\"box-content\"><p class=\"box-subtitle\">Baies Fra\u00eeches <\/p><h3 class=\"box-title\"><a href=\"#\">Blueberry<\/a><\/h3><\/div><\/div><\/div><div class=\"col-xl-4 col-md-6\"><div class=\"gallery-card style-hover\"><div class=\"box-img\"><img decoding=\"async\" src=\"https:\/\/lpn.sgb.temporary.site\/website_2642130e\/wp-content\/uploads\/2026\/03\/\u062a\u0648\u062a-\u0627\u0633\u0648\u062f.png\" alt=\"\u062a\u0648\u062a \u0627\u0633\u0648\u062f\"  \/><a href=\"https:\/\/lpn.sgb.temporary.site\/website_2642130e\/wp-content\/uploads\/2026\/03\/\u062a\u0648\u062a-\u0627\u0633\u0648\u062f.png\" class=\"icon-btn style2 popup-image\"><i class=\"far fa-plus\"><\/i><\/a><\/div><div class=\"box-content\"><p class=\"box-subtitle\">Baies Fra\u00eeches <\/p><h3 class=\"box-title\"><a href=\"#\">M\u00fbre<\/a><\/h3><\/div><\/div><\/div><\/div>\t\t\t\t<\/div>\n\t\t\t\t<\/div>\n\t\t\t\t<\/div>\n\t\t\t\t<\/div>\n\t\t\t\t\t<\/div>\n\t\t\t\t<\/div>\n\t\t\t\t<\/div>\n\t\t","protected":false},"excerpt":{"rendered":"<p>Fruits Frais Des fruits frais de qualit\u00e9 sup\u00e9rieure, soigneusement s\u00e9lectionn\u00e9s pour leur qualit\u00e9, leur fra\u00eecheur et leur saveur naturelle. \u00c9clatants, juteux et nutritifs, ils sont parfaits pour des collations saines, des desserts et une consommation fra\u00eeche. Fruits Frais Raisins de Table Fruits Frais Fraise Fruits Frais Grenade Fruits Frais Mangue Baies Fra\u00eeches Framboise Baies Fra\u00eeches&#8230;<\/p>\n","protected":false},"author":1,"featured_media":0,"parent":0,"menu_order":0,"comment_status":"closed","ping_status":"closed","template":"template-builder.php","meta":{"_monsterinsights_skip_tracking":false,"_monsterinsights_sitenote_active":false,"_monsterinsights_sitenote_note":"","_monsterinsights_sitenote_category":0,"footnotes":""},"class_list":["post-5148","page","type-page","status-publish","hentry"],"_links":{"self":[{"href":"https:\/\/premier-farms.com\/fr\/wp-json\/wp\/v2\/pages\/5148","targetHints":{"allow":["GET"]}}],"collection":[{"href":"https:\/\/premier-farms.com\/fr\/wp-json\/wp\/v2\/pages"}],"about":[{"href":"https:\/\/premier-farms.com\/fr\/wp-json\/wp\/v2\/types\/page"}],"author":[{"embeddable":true,"href":"https:\/\/premier-farms.com\/fr\/wp-json\/wp\/v2\/users\/1"}],"replies":[{"embeddable":true,"href":"https:\/\/premier-farms.com\/fr\/wp-json\/wp\/v2\/comments?post=5148"}],"version-history":[{"count":4,"href":"https:\/\/premier-farms.com\/fr\/wp-json\/wp\/v2\/pages\/5148\/revisions"}],"predecessor-version":[{"id":5227,"href":"https:\/\/premier-farms.com\/fr\/wp-json\/wp\/v2\/pages\/5148\/revisions\/5227"}],"wp:attachment":[{"href":"https:\/\/premier-farms.com\/fr\/wp-json\/wp\/v2\/media?parent=5148"}],"curies":[{"name":"wp","href":"https:\/\/api.w.org\/{rel}","templated":true}]}}