{"id":5150,"date":"2026-03-15T08:57:34","date_gmt":"2026-03-15T08:57:34","guid":{"rendered":"https:\/\/premier-farms.com\/legumes\/"},"modified":"2026-03-30T15:02:30","modified_gmt":"2026-03-30T15:02:30","slug":"legumes","status":"publish","type":"page","link":"https:\/\/premier-farms.com\/fr\/legumes\/","title":{"rendered":"L\u00e9gumes"},"content":{"rendered":"\t\t<div data-elementor-type=\"wp-page\" data-elementor-id=\"5150\" class=\"elementor elementor-5150 elementor-3666\" data-elementor-post-type=\"page\">\n\t\t\t\t<div class=\"elementor-element elementor-element-8e71892 e-flex e-con-boxed elementor-invisible e-con e-parent\" data-id=\"8e71892\" data-element_type=\"container\" data-e-type=\"container\" data-settings=\"{&quot;animation&quot;:&quot;slideInUp&quot;}\">\n\t\t\t\t\t<div class=\"e-con-inner\">\n\t\t<div class=\"elementor-element elementor-element-a4da90c e-con-full e-flex e-con e-child\" data-id=\"a4da90c\" data-element_type=\"container\" data-e-type=\"container\">\n\t\t<div class=\"elementor-element elementor-element-04b25c7 e-con-full e-flex e-con e-child\" data-id=\"04b25c7\" data-element_type=\"container\" data-e-type=\"container\">\n\t\t\n\t\t<div class=\"elementor-element elementor-element-19ce7c4 elementor-widget elementor-widget-frutinsectiontitle\" data-id=\"19ce7c4\" data-element_type=\"widget\" data-e-type=\"widget\" data-widget_type=\"frutinsectiontitle.default\">\n\t\t\t\t<div class=\"elementor-widget-container\">\n\t\t\t\t\t\t\t<div class=\"title-area-wrap\">\n\t\t\t<div class=\"title-area \">\n\t\t\t\t\t\t\t\t<span class=\"sub-title \">\n\t\t\t\t\t<img decoding=\"async\" src=\"https:\/\/premier-farms.com\/wp-content\/plugins\/frutin-core\/assets\/img\/favicon_32.png\" alt=\"favicon_32\"  \/>L\u00e9gumes Frais<br>\t\t\t\t<\/span>\n\t\t\t\t\t\t\t\t<h5 class=\"sec-title\">L\u00e9gumes Frais<br>\n\nL\u00e9gumes frais de qualit\u00e9 sup\u00e9rieure, soigneusement s\u00e9lectionn\u00e9s pour leur qualit\u00e9, leur fra\u00eecheur et leur go\u00fbt naturel. Croquants, nutritifs et savoureux, ils sont id\u00e9aux pour des repas sains, la cuisine et les salades. <\/h5>\t\t\t<\/div>\n\t\t<\/div>\n\t\t\n\n\t\t\t\t\t<\/div>\n\t\t\t\t<\/div>\n\t\t\t\t<div class=\"elementor-element elementor-element-be6e408 elementor-widget elementor-widget-frutingallery\" data-id=\"be6e408\" data-element_type=\"widget\" data-e-type=\"widget\" data-widget_type=\"frutingallery.default\">\n\t\t\t\t<div class=\"elementor-widget-container\">\n\t\t\t\t\t<div class=\"row gy-30\"><div class=\"col-xl-4 col-md-6\"><div class=\"gallery-card style-hover\"><div class=\"box-img\"><img decoding=\"async\" src=\"https:\/\/lpn.sgb.temporary.site\/website_2642130e\/wp-content\/uploads\/2026\/03\/\u062b\u0648\u0645.png\" alt=\"\u062b\u0648\u0645\"  \/><a href=\"https:\/\/lpn.sgb.temporary.site\/website_2642130e\/wp-content\/uploads\/2026\/03\/\u062b\u0648\u0645.png\" class=\"icon-btn style2 popup-image\"><i class=\"far fa-plus\"><\/i><\/a><\/div><div class=\"box-content\"><p class=\"box-subtitle\">L\u00e9gumes Frais<\/p><h3 class=\"box-title\"><a href=\"https:\/\/premier-farms.com\/fr\/ail\/\">Ail Frais et Sec<\/a><\/h3><\/div><\/div><\/div><div class=\"col-xl-4 col-md-6\"><div class=\"gallery-card style-hover\"><div class=\"box-img\"><img decoding=\"async\" src=\"https:\/\/lpn.sgb.temporary.site\/website_2642130e\/wp-content\/uploads\/2026\/03\/\u0628\u0637\u0627\u0637\u0633.png\" alt=\"\u0628\u0637\u0627\u0637\u0633\"  \/><a href=\"https:\/\/lpn.sgb.temporary.site\/website_2642130e\/wp-content\/uploads\/2026\/03\/\u0628\u0637\u0627\u0637\u0633.png\" class=\"icon-btn style2 popup-image\"><i class=\"far fa-plus\"><\/i><\/a><\/div><div class=\"box-content\"><p class=\"box-subtitle\">L\u00e9gumes Frais<\/p><h3 class=\"box-title\"><a href=\"https:\/\/premier-farms.com\/fr\/pommes-de-terre\/\">Pommes de Terre Fra\u00eeches<\/a><\/h3><\/div><\/div><\/div><div class=\"col-xl-4 col-md-6\"><div class=\"gallery-card style-hover\"><div class=\"box-img\"><img decoding=\"async\" src=\"https:\/\/lpn.sgb.temporary.site\/website_2642130e\/wp-content\/uploads\/2026\/03\/\u0628\u0637\u0627\u0637\u0627.png\" alt=\"\u0628\u0637\u0627\u0637\u0627\"  \/><a href=\"https:\/\/lpn.sgb.temporary.site\/website_2642130e\/wp-content\/uploads\/2026\/03\/\u0628\u0637\u0627\u0637\u0627.png\" class=\"icon-btn style2 popup-image\"><i class=\"far fa-plus\"><\/i><\/a><\/div><div class=\"box-content\"><p class=\"box-subtitle\">L\u00e9gumes Frais<\/p><h3 class=\"box-title\"><a href=\"https:\/\/premier-farms.com\/fr\/patate-douce\/\">Patate Douce<\/a><\/h3><\/div><\/div><\/div><div class=\"col-xl-4 col-md-6\"><div class=\"gallery-card style-hover\"><div class=\"box-img\"><img decoding=\"async\" src=\"https:\/\/lpn.sgb.temporary.site\/website_2642130e\/wp-content\/uploads\/2026\/03\/\u0628\u0635\u0644.png\" alt=\"\u0628\u0635\u0644\"  \/><a href=\"https:\/\/lpn.sgb.temporary.site\/website_2642130e\/wp-content\/uploads\/2026\/03\/\u0628\u0635\u0644.png\" class=\"icon-btn style2 popup-image\"><i class=\"far fa-plus\"><\/i><\/a><\/div><div class=\"box-content\"><p class=\"box-subtitle\">L\u00e9gumes Frais<\/p><h3 class=\"box-title\"><a href=\"https:\/\/premier-farms.com\/fr\/oignons\/\">Oignons Rouges<\/a><\/h3><\/div><\/div><\/div><div class=\"col-xl-4 col-md-6\"><div class=\"gallery-card style-hover\"><div class=\"box-img\"><img decoding=\"async\" src=\"https:\/\/lpn.sgb.temporary.site\/website_2642130e\/wp-content\/uploads\/2026\/03\/\u062c\u0632\u0631.png\" alt=\"\u062c\u0632\u0631\"  \/><a href=\"https:\/\/lpn.sgb.temporary.site\/website_2642130e\/wp-content\/uploads\/2026\/03\/\u062c\u0632\u0631.png\" class=\"icon-btn style2 popup-image\"><i class=\"far fa-plus\"><\/i><\/a><\/div><div class=\"box-content\"><p class=\"box-subtitle\">L\u00e9gumes Frais<\/p><h3 class=\"box-title\"><a href=\"https:\/\/premier-farms.com\/fr\/carottes\/\">Carottes Fra\u00eeches<\/a><\/h3><\/div><\/div><\/div><\/div>\t\t\t\t<\/div>\n\t\t\t\t<\/div>\n\t\t\t\t<\/div>\n\t\t\t\t<\/div>\n\t\t\t\t\t<\/div>\n\t\t\t\t<\/div>\n\t\t\t\t<\/div>\n\t\t","protected":false},"excerpt":{"rendered":"<p>L\u00e9gumes Frais L\u00e9gumes Frais L\u00e9gumes frais de qualit\u00e9 sup\u00e9rieure, soigneusement s\u00e9lectionn\u00e9s pour leur qualit\u00e9, leur fra\u00eecheur et leur go\u00fbt naturel. Croquants, nutritifs et savoureux, ils sont id\u00e9aux pour des repas sains, la cuisine et les salades. L\u00e9gumes Frais Ail Frais et Sec L\u00e9gumes Frais Pommes de Terre Fra\u00eeches L\u00e9gumes Frais Patate Douce L\u00e9gumes Frais Oignons&#8230;<\/p>\n","protected":false},"author":1,"featured_media":0,"parent":0,"menu_order":0,"comment_status":"closed","ping_status":"closed","template":"template-builder.php","meta":{"_monsterinsights_skip_tracking":false,"_monsterinsights_sitenote_active":false,"_monsterinsights_sitenote_note":"","_monsterinsights_sitenote_category":0,"footnotes":""},"class_list":["post-5150","page","type-page","status-publish","hentry"],"_links":{"self":[{"href":"https:\/\/premier-farms.com\/fr\/wp-json\/wp\/v2\/pages\/5150","targetHints":{"allow":["GET"]}}],"collection":[{"href":"https:\/\/premier-farms.com\/fr\/wp-json\/wp\/v2\/pages"}],"about":[{"href":"https:\/\/premier-farms.com\/fr\/wp-json\/wp\/v2\/types\/page"}],"author":[{"embeddable":true,"href":"https:\/\/premier-farms.com\/fr\/wp-json\/wp\/v2\/users\/1"}],"replies":[{"embeddable":true,"href":"https:\/\/premier-farms.com\/fr\/wp-json\/wp\/v2\/comments?post=5150"}],"version-history":[{"count":4,"href":"https:\/\/premier-farms.com\/fr\/wp-json\/wp\/v2\/pages\/5150\/revisions"}],"predecessor-version":[{"id":5230,"href":"https:\/\/premier-farms.com\/fr\/wp-json\/wp\/v2\/pages\/5150\/revisions\/5230"}],"wp:attachment":[{"href":"https:\/\/premier-farms.com\/fr\/wp-json\/wp\/v2\/media?parent=5150"}],"curies":[{"name":"wp","href":"https:\/\/api.w.org\/{rel}","templated":true}]}}