{"id":5152,"date":"2026-03-15T09:10:11","date_gmt":"2026-03-15T09:10:11","guid":{"rendered":"https:\/\/premier-farms.com\/legumineuses-semences\/"},"modified":"2026-03-30T15:09:54","modified_gmt":"2026-03-30T15:09:54","slug":"legumineuses-semences","status":"publish","type":"page","link":"https:\/\/premier-farms.com\/fr\/legumineuses-semences\/","title":{"rendered":"L\u00e9gumineuses \/ Semences"},"content":{"rendered":"\t\t<div data-elementor-type=\"wp-page\" data-elementor-id=\"5152\" class=\"elementor elementor-5152 elementor-3671\" data-elementor-post-type=\"page\">\n\t\t\t\t<div class=\"elementor-element elementor-element-d4bdd52 e-flex e-con-boxed elementor-invisible e-con e-parent\" data-id=\"d4bdd52\" data-element_type=\"container\" data-e-type=\"container\" data-settings=\"{&quot;animation&quot;:&quot;slideInUp&quot;}\">\n\t\t\t\t\t<div class=\"e-con-inner\">\n\t\t<div class=\"elementor-element elementor-element-34b6a12 e-con-full e-flex e-con e-child\" data-id=\"34b6a12\" data-element_type=\"container\" data-e-type=\"container\">\n\t\t<div class=\"elementor-element elementor-element-bab590e e-con-full e-flex e-con e-child\" data-id=\"bab590e\" data-element_type=\"container\" data-e-type=\"container\">\n\t\t\n\t\t<div class=\"elementor-element elementor-element-71f4a76 elementor-widget elementor-widget-frutinsectiontitle\" data-id=\"71f4a76\" data-element_type=\"widget\" data-e-type=\"widget\" data-widget_type=\"frutinsectiontitle.default\">\n\t\t\t\t<div class=\"elementor-widget-container\">\n\t\t\t\t\t\t\t<div class=\"title-area-wrap\">\n\t\t\t<div class=\"title-area \">\n\t\t\t\t\t\t\t\t<span class=\"sub-title \">\n\t\t\t\t\t<img decoding=\"async\" src=\"https:\/\/premier-farms.com\/wp-content\/plugins\/frutin-core\/assets\/img\/favicon_32.png\" alt=\"favicon_32\"  \/>L\u00e9gumineuses \/ Semences<br>\t\t\t\t<\/span>\n\t\t\t\t\t\t\t\t<h5 class=\"sec-title\">Des semences de haute qualit\u00e9, soigneusement s\u00e9lectionn\u00e9es pour leur puret\u00e9, leur viabilit\u00e9 et leur croissance optimale.<br> Id\u00e9ales pour les semis, la culture et la production de r\u00e9coltes saines \u00e0 haut rendement.<\/h5>\t\t\t<\/div>\n\t\t<\/div>\n\t\t\n\n\t\t\t\t\t<\/div>\n\t\t\t\t<\/div>\n\t\t\t\t<div class=\"elementor-element elementor-element-2b8ddf5 elementor-widget elementor-widget-frutingallery\" data-id=\"2b8ddf5\" data-element_type=\"widget\" data-e-type=\"widget\" data-widget_type=\"frutingallery.default\">\n\t\t\t\t<div class=\"elementor-widget-container\">\n\t\t\t\t\t<div class=\"row gy-30\"><div class=\"col-xl-4 col-md-6\"><div class=\"gallery-card style-hover\"><div class=\"box-img\"><img decoding=\"async\" src=\"https:\/\/lpn.sgb.temporary.site\/website_2642130e\/wp-content\/uploads\/2026\/03\/\u0633\u0645\u0633\u0645.png\" alt=\"\u0633\u0645\u0633\u0645\"  \/><a href=\"https:\/\/lpn.sgb.temporary.site\/website_2642130e\/wp-content\/uploads\/2026\/03\/\u0633\u0645\u0633\u0645.png\" class=\"icon-btn style2 popup-image\"><i class=\"far fa-plus\"><\/i><\/a><\/div><div class=\"box-content\"><p class=\"box-subtitle\">L\u00e9gumineuses \/ Semences<\/p><h3 class=\"box-title\"><a href=\"https:\/\/premier-farms.com\/fr\/sesame\/\">S\u00e9same<\/a><\/h3><\/div><\/div><\/div><div class=\"col-xl-4 col-md-6\"><div class=\"gallery-card style-hover\"><div class=\"box-img\"><img decoding=\"async\" src=\"https:\/\/lpn.sgb.temporary.site\/website_2642130e\/wp-content\/uploads\/2026\/03\/\u0641\u0627\u0635\u0648\u0644\u064a\u0627-\u0628\u064a\u0636\u0627\u0621.png\" alt=\"\u0641\u0627\u0635\u0648\u0644\u064a\u0627 \u0628\u064a\u0636\u0627\u0621\"  \/><a href=\"https:\/\/lpn.sgb.temporary.site\/website_2642130e\/wp-content\/uploads\/2026\/03\/\u0641\u0627\u0635\u0648\u0644\u064a\u0627-\u0628\u064a\u0636\u0627\u0621.png\" class=\"icon-btn style2 popup-image\"><i class=\"far fa-plus\"><\/i><\/a><\/div><div class=\"box-content\"><p class=\"box-subtitle\">L\u00e9gumineuses \/ Semences<br><\/p><h3 class=\"box-title\"><a href=\"https:\/\/premier-farms.com\/fr\/haricots-lingots\/\">Haricots Blancs<\/a><\/h3><\/div><\/div><\/div><\/div>\t\t\t\t<\/div>\n\t\t\t\t<\/div>\n\t\t\t\t<\/div>\n\t\t\t\t<\/div>\n\t\t\t\t\t<\/div>\n\t\t\t\t<\/div>\n\t\t\t\t<\/div>\n\t\t","protected":false},"excerpt":{"rendered":"<p>L\u00e9gumineuses \/ Semences Des semences de haute qualit\u00e9, soigneusement s\u00e9lectionn\u00e9es pour leur puret\u00e9, leur viabilit\u00e9 et leur croissance optimale. Id\u00e9ales pour les semis, la culture et la production de r\u00e9coltes saines \u00e0 haut rendement. L\u00e9gumineuses \/ Semences S\u00e9same L\u00e9gumineuses \/ Semences Haricots Blancs<\/p>\n","protected":false},"author":1,"featured_media":0,"parent":0,"menu_order":0,"comment_status":"closed","ping_status":"closed","template":"template-builder.php","meta":{"_monsterinsights_skip_tracking":false,"_monsterinsights_sitenote_active":false,"_monsterinsights_sitenote_note":"","_monsterinsights_sitenote_category":0,"footnotes":""},"class_list":["post-5152","page","type-page","status-publish","hentry"],"_links":{"self":[{"href":"https:\/\/premier-farms.com\/fr\/wp-json\/wp\/v2\/pages\/5152","targetHints":{"allow":["GET"]}}],"collection":[{"href":"https:\/\/premier-farms.com\/fr\/wp-json\/wp\/v2\/pages"}],"about":[{"href":"https:\/\/premier-farms.com\/fr\/wp-json\/wp\/v2\/types\/page"}],"author":[{"embeddable":true,"href":"https:\/\/premier-farms.com\/fr\/wp-json\/wp\/v2\/users\/1"}],"replies":[{"embeddable":true,"href":"https:\/\/premier-farms.com\/fr\/wp-json\/wp\/v2\/comments?post=5152"}],"version-history":[{"count":5,"href":"https:\/\/premier-farms.com\/fr\/wp-json\/wp\/v2\/pages\/5152\/revisions"}],"predecessor-version":[{"id":5236,"href":"https:\/\/premier-farms.com\/fr\/wp-json\/wp\/v2\/pages\/5152\/revisions\/5236"}],"wp:attachment":[{"href":"https:\/\/premier-farms.com\/fr\/wp-json\/wp\/v2\/media?parent=5152"}],"curies":[{"name":"wp","href":"https:\/\/api.w.org\/{rel}","templated":true}]}}