{"id":5164,"date":"2026-03-15T12:42:47","date_gmt":"2026-03-15T12:42:47","guid":{"rendered":"https:\/\/premier-farms.com\/marches\/"},"modified":"2026-04-09T14:49:40","modified_gmt":"2026-04-09T14:49:40","slug":"marches","status":"publish","type":"page","link":"https:\/\/premier-farms.com\/fr\/marches\/","title":{"rendered":"March\u00e9s"},"content":{"rendered":"\t\t<div data-elementor-type=\"wp-page\" data-elementor-id=\"5164\" class=\"elementor elementor-5164 elementor-3919\" data-elementor-post-type=\"page\">\n\t\t\t\t<div class=\"elementor-element elementor-element-1162f84 e-flex e-con-boxed elementor-invisible e-con e-parent\" data-id=\"1162f84\" data-element_type=\"container\" data-e-type=\"container\" data-settings=\"{&quot;animation&quot;:&quot;slideInUp&quot;}\">\n\t\t\t\t\t<div class=\"e-con-inner\">\n\t\t\n\t\t<div class=\"elementor-element elementor-element-ff9f57e elementor-widget elementor-widget-frutinsectiontitle\" data-id=\"ff9f57e\" data-element_type=\"widget\" data-e-type=\"widget\" data-widget_type=\"frutinsectiontitle.default\">\n\t\t\t\t<div class=\"elementor-widget-container\">\n\t\t\t\t\t\t\t<div class=\"title-area-wrap\">\n\t\t\t<div class=\"title-area mb-32 \">\n\t\t\t\t\t\t\t\t<span class=\"sub-title \">\n\t\t\t\t\t<img decoding=\"async\" src=\"https:\/\/premier-farms.com\/wp-content\/plugins\/frutin-core\/assets\/img\/favicon_32.png\" alt=\"favicon_32\"  \/>March\u00e9s \t\t\t\t<\/span>\n\t\t\t\t\t\t\t\t<h2 class=\"sec-title\">SERVIR LES MARCH\u00c9S MONDIAUX AVEC EXCELLENCE<br> \n<\/h2><p class=\"sec-text \">Notre \u00e9quipe se compose d'agronomes hautement qualifi\u00e9s, de directeurs de production, de sp\u00e9cialistes du contr\u00f4le qualit\u00e9 et de professionnels du marketing, chacun poss\u00e9dant plus de 15 ans d'exp\u00e9rience pratique dans le secteur. De la s\u00e9lection des semences \u00e0 l'exportation finale, chaque \u00e9tape est m\u00e9ticuleusement g\u00e9r\u00e9e pour garantir les normes les plus \u00e9lev\u00e9es de qualit\u00e9, de fra\u00eecheur et de durabilit\u00e9. Anim\u00e9s par une passion profonde pour l'agriculture et un engagement ind\u00e9fectible envers l'excellence, nous travaillons comme une \u00e9quipe soud\u00e9e, alliant expertise, innovation et d\u00e9vouement pour vous offrir le meilleur de la nature, directement des champs aux march\u00e9s mondiaux.<br>La satisfaction client au c\u0153ur de notre mission\nLes besoins et les attentes de nos clients sont le principal moteur de l'effort de Premier Farms pour atteindre leur satisfaction, gr\u00e2ce \u00e0 une gestion appropri\u00e9e des ressources humaines et naturelles.<br>Nous produisons des produits frais de la plus haute qualit\u00e9 \u00e0 travers toute l'\u00c9gypte pour garantir \u00e0 nos clients l'acc\u00e8s \u00e0 chaque vari\u00e9t\u00e9 et produit, du tout d\u00e9but jusqu'\u00e0 la fin de la saison. Nous sommes pr\u00eats \u00e0 offrir la meilleure qualit\u00e9 et le meilleur service jamais propos\u00e9s \u00e0 nos clients du monde entier. <\/p>\t\t\t<\/div>\n\t\t<\/div>\n\t\t\n\n\t\t\t\t\t<\/div>\n\t\t\t\t<\/div>\n\t\t\t\t\t<\/div>\n\t\t\t\t<\/div>\n\t\t<div class=\"elementor-element elementor-element-a5656df e-flex e-con-boxed e-con e-parent\" data-id=\"a5656df\" data-element_type=\"container\" data-e-type=\"container\">\n\t\t\t\t\t<div class=\"e-con-inner\">\n\t\t\t\t<div class=\"elementor-element elementor-element-ab7ea53 elementor-widget elementor-widget-frutinbrandlogo\" data-id=\"ab7ea53\" data-element_type=\"widget\" data-e-type=\"widget\" data-widget_type=\"frutinbrandlogo.default\">\n\t\t\t\t<div class=\"elementor-widget-container\">\n\t\t\t\t\t<div class=\"container th-container py-4\">\n            \t<div class=\"swiper th-slider\" id=\"blogSlider1\" data-slider-options='{\"breakpoints\":{\"0\":{\"slidesPerView\":2},\"576\":{\"slidesPerView\":\"2\"},\"768\":{\"slidesPerView\":\"3\"},\"992\":{\"slidesPerView\":\"4\"},\"1200\":{\"slidesPerView\":\"5\"},\"1400\":{\"slidesPerView\":\"6\"}}}'>\n                \t<div class=\"swiper-wrapper\"><\/div><\/div><\/div>\t\t\t\t<\/div>\n\t\t\t\t<\/div>\n\t\t\t\t\t<\/div>\n\t\t\t\t<\/div>\n\t\t<div class=\"elementor-element elementor-element-5bf3a08 e-flex e-con-boxed elementor-invisible e-con e-parent\" data-id=\"5bf3a08\" data-element_type=\"container\" data-e-type=\"container\" data-settings=\"{&quot;background_background&quot;:&quot;classic&quot;,&quot;animation&quot;:&quot;slideInUp&quot;}\">\n\t\t\t\t\t<div class=\"e-con-inner\">\n\t\t\t\t<div class=\"elementor-element elementor-element-2d3df9a elementor-widget elementor-widget-frutinbrandlogo\" data-id=\"2d3df9a\" data-element_type=\"widget\" data-e-type=\"widget\" data-widget_type=\"frutinbrandlogo.default\">\n\t\t\t\t<div class=\"elementor-widget-container\">\n\t\t\t\t\t<div class=\"container th-container\">\n\t\t\t\t<div class=\"swiper th-slider\" id=\"blogSlider1\" data-slider-options='{\"breakpoints\":{\"0\":{\"slidesPerView\":2},\"576\":{\"slidesPerView\":\"2\"},\"768\":{\"slidesPerView\":\"3\"},\"992\":{\"slidesPerView\":\"4\"},\"1200\":{\"slidesPerView\":\"5\"},\"1400\":{\"slidesPerView\":\"6\"}}}'>\n                \t<div class=\"swiper-wrapper\"><div class=\"swiper-slide\"><div class=\"brand-card\"><img decoding=\"async\" src=\"https:\/\/lpn.sgb.temporary.site\/website_2642130e\/wp-content\/uploads\/2026\/03\/Holland-1.png\" alt=\"Holland 1\"  \/><\/div><\/div><div class=\"swiper-slide\"><div class=\"brand-card\"><img decoding=\"async\" src=\"https:\/\/lpn.sgb.temporary.site\/website_2642130e\/wp-content\/uploads\/2026\/03\/Nigeria-1.png\" alt=\"Nigeria 1\"  \/><\/div><\/div><div class=\"swiper-slide\"><div class=\"brand-card\"><img decoding=\"async\" src=\"https:\/\/lpn.sgb.temporary.site\/website_2642130e\/wp-content\/uploads\/2026\/03\/Vietnam-1.png\" alt=\"Vietnam 1\"  \/><\/div><\/div><div class=\"swiper-slide\"><div class=\"brand-card\"><img decoding=\"async\" src=\"https:\/\/lpn.sgb.temporary.site\/website_2642130e\/wp-content\/uploads\/2026\/03\/United-Kingdom-1.png\" alt=\"United Kingdom 1\"  \/><\/div><\/div><div class=\"swiper-slide\"><div class=\"brand-card\"><img decoding=\"async\" src=\"https:\/\/lpn.sgb.temporary.site\/website_2642130e\/wp-content\/uploads\/2026\/03\/Ukraine-1.png\" alt=\"Ukraine 1\"  \/><\/div><\/div><div class=\"swiper-slide\"><div class=\"brand-card\"><img decoding=\"async\" src=\"https:\/\/lpn.sgb.temporary.site\/website_2642130e\/wp-content\/uploads\/2026\/03\/U.A.-E-1.png\" alt=\"U.A. E 1\"  \/><\/div><\/div><div class=\"swiper-slide\"><div class=\"brand-card\"><img decoding=\"async\" src=\"https:\/\/lpn.sgb.temporary.site\/website_2642130e\/wp-content\/uploads\/2026\/03\/Thailand-1.png\" alt=\"Thailand 1\"  \/><\/div><\/div><div class=\"swiper-slide\"><div class=\"brand-card\"><img decoding=\"async\" src=\"https:\/\/lpn.sgb.temporary.site\/website_2642130e\/wp-content\/uploads\/2026\/03\/Switzerland-1.png\" alt=\"Switzerland 1\"  \/><\/div><\/div><div class=\"swiper-slide\"><div class=\"brand-card\"><img decoding=\"async\" src=\"https:\/\/lpn.sgb.temporary.site\/website_2642130e\/wp-content\/uploads\/2026\/03\/Sweden-1.png\" alt=\"Sweden 1\"  \/><\/div><\/div><div class=\"swiper-slide\"><div class=\"brand-card\"><img decoding=\"async\" src=\"https:\/\/lpn.sgb.temporary.site\/website_2642130e\/wp-content\/uploads\/2026\/03\/South-Sudan-1.png\" alt=\"South Sudan 1\"  \/><\/div><\/div><div class=\"swiper-slide\"><div class=\"brand-card\"><img decoding=\"async\" src=\"https:\/\/lpn.sgb.temporary.site\/website_2642130e\/wp-content\/uploads\/2026\/03\/South-Africa-1.png\" alt=\"South Africa 1\"  \/><\/div><\/div><div class=\"swiper-slide\"><div class=\"brand-card\"><img decoding=\"async\" src=\"https:\/\/lpn.sgb.temporary.site\/website_2642130e\/wp-content\/uploads\/2026\/03\/Singapore-1.png\" alt=\"Singapore 1\"  \/><\/div><\/div><div class=\"swiper-slide\"><div class=\"brand-card\"><img decoding=\"async\" src=\"https:\/\/lpn.sgb.temporary.site\/website_2642130e\/wp-content\/uploads\/2026\/03\/Seychelles-Islands-1.png\" alt=\"Seychelles Islands 1\"  \/><\/div><\/div><div class=\"swiper-slide\"><div class=\"brand-card\"><img decoding=\"async\" src=\"https:\/\/lpn.sgb.temporary.site\/website_2642130e\/wp-content\/uploads\/2026\/03\/Senegal-1.png\" alt=\"Senegal 1\"  \/><\/div><\/div><div class=\"swiper-slide\"><div class=\"brand-card\"><img decoding=\"async\" src=\"https:\/\/lpn.sgb.temporary.site\/website_2642130e\/wp-content\/uploads\/2026\/03\/Saudi-Arabia-1.png\" alt=\"Saudi Arabia 1\"  \/><\/div><\/div><div class=\"swiper-slide\"><div class=\"brand-card\"><img decoding=\"async\" src=\"https:\/\/lpn.sgb.temporary.site\/website_2642130e\/wp-content\/uploads\/2026\/03\/Russia-1.png\" alt=\"Russia 1\"  \/><\/div><\/div><div class=\"swiper-slide\"><div class=\"brand-card\"><img decoding=\"async\" src=\"https:\/\/lpn.sgb.temporary.site\/website_2642130e\/wp-content\/uploads\/2026\/03\/Reunion-Islands-1.png\" alt=\"Reunion Islands 1\"  \/><\/div><\/div><div class=\"swiper-slide\"><div class=\"brand-card\"><img decoding=\"async\" src=\"https:\/\/lpn.sgb.temporary.site\/website_2642130e\/wp-content\/uploads\/2026\/03\/Reunion-1.png\" alt=\"Reunion 1\"  \/><\/div><\/div><div class=\"swiper-slide\"><div class=\"brand-card\"><img decoding=\"async\" src=\"https:\/\/lpn.sgb.temporary.site\/website_2642130e\/wp-content\/uploads\/2026\/03\/Qatar-1.png\" alt=\"Qatar 1\"  \/><\/div><\/div><div class=\"swiper-slide\"><div class=\"brand-card\"><img decoding=\"async\" src=\"https:\/\/lpn.sgb.temporary.site\/website_2642130e\/wp-content\/uploads\/2026\/03\/Poland-1.png\" alt=\"Poland 1\"  \/><\/div><\/div><div class=\"swiper-slide\"><div class=\"brand-card\"><img decoding=\"async\" src=\"https:\/\/lpn.sgb.temporary.site\/website_2642130e\/wp-content\/uploads\/2026\/03\/Philippines-1.png\" alt=\"Philippines 1\"  \/><\/div><\/div><div class=\"swiper-slide\"><div class=\"brand-card\"><img decoding=\"async\" src=\"https:\/\/lpn.sgb.temporary.site\/website_2642130e\/wp-content\/uploads\/2026\/03\/Norway-1.png\" alt=\"Norway 1\"  \/><\/div><\/div><div class=\"swiper-slide\"><div class=\"brand-card\"><img decoding=\"async\" src=\"https:\/\/lpn.sgb.temporary.site\/website_2642130e\/wp-content\/uploads\/2026\/03\/Mauritius-1.png\" alt=\"Mauritius 1\"  \/><\/div><\/div><div class=\"swiper-slide\"><div class=\"brand-card\"><img decoding=\"async\" src=\"https:\/\/lpn.sgb.temporary.site\/website_2642130e\/wp-content\/uploads\/2026\/03\/Malta-1.png\" alt=\"Malta 1\"  \/><\/div><\/div><div class=\"swiper-slide\"><div class=\"brand-card\"><img decoding=\"async\" src=\"https:\/\/lpn.sgb.temporary.site\/website_2642130e\/wp-content\/uploads\/2026\/03\/Maldives-1.png\" alt=\"Maldives 1\"  \/><\/div><\/div><div class=\"swiper-slide\"><div class=\"brand-card\"><img decoding=\"async\" src=\"https:\/\/lpn.sgb.temporary.site\/website_2642130e\/wp-content\/uploads\/2026\/03\/Malaysia-1.png\" alt=\"Malaysia 1\"  \/><\/div><\/div><div class=\"swiper-slide\"><div class=\"brand-card\"><img decoding=\"async\" src=\"https:\/\/lpn.sgb.temporary.site\/website_2642130e\/wp-content\/uploads\/2026\/03\/Lithuania-1.png\" alt=\"Lithuania 1\"  \/><\/div><\/div><div class=\"swiper-slide\"><div class=\"brand-card\"><img decoding=\"async\" src=\"https:\/\/lpn.sgb.temporary.site\/website_2642130e\/wp-content\/uploads\/2026\/03\/Latvia-1.png\" alt=\"Latvia 1\"  \/><\/div><\/div><div class=\"swiper-slide\"><div class=\"brand-card\"><img decoding=\"async\" src=\"https:\/\/lpn.sgb.temporary.site\/website_2642130e\/wp-content\/uploads\/2026\/03\/Kuwait-1.png\" alt=\"Kuwait 1\"  \/><\/div><\/div><div class=\"swiper-slide\"><div class=\"brand-card\"><img decoding=\"async\" src=\"https:\/\/lpn.sgb.temporary.site\/website_2642130e\/wp-content\/uploads\/2026\/03\/Kenya-1.png\" alt=\"Kenya 1\"  \/><\/div><\/div><div class=\"swiper-slide\"><div class=\"brand-card\"><img decoding=\"async\" src=\"https:\/\/lpn.sgb.temporary.site\/website_2642130e\/wp-content\/uploads\/2026\/03\/Jordan-1.png\" alt=\"Jordan 1\"  \/><\/div><\/div><div class=\"swiper-slide\"><div class=\"brand-card\"><img decoding=\"async\" src=\"https:\/\/lpn.sgb.temporary.site\/website_2642130e\/wp-content\/uploads\/2026\/03\/Italy-1.png\" alt=\"Italy 1\"  \/><\/div><\/div><div class=\"swiper-slide\"><div class=\"brand-card\"><img decoding=\"async\" src=\"https:\/\/lpn.sgb.temporary.site\/website_2642130e\/wp-content\/uploads\/2026\/03\/Ireland-1.png\" alt=\"Ireland 1\"  \/><\/div><\/div><div class=\"swiper-slide\"><div class=\"brand-card\"><img decoding=\"async\" src=\"https:\/\/lpn.sgb.temporary.site\/website_2642130e\/wp-content\/uploads\/2026\/03\/Indonesia-1.png\" alt=\"Indonesia 1\"  \/><\/div><\/div><div class=\"swiper-slide\"><div class=\"brand-card\"><img decoding=\"async\" src=\"https:\/\/lpn.sgb.temporary.site\/website_2642130e\/wp-content\/uploads\/2026\/03\/India-1.png\" alt=\"India 1\"  \/><\/div><\/div><div class=\"swiper-slide\"><div class=\"brand-card\"><img decoding=\"async\" src=\"https:\/\/lpn.sgb.temporary.site\/website_2642130e\/wp-content\/uploads\/2026\/03\/Hungary-1.png\" alt=\"Hungary 1\"  \/><\/div><\/div><div class=\"swiper-slide\"><div class=\"brand-card\"><img decoding=\"async\" src=\"https:\/\/lpn.sgb.temporary.site\/website_2642130e\/wp-content\/uploads\/2026\/03\/Hong-Kong-1.png\" alt=\"Hong Kong 1\"  \/><\/div><\/div><div class=\"swiper-slide\"><div class=\"brand-card\"><img decoding=\"async\" src=\"https:\/\/lpn.sgb.temporary.site\/website_2642130e\/wp-content\/uploads\/2026\/03\/Ghana-1.png\" alt=\"Ghana 1\"  \/><\/div><\/div><div class=\"swiper-slide\"><div class=\"brand-card\"><img decoding=\"async\" src=\"https:\/\/lpn.sgb.temporary.site\/website_2642130e\/wp-content\/uploads\/2026\/03\/Germany-1.png\" alt=\"Germany 1\"  \/><\/div><\/div><div class=\"swiper-slide\"><div class=\"brand-card\"><img decoding=\"async\" src=\"https:\/\/lpn.sgb.temporary.site\/website_2642130e\/wp-content\/uploads\/2026\/03\/Gabon-1.png\" alt=\"Gabon 1\"  \/><\/div><\/div><div class=\"swiper-slide\"><div class=\"brand-card\"><img decoding=\"async\" src=\"https:\/\/lpn.sgb.temporary.site\/website_2642130e\/wp-content\/uploads\/2026\/03\/France-1.png\" alt=\"France 1\"  \/><\/div><\/div><div class=\"swiper-slide\"><div class=\"brand-card\"><img decoding=\"async\" src=\"https:\/\/lpn.sgb.temporary.site\/website_2642130e\/wp-content\/uploads\/2026\/03\/Finland-1.png\" alt=\"Finland 1\"  \/><\/div><\/div><div class=\"swiper-slide\"><div class=\"brand-card\"><img decoding=\"async\" src=\"https:\/\/lpn.sgb.temporary.site\/website_2642130e\/wp-content\/uploads\/2026\/03\/Estonia-1.png\" alt=\"Estonia 1\"  \/><\/div><\/div><div class=\"swiper-slide\"><div class=\"brand-card\"><img decoding=\"async\" src=\"https:\/\/lpn.sgb.temporary.site\/website_2642130e\/wp-content\/uploads\/2026\/03\/Denmark-1.png\" alt=\"Denmark 1\"  \/><\/div><\/div><div class=\"swiper-slide\"><div class=\"brand-card\"><img decoding=\"async\" src=\"https:\/\/lpn.sgb.temporary.site\/website_2642130e\/wp-content\/uploads\/2026\/03\/Czech-Republic-1.png\" alt=\"Czech Republic 1\"  \/><\/div><\/div><div class=\"swiper-slide\"><div class=\"brand-card\"><img decoding=\"async\" src=\"https:\/\/lpn.sgb.temporary.site\/website_2642130e\/wp-content\/uploads\/2026\/03\/Croatia-1.png\" alt=\"Croatia 1\"  \/><\/div><\/div><div class=\"swiper-slide\"><div class=\"brand-card\"><img decoding=\"async\" src=\"https:\/\/lpn.sgb.temporary.site\/website_2642130e\/wp-content\/uploads\/2026\/03\/Congo-1.png\" alt=\"Congo 1\"  \/><\/div><\/div><div class=\"swiper-slide\"><div class=\"brand-card\"><img decoding=\"async\" src=\"https:\/\/lpn.sgb.temporary.site\/website_2642130e\/wp-content\/uploads\/2026\/03\/China-1.png\" alt=\"China 1\"  \/><\/div><\/div><div class=\"swiper-slide\"><div class=\"brand-card\"><img decoding=\"async\" src=\"https:\/\/lpn.sgb.temporary.site\/website_2642130e\/wp-content\/uploads\/2026\/03\/Canada-1.png\" alt=\"Canada 1\"  \/><\/div><\/div><div class=\"swiper-slide\"><div class=\"brand-card\"><img decoding=\"async\" src=\"https:\/\/lpn.sgb.temporary.site\/website_2642130e\/wp-content\/uploads\/2026\/03\/Benin-1.png\" alt=\"Benin 1\"  \/><\/div><\/div><div class=\"swiper-slide\"><div class=\"brand-card\"><img decoding=\"async\" src=\"https:\/\/lpn.sgb.temporary.site\/website_2642130e\/wp-content\/uploads\/2026\/03\/Belgium-1.png\" alt=\"Belgium 1\"  \/><\/div><\/div><div class=\"swiper-slide\"><div class=\"brand-card\"><img decoding=\"async\" src=\"https:\/\/lpn.sgb.temporary.site\/website_2642130e\/wp-content\/uploads\/2026\/03\/Belarus-1.png\" alt=\"Belarus 1\"  \/><\/div><\/div><div class=\"swiper-slide\"><div class=\"brand-card\"><img decoding=\"async\" src=\"https:\/\/lpn.sgb.temporary.site\/website_2642130e\/wp-content\/uploads\/2026\/03\/Bangladesh-1.png\" alt=\"Bangladesh 1\"  \/><\/div><\/div><div class=\"swiper-slide\"><div class=\"brand-card\"><img decoding=\"async\" src=\"https:\/\/lpn.sgb.temporary.site\/website_2642130e\/wp-content\/uploads\/2026\/03\/Bahrain-1.png\" alt=\"Bahrain 1\"  \/><\/div><\/div><div class=\"swiper-slide\"><div class=\"brand-card\"><img decoding=\"async\" src=\"https:\/\/lpn.sgb.temporary.site\/website_2642130e\/wp-content\/uploads\/2026\/03\/Australia-1.png\" alt=\"Australia 1\"  \/><\/div><\/div><div class=\"swiper-slide\"><div class=\"brand-card\"><img decoding=\"async\" src=\"https:\/\/lpn.sgb.temporary.site\/website_2642130e\/wp-content\/uploads\/2026\/03\/Angola-1.png\" alt=\"Angola 1\"  \/><\/div><\/div><\/div><\/div><\/div>\t\t\t\t<\/div>\n\t\t\t\t<\/div>\n\t\t\t\t\t<\/div>\n\t\t\t\t<\/div>\n\t\t\t\t<\/div>\n\t\t","protected":false},"excerpt":{"rendered":"<p>March\u00e9s SERVIR LES MARCH\u00c9S MONDIAUX AVEC EXCELLENCE Notre \u00e9quipe se compose d&#8217;agronomes hautement qualifi\u00e9s, de directeurs de production, de sp\u00e9cialistes du contr\u00f4le qualit\u00e9 et de professionnels du marketing, chacun poss\u00e9dant plus de 15 ans d&#8217;exp\u00e9rience pratique dans le secteur. De la s\u00e9lection des semences \u00e0 l&#8217;exportation finale, chaque \u00e9tape est m\u00e9ticuleusement g\u00e9r\u00e9e pour garantir les&#8230;<\/p>\n","protected":false},"author":1,"featured_media":0,"parent":0,"menu_order":0,"comment_status":"closed","ping_status":"closed","template":"","meta":{"_monsterinsights_skip_tracking":false,"_monsterinsights_sitenote_active":false,"_monsterinsights_sitenote_note":"","_monsterinsights_sitenote_category":0,"footnotes":""},"class_list":["post-5164","page","type-page","status-publish","hentry"],"_links":{"self":[{"href":"https:\/\/premier-farms.com\/fr\/wp-json\/wp\/v2\/pages\/5164","targetHints":{"allow":["GET"]}}],"collection":[{"href":"https:\/\/premier-farms.com\/fr\/wp-json\/wp\/v2\/pages"}],"about":[{"href":"https:\/\/premier-farms.com\/fr\/wp-json\/wp\/v2\/types\/page"}],"author":[{"embeddable":true,"href":"https:\/\/premier-farms.com\/fr\/wp-json\/wp\/v2\/users\/1"}],"replies":[{"embeddable":true,"href":"https:\/\/premier-farms.com\/fr\/wp-json\/wp\/v2\/comments?post=5164"}],"version-history":[{"count":4,"href":"https:\/\/premier-farms.com\/fr\/wp-json\/wp\/v2\/pages\/5164\/revisions"}],"predecessor-version":[{"id":5654,"href":"https:\/\/premier-farms.com\/fr\/wp-json\/wp\/v2\/pages\/5164\/revisions\/5654"}],"wp:attachment":[{"href":"https:\/\/premier-farms.com\/fr\/wp-json\/wp\/v2\/media?parent=5164"}],"curies":[{"name":"wp","href":"https:\/\/api.w.org\/{rel}","templated":true}]}}