{"id":5171,"date":"2026-03-16T09:14:15","date_gmt":"2026-03-16T09:14:15","guid":{"rendered":"https:\/\/premier-farms.com\/carottes\/"},"modified":"2026-03-31T15:39:18","modified_gmt":"2026-03-31T15:39:18","slug":"carottes","status":"publish","type":"page","link":"https:\/\/premier-farms.com\/fr\/carottes\/","title":{"rendered":"Carottes"},"content":{"rendered":"\t\t<div data-elementor-type=\"wp-page\" data-elementor-id=\"5171\" class=\"elementor elementor-5171 elementor-3959\" data-elementor-post-type=\"page\">\n\t\t\t\t<div class=\"elementor-element elementor-element-40b3b9a e-flex e-con-boxed e-con e-parent\" data-id=\"40b3b9a\" data-element_type=\"container\" data-e-type=\"container\">\n\t\t\t\t\t<div class=\"e-con-inner\">\n\t\t<div class=\"elementor-element elementor-element-a341164 e-con-full e-flex e-con e-child\" data-id=\"a341164\" data-element_type=\"container\" data-e-type=\"container\">\n\t\t<div class=\"elementor-element elementor-element-6ad8fe6 e-con-full e-flex e-con e-child\" data-id=\"6ad8fe6\" data-element_type=\"container\" data-e-type=\"container\">\n\t\t<div class=\"elementor-element elementor-element-ce653be e-con-full e-flex e-con e-child\" data-id=\"ce653be\" data-element_type=\"container\" data-e-type=\"container\">\n\t\t<div class=\"elementor-element elementor-element-d1704c5 e-con-full e-flex e-con e-child\" data-id=\"d1704c5\" data-element_type=\"container\" data-e-type=\"container\">\n\t\t<div class=\"elementor-element elementor-element-98db78c e-con-full project-details e-flex e-con e-child\" data-id=\"98db78c\" data-element_type=\"container\" data-e-type=\"container\">\n\t\t\n\t\t<div class=\"elementor-element elementor-element-73a71c5 elementor-widget elementor-widget-text-editor\" data-id=\"73a71c5\" data-element_type=\"widget\" data-e-type=\"widget\" data-widget_type=\"text-editor.default\">\n\t\t\t\t\t\t\t\t\t<h2 class=\"sec-title page-title\">Carottes Fra\u00eeches<\/h2><p class=\"page-text\">Carottes de qualit\u00e9 sup\u00e9rieure, reconnues pour leur couleur orange vif, leur texture croquante et leur saveur naturellement sucr\u00e9e.<br>Soigneusement r\u00e9colt\u00e9es et s\u00e9lectionn\u00e9es pour garantir une fra\u00eecheur et une valeur nutritionnelle \u00e9lev\u00e9e, elles sont id\u00e9ales pour les salades, la cuisine et les repas sains. <\/p>\t\t\t\t\t\t\t\t<\/div>\n\t\t\t\t<div class=\"elementor-element elementor-element-3020ff5 elementor-widget elementor-widget-frutinfeatures\" data-id=\"3020ff5\" data-element_type=\"widget\" data-e-type=\"widget\" data-widget_type=\"frutinfeatures.default\">\n\t\t\t\t<div class=\"elementor-widget-container\">\n\t\t\t\t\t<div class=\"project-meta-wrap\"><div class=\"project-meta\"><h3 class=\"box-title\">Cat\u00e9gorie :<br><\/h3><p class=\"box-text\">L\u00e9gumes Frais<br><\/p><\/div><div class=\"line\"><\/div><div class=\"project-meta\"><h3 class=\"box-title\">Code SH :<br><\/h3><p class=\"box-text\">070610<\/p><\/div><div class=\"line\"><\/div><div class=\"project-meta\"><h3 class=\"box-title\">Forme :<br><\/h3><p class=\"box-text\">Cylindrique \u2013 Droite<br> <\/p><\/div><div class=\"line\"><\/div><div class=\"project-meta\"><h3 class=\"box-title\">Couleur :<br><\/h3><p class=\"box-text\">Orange vif \/ Orange fonc\u00e9 <\/p><\/div><\/div>\t\t\t\t<\/div>\n\t\t\t\t<\/div>\n\t\t\t\t<div class=\"elementor-element elementor-element-026e5c3 page-img elementor-widget elementor-widget-image\" data-id=\"026e5c3\" data-element_type=\"widget\" data-e-type=\"widget\" data-widget_type=\"image.default\">\n\t\t\t\t\t\t\t\t\t\t\t\t\t\t\t<img decoding=\"async\" src=\"https:\/\/premier-farms.com\/wp-content\/uploads\/elementor\/thumbs\/carrots-rklduk57waiqny830la80jsqltic6sfrqi9ca30q10.png\" title=\"carrots\" alt=\"carrots\" loading=\"lazy\" \/>\t\t\t\t\t\t\t\t\t\t\t\t\t\t\t<\/div>\n\t\t<div class=\"elementor-element elementor-element-4bc963c e-grid e-con-full e-con e-child\" data-id=\"4bc963c\" data-element_type=\"container\" data-e-type=\"container\">\n\t\t\t\t<div class=\"elementor-element elementor-element-4841be7 elementor-widget elementor-widget-text-editor\" data-id=\"4841be7\" data-element_type=\"widget\" data-e-type=\"widget\" data-widget_type=\"text-editor.default\">\n\t\t\t\t\t\t\t\t\t<h3 class=\"h4 mb-4 fw-semibold\">Sp\u00e9cifications :<br><\/h3><p class=\"mb-25\">Carottes de haute qualit\u00e9 aux couleurs \u00e9clatantes, \u00e0 la texture ferme et de taille uniforme. S\u00e9lectionn\u00e9es selon les normes d&#8217;exportation pour garantir la propret\u00e9, la fra\u00eecheur et une qualit\u00e9 sup\u00e9rieure, adapt\u00e9es aux march\u00e9s de produits frais et \u00e0 la transformation alimentaire.<br> <\/p><ul><li aria-setsize=\"-1\" data-leveltext=\"\uf0b7\" data-font=\"Symbol\" data-listid=\"17\" data-list-defn-props=\"{\"335551671\":15,\"335552541\":1,\"335559685\":360,\"335559991\":360,\"469769226\":\"Symbol\",\"469769242\":[8226],\"469777803\":\"left\",\"469777804\":\"\uf0b7\",\"469777815\":\"hybridMultilevel\"}\" data-aria-posinset=\"81\" data-aria-level=\"1\">Saison \/ Disponibilit\u00e9 : De d\u00e9cembre \u00e0 mai.<br><span data-ccp-props=\"{\"201341983\":0,\"335559740\":240}\"> <\/span><\/li><\/ul><ul><li aria-setsize=\"-1\" data-leveltext=\"\uf0b7\" data-font=\"Symbol\" data-listid=\"17\" data-list-defn-props=\"{\"335551671\":15,\"335552541\":1,\"335559685\":360,\"335559991\":360,\"469769226\":\"Symbol\",\"469769242\":[8226],\"469777803\":\"left\",\"469777804\":\"\uf0b7\",\"469777815\":\"hybridMultilevel\"}\" data-aria-posinset=\"85\" data-aria-level=\"1\">Tailles \/ Diam\u00e8tre : 20\/40 mm &amp; Jumbo 60 mm. <span data-ccp-props=\"{\"201341983\":0,\"335557856\":16777215,\"335559738\":120,\"335559739\":120,\"335559740\":240}\"> <\/span><\/li><\/ul><ul><li aria-setsize=\"-1\" data-leveltext=\"\uf0b7\" data-font=\"Symbol\" data-listid=\"17\" data-list-defn-props=\"{\"335551671\":15,\"335552541\":1,\"335559685\":360,\"335559991\":360,\"469769226\":\"Symbol\",\"469769242\":[8226],\"469777803\":\"left\",\"469777804\":\"\uf0b7\",\"469777815\":\"hybridMultilevel\"}\" data-aria-posinset=\"86\" data-aria-level=\"1\">Longueur : 12 \u00e0 25 cm (selon les normes d&#8217;exportation).<br><span data-ccp-props=\"{\"201341983\":0,\"335557856\":16777215,\"335559740\":240}\"> <\/span><\/li><\/ul><ul><li aria-setsize=\"-1\" data-leveltext=\"\uf0b7\" data-font=\"Symbol\" data-listid=\"17\" data-list-defn-props=\"{\"335551671\":15,\"335552541\":1,\"335559685\":360,\"335559991\":360,\"469769226\":\"Symbol\",\"469769242\":[8226],\"469777803\":\"left\",\"469777804\":\"\uf0b7\",\"469777815\":\"hybridMultilevel\"}\" data-aria-posinset=\"87\" data-aria-level=\"1\"><strong>Sizes:<\/strong><span data-contrast=\"auto\"><strong> Small:<\/strong> (70\/150gm-Retail Pack) \u2013 Medium: (150\/250gm &#8211; Standards) \u2013 Large: 250g+ &#8211; Premium) \u2013 Extra Large: 300g+ &#8211; Processing).<\/span><span data-ccp-props=\"{\"201341983\":0,\"335557856\":16777215,\"335559740\":240}\"> <\/span><\/li><\/ul><ul><li aria-setsize=\"-1\" data-leveltext=\"\uf0b7\" data-font=\"Symbol\" data-listid=\"17\" data-list-defn-props=\"{\"335551671\":15,\"335552541\":1,\"335559685\":360,\"335559991\":360,\"469769226\":\"Symbol\",\"469769242\":[8226],\"469777803\":\"left\",\"469777804\":\"\uf0b7\",\"469777815\":\"hybridMultilevel\"}\" data-aria-posinset=\"88\" data-aria-level=\"1\"><span data-contrast=\"none\">Emballage : Sacs consommateurs 10 kg \u2013 Sacs PP 10 kg (Emballage de gros standard) \u2013 Cartons 10 kg (Format d&#8217;exportation alternatif) \u2013 Sacs Jumbo 1100-1500 kg (Transformation industrielle en vrac)<\/span><span data-ccp-props=\"{\"201341983\":0,\"335559740\":240}\"> <\/span><\/li><\/ul><ul><li aria-setsize=\"-1\" data-leveltext=\"\uf0b7\" data-font=\"Symbol\" data-listid=\"17\" data-list-defn-props=\"{\"335551671\":15,\"335552541\":1,\"335559685\":360,\"335559991\":360,\"469769226\":\"Symbol\",\"469769242\":[8226],\"469777803\":\"left\",\"469777804\":\"\uf0b7\",\"469777815\":\"hybridMultilevel\"}\" data-aria-posinset=\"89\" data-aria-level=\"1\">Hydro-Refroidissement (Hydro-Cooling) : Syst\u00e8me avanc\u00e9 de refroidissement par eau pour une dur\u00e9e de conservation prolong\u00e9e et une fra\u00eecheur pr\u00e9serv\u00e9e.<span data-ccp-props=\"{\"201341983\":0,\"335559738\":120,\"335559739\":120,\"335559740\":240}\"> <\/span><\/li><\/ul><ul><li aria-setsize=\"-1\" data-leveltext=\"\uf0b7\" data-font=\"Symbol\" data-listid=\"17\" data-list-defn-props=\"{\"335551671\":15,\"335552541\":1,\"335559685\":360,\"335559991\":360,\"469769226\":\"Symbol\",\"469769242\":[8226],\"469777803\":\"left\",\"469777804\":\"\uf0b7\",\"469777815\":\"hybridMultilevel\"}\" data-aria-posinset=\"90\" data-aria-level=\"1\">Polissage : Polissage de pointe pour un aspect am\u00e9lior\u00e9 et une meilleure attractivit\u00e9 commerciale.<span data-ccp-props=\"{\"201341983\":0,\"335559738\":120,\"335559739\":120,\"335559740\":240}\"> <\/span><\/li><\/ul><ul><li aria-setsize=\"-1\" data-leveltext=\"\uf0b7\" data-font=\"Symbol\" data-listid=\"17\" data-list-defn-props=\"{\"335551671\":15,\"335552541\":1,\"335559685\":360,\"335559991\":360,\"469769226\":\"Symbol\",\"469769242\":[8226],\"469777803\":\"left\",\"469777804\":\"\uf0b7\",\"469777815\":\"hybridMultilevel\"}\" data-aria-posinset=\"91\" data-aria-level=\"1\">Culture en D\u00e9sert : Cultiv\u00e9es dans un sol d\u00e9sertique exempt de parasites et sans aucune contamination par la boue.<span data-ccp-props=\"{\"201341983\":0,\"335559738\":120,\"335559739\":120,\"335559740\":240}\"> <\/span><\/li><\/ul><ul><li aria-setsize=\"-1\" data-leveltext=\"\uf0b7\" data-font=\"Symbol\" data-listid=\"17\" data-list-defn-props=\"{\"335551671\":15,\"335552541\":1,\"335559685\":360,\"335559991\":360,\"469769226\":\"Symbol\",\"469769242\":[8226],\"469777803\":\"left\",\"469777804\":\"\uf0b7\",\"469777815\":\"hybridMultilevel\"}\" data-aria-posinset=\"92\" data-aria-level=\"1\">Transformation : Lav\u00e9es, tri\u00e9es manuellement et emball\u00e9es selon des normes d&#8217;hygi\u00e8ne strictes.<br><span data-ccp-props=\"{\"201341983\":0,\"335559738\":120,\"335559739\":120,\"335559740\":240}\"> <\/span><\/li><\/ul><ul><li aria-setsize=\"-1\" data-leveltext=\"\uf0b7\" data-font=\"Symbol\" data-listid=\"17\" data-list-defn-props=\"{\"335551671\":15,\"335552541\":1,\"335559685\":360,\"335559991\":360,\"469769226\":\"Symbol\",\"469769242\":[8226],\"469777803\":\"left\",\"469777804\":\"\uf0b7\",\"469777815\":\"hybridMultilevel\"}\" data-aria-posinset=\"93\" data-aria-level=\"1\">Nutrition : 100 % de l&#8217;apport quotidien en vitamine A, riche en b\u00eata-carot\u00e8ne et en antioxydants.<br><span data-ccp-props=\"{\"201341983\":0,\"335559738\":120,\"335559739\":120,\"335559740\":240}\"> <\/span><\/li><\/ul><ul><li aria-setsize=\"-1\" data-leveltext=\"\uf0b7\" data-font=\"Symbol\" data-listid=\"17\" data-list-defn-props=\"{\"335551671\":15,\"335552541\":1,\"335559685\":360,\"335559991\":360,\"469769226\":\"Symbol\",\"469769242\":[8226],\"469777803\":\"left\",\"469777804\":\"\uf0b7\",\"469777815\":\"hybridMultilevel\"}\" data-aria-posinset=\"94\" data-aria-level=\"1\">Origine : Produit d&#8217;\u00c9gypte \u2014 Culture en terres d\u00e9sertiques.<br><span data-ccp-props=\"{\"201341983\":0,\"335559738\":120,\"335559739\":120,\"335559740\":240}\"> <\/span><\/li><\/ul><ul><li aria-setsize=\"-1\" data-leveltext=\"\uf0b7\" data-font=\"Symbol\" data-listid=\"17\" data-list-defn-props=\"{\"335551671\":15,\"335552541\":1,\"335559685\":360,\"335559991\":360,\"469769226\":\"Symbol\",\"469769242\":[8226],\"469777803\":\"left\",\"469777804\":\"\uf0b7\",\"469777815\":\"hybridMultilevel\"}\" data-aria-posinset=\"95\" data-aria-level=\"1\">Chargement du Conteneur : 18 palettes par conteneur, 144 sacs par palette (format 10 kg).<br><span data-ccp-props=\"{\"201341983\":0,\"335559738\":120,\"335559739\":120,\"335559740\":240}\"> <\/span><\/li><\/ul><ul><li aria-setsize=\"-1\" data-leveltext=\"\uf0b7\" data-font=\"Symbol\" data-listid=\"17\" data-list-defn-props=\"{\"335551671\":15,\"335552541\":1,\"335559685\":360,\"335559991\":360,\"469769226\":\"Symbol\",\"469769242\":[8226],\"469777803\":\"left\",\"469777804\":\"\uf0b7\",\"469777815\":\"hybridMultilevel\"}\" data-aria-posinset=\"96\" data-aria-level=\"1\">Capacit\u00e9 d&#8217;un Conteneur 40 pieds : 2 592 sacs (10 kg) ou 20 sacs jumbo (1100-1500 kg chacun).<br><span data-ccp-props=\"{\"201341983\":0,\"335559738\":120,\"335559739\":120,\"335559740\":240}\"> <\/span><\/li><\/ul><ul><li aria-setsize=\"-1\" data-leveltext=\"\uf0b7\" data-font=\"Symbol\" data-listid=\"17\" data-list-defn-props=\"{\"335551671\":15,\"335552541\":1,\"335559685\":360,\"335559991\":360,\"469769226\":\"Symbol\",\"469769242\":[8226],\"469777803\":\"left\",\"469777804\":\"\uf0b7\",\"469777815\":\"hybridMultilevel\"}\" data-aria-posinset=\"97\" data-aria-level=\"1\">Dur\u00e9e de Conservation : Jusqu&#8217;\u00e0 45 jours dans des conditions de stockage id\u00e9ales.<span data-ccp-props=\"{\"134233117\":false,\"134233118\":false,\"201341983\":0,\"335557856\":16777215,\"335559738\":120,\"335559739\":120,\"335559740\":240}\"> <\/span><\/li><\/ul><ul><li aria-setsize=\"-1\" data-leveltext=\"\uf0b7\" data-font=\"Symbol\" data-listid=\"17\" data-list-defn-props=\"{\"335551671\":15,\"335552541\":1,\"335559685\":360,\"335559991\":360,\"469769226\":\"Symbol\",\"469769242\":[8226],\"469777803\":\"left\",\"469777804\":\"\uf0b7\",\"469777815\":\"hybridMultilevel\"}\" data-aria-posinset=\"98\" data-aria-level=\"1\">Temp\u00e9rature de stockage : 0\u00b0C \u00e0 -3\u00b0C selon les exigences de destination.<br><span data-ccp-props=\"{\"201341983\":0,\"335559738\":120,\"335559739\":120,\"335559740\":240}\"> <\/span><\/li><\/ul><ul><li aria-setsize=\"-1\" data-leveltext=\"\uf0b7\" data-font=\"Symbol\" data-listid=\"17\" data-list-defn-props=\"{\"335551671\":15,\"335552541\":1,\"335559685\":360,\"335559991\":360,\"469769226\":\"Symbol\",\"469769242\":[8226],\"469777803\":\"left\",\"469777804\":\"\uf0b7\",\"469777815\":\"hybridMultilevel\"}\" data-aria-posinset=\"99\" data-aria-level=\"1\">Exp\u00e9dition : Conteneurs frigorifiques (Reefer) 40 pieds.<br><span data-ccp-props=\"{\"201341983\":0,\"335559738\":120,\"335559739\":120,\"335559740\":240}\"> <\/span><\/li><\/ul>\t\t\t\t\t\t\t\t<\/div>\n\t\t\t\t<\/div>\n\t\t\t\t<div class=\"elementor-element elementor-element-8de142e elementor-widget elementor-widget-html\" data-id=\"8de142e\" data-element_type=\"widget\" data-e-type=\"widget\" data-widget_type=\"html.default\">\n\t\t\t\t\t  <div class=\"project-nav\">\r\n              <a href=\"https:\/\/premier-farms.com\/fr\/oignons\/\" class=\"nav-btn\">\r\n                <i class=\"far fa-arrow-left icon-btn\"><\/i>\r\n                Pr\u00e9c\u00e9dent\r\n              <\/a>\r\n              <a href=\"https:\/\/premier-farms.com\/fr\/ail\/\" class=\"nav-btn\">\r\n                Suivant\r\n                <i class=\"far fa-arrow-right icon-btn\"><\/i>\r\n              <\/a> \r\n        <\/div>\t\t\t\t<\/div>\n\t\t\t\t<\/div>\n\t\t\t\t<\/div>\n\t\t\t\t<\/div>\n\t\t\t\t<\/div>\n\t\t\t\t<\/div>\n\t\t\t\t\t<\/div>\n\t\t\t\t<\/div>\n\t\t\t\t<\/div>\n\t\t","protected":false},"excerpt":{"rendered":"<p>Carottes Fra\u00eeches Carottes de qualit\u00e9 sup\u00e9rieure, reconnues pour leur couleur orange vif, leur texture croquante et leur saveur naturellement sucr\u00e9e.Soigneusement r\u00e9colt\u00e9es et s\u00e9lectionn\u00e9es pour garantir une fra\u00eecheur et une valeur nutritionnelle \u00e9lev\u00e9e, elles sont id\u00e9ales pour les salades, la cuisine et les repas sains. Cat\u00e9gorie : L\u00e9gumes Frais Code SH : 070610 Forme : Cylindrique&#8230;<\/p>\n","protected":false},"author":1,"featured_media":0,"parent":0,"menu_order":0,"comment_status":"closed","ping_status":"closed","template":"template-builder.php","meta":{"_monsterinsights_skip_tracking":false,"_monsterinsights_sitenote_active":false,"_monsterinsights_sitenote_note":"","_monsterinsights_sitenote_category":0,"footnotes":""},"class_list":["post-5171","page","type-page","status-publish","hentry"],"_links":{"self":[{"href":"https:\/\/premier-farms.com\/fr\/wp-json\/wp\/v2\/pages\/5171","targetHints":{"allow":["GET"]}}],"collection":[{"href":"https:\/\/premier-farms.com\/fr\/wp-json\/wp\/v2\/pages"}],"about":[{"href":"https:\/\/premier-farms.com\/fr\/wp-json\/wp\/v2\/types\/page"}],"author":[{"embeddable":true,"href":"https:\/\/premier-farms.com\/fr\/wp-json\/wp\/v2\/users\/1"}],"replies":[{"embeddable":true,"href":"https:\/\/premier-farms.com\/fr\/wp-json\/wp\/v2\/comments?post=5171"}],"version-history":[{"count":7,"href":"https:\/\/premier-farms.com\/fr\/wp-json\/wp\/v2\/pages\/5171\/revisions"}],"predecessor-version":[{"id":5581,"href":"https:\/\/premier-farms.com\/fr\/wp-json\/wp\/v2\/pages\/5171\/revisions\/5581"}],"wp:attachment":[{"href":"https:\/\/premier-farms.com\/fr\/wp-json\/wp\/v2\/media?parent=5171"}],"curies":[{"name":"wp","href":"https:\/\/api.w.org\/{rel}","templated":true}]}}