{"id":5175,"date":"2026-03-11T09:38:02","date_gmt":"2026-03-11T09:38:02","guid":{"rendered":"https:\/\/premier-farms.com\/citron-jaune-eureka\/"},"modified":"2026-03-31T15:32:41","modified_gmt":"2026-03-31T15:32:41","slug":"citron-jaune-eureka","status":"publish","type":"page","link":"https:\/\/premier-farms.com\/fr\/citron-jaune-eureka\/","title":{"rendered":"Citron Jaune Eureka"},"content":{"rendered":"\t\t<div data-elementor-type=\"wp-page\" data-elementor-id=\"5175\" class=\"elementor elementor-5175 elementor-3422\" data-elementor-post-type=\"page\">\n\t\t\t\t<div class=\"elementor-element elementor-element-8672014 e-flex e-con-boxed e-con e-parent\" data-id=\"8672014\" data-element_type=\"container\" data-e-type=\"container\">\n\t\t\t\t\t<div class=\"e-con-inner\">\n\t\t<div class=\"elementor-element elementor-element-4d119e8 e-con-full e-flex e-con e-child\" data-id=\"4d119e8\" data-element_type=\"container\" data-e-type=\"container\">\n\t\t<div class=\"elementor-element elementor-element-c429a0d e-con-full project-details e-flex e-con e-child\" data-id=\"c429a0d\" data-element_type=\"container\" data-e-type=\"container\">\n\t\t\n\t\t<div class=\"elementor-element elementor-element-8f34b5d elementor-widget elementor-widget-text-editor\" data-id=\"8f34b5d\" data-element_type=\"widget\" data-e-type=\"widget\" data-widget_type=\"text-editor.default\">\n\t\t\t\t\t\t\t\t\t<h2 class=\"sec-title page-title\">Citron Jaune Eureka<br><\/h2><p class=\"page-text\">Le citron Adhalia est cultiv\u00e9 \u00e0 grande \u00e9chelle, avec des volumes importants, et est principalement utilis\u00e9 \u00e0 des fins alimentaires. Vari\u00e9t\u00e9s : Eureka A, Eureka B et Limonera (Verna). Le citron est riche en potassium et en min\u00e9raux qui favorisent la clart\u00e9 d&#8217;esprit et aident \u00e0 normaliser la tension art\u00e9rielle. Le go\u00fbt acide distinctif du jus de citron en fait un ingr\u00e9dient cl\u00e9 dans les boissons et les aliments tels que la limonade et la tarte au citron meringu\u00e9e.<\/p>\t\t\t\t\t\t\t\t<\/div>\n\t\t\t\t<div class=\"elementor-element elementor-element-8cd2787 elementor-widget elementor-widget-frutinfeatures\" data-id=\"8cd2787\" data-element_type=\"widget\" data-e-type=\"widget\" data-widget_type=\"frutinfeatures.default\">\n\t\t\t\t<div class=\"elementor-widget-container\">\n\t\t\t\t\t<div class=\"project-meta-wrap\"><div class=\"project-meta\"><h3 class=\"box-title\">Cat\u00e9gorie :<br><\/h3><p class=\"box-text\">Agrumes Frais<br> <\/p><\/div><div class=\"line\"><\/div><div class=\"project-meta\"><h3 class=\"box-title\">Code SH :<br><\/h3><p class=\"box-text\">080550 <\/p><\/div><div class=\"line\"><\/div><div class=\"project-meta\"><h3 class=\"box-title\">Taux d'acidit\u00e9 :<br> <\/h3><p class=\"box-text\"> 0.9      <\/p><\/div><div class=\"line\"><\/div><div class=\"project-meta\"><h3 class=\"box-title\"> Taux de Brix :<br><\/h3><p class=\"box-text\">Entre 12,5 et 14,5 \n<\/p><\/div><\/div>\t\t\t\t<\/div>\n\t\t\t\t<\/div>\n\t\t\t\t<div class=\"elementor-element elementor-element-93515ca page-img elementor-widget elementor-widget-image\" data-id=\"93515ca\" data-element_type=\"widget\" data-e-type=\"widget\" data-widget_type=\"image.default\">\n\t\t\t\t\t\t\t\t\t\t\t\t\t\t\t<img decoding=\"async\" src=\"https:\/\/premier-farms.com\/wp-content\/uploads\/elementor\/thumbs\/lemon-rkcodij5xc57xcdqr2gsysi1hu246slbupyzl9gv5w.png\" title=\"lemon\" alt=\"lemon\" loading=\"lazy\" \/>\t\t\t\t\t\t\t\t\t\t\t\t\t\t\t<\/div>\n\t\t<div class=\"elementor-element elementor-element-224ae54 e-grid e-con-full e-con e-child\" data-id=\"224ae54\" data-element_type=\"container\" data-e-type=\"container\">\n\t\t\t\t<div class=\"elementor-element elementor-element-9b2e5b6 elementor-widget elementor-widget-text-editor\" data-id=\"9b2e5b6\" data-element_type=\"widget\" data-e-type=\"widget\" data-widget_type=\"text-editor.default\">\n\t\t\t\t\t\t\t\t\t<h3 class=\"h4 mb-4 fw-semibold\">Sp\u00e9cifications :<br><\/h3><p class=\"mb-25\">Citron Eureka de qualit\u00e9 sup\u00e9rieure, reconnu pour sa couleur jaune vif, sa teneur \u00e9lev\u00e9e en jus et sa saveur acide rafra\u00eechissante.<br> Soigneusement s\u00e9lectionn\u00e9 pour r\u00e9pondre aux normes d&#8217;exportation, garantissant une excellente fra\u00eecheur, un calibre uniforme et une qualit\u00e9 sup\u00e9rieure, id\u00e9al pour une utilisation fra\u00eeche et la transformation alimentaire.<br><\/p>\t\t\t\t\t\t\t\t<\/div>\n\t\t<div class=\"elementor-element elementor-element-d5c786c e-grid e-con-full e-con e-child\" data-id=\"d5c786c\" data-element_type=\"container\" data-e-type=\"container\">\n\t\t\t\t<div class=\"elementor-element elementor-element-202a79c elementor-widget__width-initial elementor-widget elementor-widget-text-editor\" data-id=\"202a79c\" data-element_type=\"widget\" data-e-type=\"widget\" data-widget_type=\"text-editor.default\">\n\t\t\t\t\t\t\t\t\t<div class=\"check-list\"><ul><li><i class=\"far fa-check-circle\"><\/i>Saison \/ Disponibilit\u00e9 : D&#8217;octobre \u00e0 f\u00e9vrier.<br><\/li><li><i class=\"far fa-check-circle\"><\/i>Tailles \/ Calibres : 72\/80\/88\/100\/113\/125\/138\/150 unit\u00e9s \/ Carton ou Caisse de 15 kg.<br><\/li><li><i class=\"far fa-check-circle\"><\/i>Capacit\u00e9 du conteneur : 1 664 cartons pour un total de 24 960 kg de citrons jaunes Eureka frais.<br><\/li><\/ul><\/div>\t\t\t\t\t\t\t\t<\/div>\n\t\t\t\t<div class=\"elementor-element elementor-element-79c966a elementor-widget elementor-widget-text-editor\" data-id=\"79c966a\" data-element_type=\"widget\" data-e-type=\"widget\" data-widget_type=\"text-editor.default\">\n\t\t\t\t\t\t\t\t\t<div class=\"check-list\"><ul><li><i class=\"far fa-check-circle\"><\/i>Exp\u00e9dition : Conteneurs frigorifiques (Reefer) 40 pieds et 20 pieds.<br><\/li><li><i class=\"far fa-check-circle\"><\/i>Emballage : Carton t\u00e9lescopique de 15 kg ou caisse en plastique (Poids net).<\/li><\/ul><\/div>\t\t\t\t\t\t\t\t<\/div>\n\t\t\t\t<\/div>\n\t\t\t\t<\/div>\n\t\t\t\t<div class=\"elementor-element elementor-element-a21e718 elementor-widget elementor-widget-html\" data-id=\"a21e718\" data-element_type=\"widget\" data-e-type=\"widget\" data-widget_type=\"html.default\">\n\t\t\t\t\t<div class=\"project-nav\">\r\n              <a href=\"https:\/\/premier-farms.com\/fr\/pomelo\/\" class=\"nav-btn\">\r\n                <i class=\"far fa-arrow-left icon-btn\"><\/i>\r\n                Pr\u00e9c\u00e9dent\r\n              <\/a>\r\n              <a href=\"#\" class=\"nav-btn\">\r\n                Suivant\r\n                <i class=\"far fa-arrow-right icon-btn\"><\/i>\r\n              <\/a> \r\n        <\/div>\t\t\t\t<\/div>\n\t\t\t\t<\/div>\n\t\t\t\t<\/div>\n\t\t\t\t\t<\/div>\n\t\t\t\t<\/div>\n\t\t\t\t<\/div>\n\t\t","protected":false},"excerpt":{"rendered":"<p>Citron Jaune Eureka Le citron Adhalia est cultiv\u00e9 \u00e0 grande \u00e9chelle, avec des volumes importants, et est principalement utilis\u00e9 \u00e0 des fins alimentaires. Vari\u00e9t\u00e9s : Eureka A, Eureka B et Limonera (Verna). Le citron est riche en potassium et en min\u00e9raux qui favorisent la clart\u00e9 d&#8217;esprit et aident \u00e0 normaliser la tension art\u00e9rielle. Le go\u00fbt&#8230;<\/p>\n","protected":false},"author":1,"featured_media":0,"parent":0,"menu_order":0,"comment_status":"closed","ping_status":"closed","template":"template-builder.php","meta":{"_monsterinsights_skip_tracking":false,"_monsterinsights_sitenote_active":false,"_monsterinsights_sitenote_note":"","_monsterinsights_sitenote_category":0,"footnotes":""},"class_list":["post-5175","page","type-page","status-publish","hentry"],"_links":{"self":[{"href":"https:\/\/premier-farms.com\/fr\/wp-json\/wp\/v2\/pages\/5175","targetHints":{"allow":["GET"]}}],"collection":[{"href":"https:\/\/premier-farms.com\/fr\/wp-json\/wp\/v2\/pages"}],"about":[{"href":"https:\/\/premier-farms.com\/fr\/wp-json\/wp\/v2\/types\/page"}],"author":[{"embeddable":true,"href":"https:\/\/premier-farms.com\/fr\/wp-json\/wp\/v2\/users\/1"}],"replies":[{"embeddable":true,"href":"https:\/\/premier-farms.com\/fr\/wp-json\/wp\/v2\/comments?post=5175"}],"version-history":[{"count":7,"href":"https:\/\/premier-farms.com\/fr\/wp-json\/wp\/v2\/pages\/5175\/revisions"}],"predecessor-version":[{"id":5554,"href":"https:\/\/premier-farms.com\/fr\/wp-json\/wp\/v2\/pages\/5175\/revisions\/5554"}],"wp:attachment":[{"href":"https:\/\/premier-farms.com\/fr\/wp-json\/wp\/v2\/media?parent=5175"}],"curies":[{"name":"wp","href":"https:\/\/api.w.org\/{rel}","templated":true}]}}