{"id":5179,"date":"2026-03-11T09:37:02","date_gmt":"2026-03-11T09:37:02","guid":{"rendered":"https:\/\/premier-farms.com\/ail\/"},"modified":"2026-03-31T15:36:51","modified_gmt":"2026-03-31T15:36:51","slug":"ail","status":"publish","type":"page","link":"https:\/\/premier-farms.com\/fr\/ail\/","title":{"rendered":"Ail"},"content":{"rendered":"\t\t<div data-elementor-type=\"wp-page\" data-elementor-id=\"5179\" class=\"elementor elementor-5179 elementor-3414\" data-elementor-post-type=\"page\">\n\t\t\t\t<div class=\"elementor-element elementor-element-f9d5196 e-flex e-con-boxed e-con e-parent\" data-id=\"f9d5196\" data-element_type=\"container\" data-e-type=\"container\">\n\t\t\t\t\t<div class=\"e-con-inner\">\n\t\t<div class=\"elementor-element elementor-element-6b52c58 e-con-full e-flex e-con e-child\" data-id=\"6b52c58\" data-element_type=\"container\" data-e-type=\"container\">\n\t\t<div class=\"elementor-element elementor-element-bfe28fc e-con-full e-flex e-con e-child\" data-id=\"bfe28fc\" data-element_type=\"container\" data-e-type=\"container\">\n\t\t<div class=\"elementor-element elementor-element-3e18c5d e-con-full project-details e-flex e-con e-child\" data-id=\"3e18c5d\" data-element_type=\"container\" data-e-type=\"container\">\n\t\t\n\t\t<div class=\"elementor-element elementor-element-b5dfb86 elementor-widget elementor-widget-text-editor\" data-id=\"b5dfb86\" data-element_type=\"widget\" data-e-type=\"widget\" data-widget_type=\"text-editor.default\">\n\t\t\t\t\t\t\t\t\t<h2 class=\"sec-title page-title\">Ail Frais et Sec<\/h2><p class=\"page-text\">L&#8217;ail \u00e9gyptien blanc\/rose poss\u00e8de une saveur intense, des bulbes fermes et des gousses propres.<br> Premier Farms cultive des vari\u00e9t\u00e9s d&#8217;ail exceptionnelles, reconnues pour leur go\u00fbt prononc\u00e9, leur aspect \u00e9clatant et leur qualit\u00e9 sup\u00e9rieure.<\/p>\t\t\t\t\t\t\t\t<\/div>\n\t\t\t\t<div class=\"elementor-element elementor-element-b88ff47 elementor-widget elementor-widget-frutinfeatures\" data-id=\"b88ff47\" data-element_type=\"widget\" data-e-type=\"widget\" data-widget_type=\"frutinfeatures.default\">\n\t\t\t\t<div class=\"elementor-widget-container\">\n\t\t\t\t\t<div class=\"project-meta-wrap\"><div class=\"project-meta\"><h3 class=\"box-title\">Cat\u00e9gorie :<br><\/h3><p class=\"box-text\">L\u00e9gumes Frais<br><\/p><\/div><div class=\"line\"><\/div><div class=\"project-meta\"><h3 class=\"box-title\">Code SH :<br><\/h3><p class=\"box-text\">070320 <\/p><\/div><div class=\"line\"><\/div><div class=\"project-meta\"><h3 class=\"box-title\">Taux d'acidit\u00e9 :<br> <\/h3><p class=\"box-text\">None<\/p><\/div><div class=\"line\"><\/div><div class=\"project-meta\"><h3 class=\"box-title\"> Taux de Brix :<br><\/h3><p class=\"box-text\">None<\/p><\/div><\/div>\t\t\t\t<\/div>\n\t\t\t\t<\/div>\n\t\t\t\t<div class=\"elementor-element elementor-element-f4dd001 page-img elementor-widget elementor-widget-image\" data-id=\"f4dd001\" data-element_type=\"widget\" data-e-type=\"widget\" data-widget_type=\"image.default\">\n\t\t\t\t\t\t\t\t\t\t\t\t\t\t\t<img decoding=\"async\" src=\"https:\/\/premier-farms.com\/wp-content\/uploads\/elementor\/thumbs\/Garlic-rkcocxupqzcwtx7s3tj0fxpwfcw1hgb8fvmb16biys.png\" title=\"Garlic\" alt=\"Garlic\" loading=\"lazy\" \/>\t\t\t\t\t\t\t\t\t\t\t\t\t\t\t<\/div>\n\t\t<div class=\"elementor-element elementor-element-93a60f0 e-grid e-con-full e-con e-child\" data-id=\"93a60f0\" data-element_type=\"container\" data-e-type=\"container\">\n\t\t\t\t<div class=\"elementor-element elementor-element-6437585 elementor-widget elementor-widget-text-editor\" data-id=\"6437585\" data-element_type=\"widget\" data-e-type=\"widget\" data-widget_type=\"text-editor.default\">\n\t\t\t\t\t\t\t\t\t<h3 class=\"h4 mb-4 fw-semibold\">Sp\u00e9cifications :<br><\/h3><p class=\"mb-25\">Il a \u00e9t\u00e9 prouv\u00e9 que notre ail r\u00e9duit le cholest\u00e9rol total et les niveaux de LDL de 10 \u00e0 15 %, soutient la sant\u00e9 cardiaque, renforce l&#8217;immunit\u00e9 et offre de nombreux bienfaits culinaires et sanitaires.<br> Cultiv\u00e9 dans les sols fertiles d&#8217;\u00c9gypte sous des conditions climatiques optimales, notre ail est devenu un choix de confiance pour les march\u00e9s internationaux en qu\u00eate de r\u00e9gularit\u00e9, de saveur et de fiabilit\u00e9.<\/p>\t\t\t\t\t\t\t\t<\/div>\n\t\t<div class=\"elementor-element elementor-element-ce3f27f e-grid e-con-full e-con e-child\" data-id=\"ce3f27f\" data-element_type=\"container\" data-e-type=\"container\">\n\t\t\t\t<div class=\"elementor-element elementor-element-ea37230 elementor-widget__width-initial elementor-widget elementor-widget-text-editor\" data-id=\"ea37230\" data-element_type=\"widget\" data-e-type=\"widget\" data-widget_type=\"text-editor.default\">\n\t\t\t\t\t\t\t\t\t<div class=\"check-list\"><ul><li><i class=\"far fa-check-circle\"><\/i>Saison \/ Disponibilit\u00e9 : Ail vert : de f\u00e9vrier \u00e0 fin avril. Ail sec<\/li><li><i class=\"far fa-check-circle\"><\/i>Ail sec : De d\u00e9but mai \u00e0 fin septembre.<\/li><li><i class=\"far fa-check-circle\"><\/i>Vari\u00e9t\u00e9s (Vert &amp; Sec) : Ail blanc, Baladi, Ail rose, Chinois.<\/li><li><i class=\"far fa-check-circle\"><\/i>Tailles : De 4,5\/5 cm \u00e0 7,5\/8 cm \u2013 (40, 45, 50, 55, 60, 65, 70, 75, 80 mm \/ Gousse).<br><\/li><\/ul><\/div>\t\t\t\t\t\t\t\t<\/div>\n\t\t\t\t<div class=\"elementor-element elementor-element-2e4e95a elementor-widget elementor-widget-text-editor\" data-id=\"2e4e95a\" data-element_type=\"widget\" data-e-type=\"widget\" data-widget_type=\"text-editor.default\">\n\t\t\t\t\t\t\t\t\t<div class=\"check-list\"><ul><li><i class=\"far fa-check-circle\"><\/i>Exp\u00e9dition : Exp\u00e9ditions a\u00e9riennes et principalement par conteneurs frigorifiques (Reefer) 40 pieds.<br><\/li><li><i class=\"far fa-check-circle\"><\/i>Bienfaits pour la sant\u00e9 : R\u00e9duit le cholest\u00e9rol de 10 \u00e0 15 %, soutient la sant\u00e9 cardiaque, booste l&#8217;immunit\u00e9, combat les infections.<br><\/li><li><i class=\"far fa-check-circle\"><\/i>Profil de saveur : Go\u00fbt prononc\u00e9 et piquant avec un ar\u00f4me distinctif et une dur\u00e9e de conservation prolong\u00e9e.<br><\/li><li><i class=\"far fa-check-circle\"><\/i>Emballage : Filet de 5 kg net, carton ou caisse en plastique de 5 \/ 10 \/ 20 kg (Poids net).<\/li><\/ul><\/div>\t\t\t\t\t\t\t\t<\/div>\n\t\t\t\t<\/div>\n\t\t\t\t<\/div>\n\t\t\t\t<div class=\"elementor-element elementor-element-14d2221 elementor-widget elementor-widget-html\" data-id=\"14d2221\" data-element_type=\"widget\" data-e-type=\"widget\" data-widget_type=\"html.default\">\n\t\t\t\t\t<div class=\"project-nav\">\r\n              <a href=\"https:\/\/premier-farms.com\/fr\/carottes\/\" class=\"nav-btn\">\r\n                <i class=\"far fa-arrow-left icon-btn\"><\/i>\r\n                Pr\u00e9c\u00e9dent\r\n              <\/a>\r\n              <a href=\"https:\/\/premier-farms.com\/fr\/pommes-de-terre\/\" class=\"nav-btn\">\r\n                Suivant\r\n                <i class=\"far fa-arrow-right icon-btn\"><\/i>\r\n              <\/a> \r\n        <\/div>\t\t\t\t<\/div>\n\t\t\t\t<\/div>\n\t\t\t\t<\/div>\n\t\t\t\t<\/div>\n\t\t\t\t\t<\/div>\n\t\t\t\t<\/div>\n\t\t\t\t<\/div>\n\t\t","protected":false},"excerpt":{"rendered":"<p>Ail Frais et Sec L&#8217;ail \u00e9gyptien blanc\/rose poss\u00e8de une saveur intense, des bulbes fermes et des gousses propres. Premier Farms cultive des vari\u00e9t\u00e9s d&#8217;ail exceptionnelles, reconnues pour leur go\u00fbt prononc\u00e9, leur aspect \u00e9clatant et leur qualit\u00e9 sup\u00e9rieure. Cat\u00e9gorie : L\u00e9gumes Frais Code SH : 070320 Taux d&#8217;acidit\u00e9 : None Taux de Brix : None Sp\u00e9cifications&#8230;<\/p>\n","protected":false},"author":1,"featured_media":0,"parent":0,"menu_order":0,"comment_status":"closed","ping_status":"closed","template":"template-builder.php","meta":{"_monsterinsights_skip_tracking":false,"_monsterinsights_sitenote_active":false,"_monsterinsights_sitenote_note":"","_monsterinsights_sitenote_category":0,"footnotes":""},"class_list":["post-5179","page","type-page","status-publish","hentry"],"_links":{"self":[{"href":"https:\/\/premier-farms.com\/fr\/wp-json\/wp\/v2\/pages\/5179","targetHints":{"allow":["GET"]}}],"collection":[{"href":"https:\/\/premier-farms.com\/fr\/wp-json\/wp\/v2\/pages"}],"about":[{"href":"https:\/\/premier-farms.com\/fr\/wp-json\/wp\/v2\/types\/page"}],"author":[{"embeddable":true,"href":"https:\/\/premier-farms.com\/fr\/wp-json\/wp\/v2\/users\/1"}],"replies":[{"embeddable":true,"href":"https:\/\/premier-farms.com\/fr\/wp-json\/wp\/v2\/comments?post=5179"}],"version-history":[{"count":4,"href":"https:\/\/premier-farms.com\/fr\/wp-json\/wp\/v2\/pages\/5179\/revisions"}],"predecessor-version":[{"id":5569,"href":"https:\/\/premier-farms.com\/fr\/wp-json\/wp\/v2\/pages\/5179\/revisions\/5569"}],"wp:attachment":[{"href":"https:\/\/premier-farms.com\/fr\/wp-json\/wp\/v2\/media?parent=5179"}],"curies":[{"name":"wp","href":"https:\/\/api.w.org\/{rel}","templated":true}]}}