{"id":5181,"date":"2026-03-11T09:27:59","date_gmt":"2026-03-11T09:27:59","guid":{"rendered":"https:\/\/premier-farms.com\/pomelo\/"},"modified":"2026-03-31T15:31:57","modified_gmt":"2026-03-31T15:31:57","slug":"pomelo","status":"publish","type":"page","link":"https:\/\/premier-farms.com\/fr\/pomelo\/","title":{"rendered":"Pomelo"},"content":{"rendered":"\t\t<div data-elementor-type=\"wp-page\" data-elementor-id=\"5181\" class=\"elementor elementor-5181 elementor-3356\" data-elementor-post-type=\"page\">\n\t\t\t\t<div class=\"elementor-element elementor-element-37b5c2d e-flex e-con-boxed e-con e-parent\" data-id=\"37b5c2d\" data-element_type=\"container\" data-e-type=\"container\">\n\t\t\t\t\t<div class=\"e-con-inner\">\n\t\t<div class=\"elementor-element elementor-element-686e1ed e-con-full e-flex e-con e-child\" data-id=\"686e1ed\" data-element_type=\"container\" data-e-type=\"container\">\n\t\t<div class=\"elementor-element elementor-element-ceeb51c e-con-full project-details e-flex e-con e-child\" data-id=\"ceeb51c\" data-element_type=\"container\" data-e-type=\"container\">\n\t\t\n\t\t<div class=\"elementor-element elementor-element-ef9b36f elementor-widget elementor-widget-text-editor\" data-id=\"ef9b36f\" data-element_type=\"widget\" data-e-type=\"widget\" data-widget_type=\"text-editor.default\">\n\t\t\t\t\t\t\t\t\t<h2 class=\"sec-title page-title\">Pomelo<br><\/h2><p class=\"page-text\">Agrume de grande taille, rond, \u00e0 la peau jaune dor\u00e9 et \u00e0 l&#8217;\u00e9corce tr\u00e8s \u00e9paisse et tendre \u2014 la chair int\u00e9rieure va du rose au rouge profond. Plus la chair est rouge, plus la saveur est sucr\u00e9e. <\/p>\t\t\t\t\t\t\t\t<\/div>\n\t\t\t\t<div class=\"elementor-element elementor-element-977188d elementor-widget elementor-widget-frutinfeatures\" data-id=\"977188d\" data-element_type=\"widget\" data-e-type=\"widget\" data-widget_type=\"frutinfeatures.default\">\n\t\t\t\t<div class=\"elementor-widget-container\">\n\t\t\t\t\t<div class=\"project-meta-wrap\"><div class=\"project-meta\"><h3 class=\"box-title\">Cat\u00e9gorie :<br><\/h3><p class=\"box-text\">Agrumes Frais<br> <\/p><\/div><div class=\"line\"><\/div><div class=\"project-meta\"><h3 class=\"box-title\">Code SH :<br><\/h3><p class=\"box-text\">080540<\/p><\/div><div class=\"line\"><\/div><div class=\"project-meta\"><h3 class=\"box-title\">Taux d'acidit\u00e9 :<br> <\/h3><p class=\"box-text\"> 0.9      <\/p><\/div><div class=\"line\"><\/div><div class=\"project-meta\"><h3 class=\"box-title\"> Taux de Brix :<br><\/h3><p class=\"box-text\">Entre 12,5 et 14,5 \n<\/p><\/div><\/div>\t\t\t\t<\/div>\n\t\t\t\t<\/div>\n\t\t\t\t<div class=\"elementor-element elementor-element-c8099dc page-img elementor-widget elementor-widget-image\" data-id=\"c8099dc\" data-element_type=\"widget\" data-e-type=\"widget\" data-widget_type=\"image.default\">\n\t\t\t\t\t\t\t\t\t\t\t\t\t\t\t<img decoding=\"async\" src=\"https:\/\/premier-farms.com\/wp-content\/uploads\/elementor\/thumbs\/Grapfruit-rkcod4fl2tlx36y81edefe24l1zlzc1css6pe41rr8.png\" title=\"Grapfruit\" alt=\"Grapfruit\" loading=\"lazy\" \/>\t\t\t\t\t\t\t\t\t\t\t\t\t\t\t<\/div>\n\t\t<div class=\"elementor-element elementor-element-7880ff2 e-grid e-con-full e-con e-child\" data-id=\"7880ff2\" data-element_type=\"container\" data-e-type=\"container\">\n\t\t\t\t<div class=\"elementor-element elementor-element-7ff24a9 elementor-widget elementor-widget-text-editor\" data-id=\"7ff24a9\" data-element_type=\"widget\" data-e-type=\"widget\" data-widget_type=\"text-editor.default\">\n\t\t\t\t\t\t\t\t\t<h3 class=\"h4 mb-4 fw-semibold\">Sp\u00e9cifications :<br><\/h3><p class=\"mb-25\">Pamplemousse de qualit\u00e9 sup\u00e9rieure, reconnu pour sa saveur rafra\u00eechissante, sa chair juteuse et sa couleur \u00e9clatante. Soigneusement s\u00e9lectionn\u00e9 pour r\u00e9pondre aux normes d&#8217;exportation, garantissant un calibre optimal, une grande fra\u00eecheur et une qualit\u00e9 sup\u00e9rieure, id\u00e9al pour la consommation fra\u00eeche et la production de jus. <\/p>\t\t\t\t\t\t\t\t<\/div>\n\t\t<div class=\"elementor-element elementor-element-96a460e e-grid e-con-full e-con e-child\" data-id=\"96a460e\" data-element_type=\"container\" data-e-type=\"container\">\n\t\t\t\t<div class=\"elementor-element elementor-element-6ec76f6 elementor-widget__width-initial elementor-widget elementor-widget-text-editor\" data-id=\"6ec76f6\" data-element_type=\"widget\" data-e-type=\"widget\" data-widget_type=\"text-editor.default\">\n\t\t\t\t\t\t\t\t\t<div class=\"check-list\"><ul><li><i class=\"far fa-check-circle\"><\/i>Saison \/ Disponibilit\u00e9 : D&#8217;octobre \u00e0 f\u00e9vrier.<\/li><li><i class=\"far fa-check-circle\"><\/i>Vari\u00e9t\u00e9 : Vari\u00e9t\u00e9 Star Ruby avec une chair rouge fonc\u00e9.<br><\/li><li><i class=\"far fa-check-circle\"><\/i>Tailles : 30\/36\/40\/45\/50\/55\/64 unit\u00e9s \/ Carton OT de 15 kg.<br><\/li><li><i class=\"far fa-check-circle\"><\/i>Capacit\u00e9 du conteneur : 1 452 cartons pour un total de 21 780 kg de pamplemousse frais.<br><\/li><\/ul><\/div>\t\t\t\t\t\t\t\t<\/div>\n\t\t\t\t<div class=\"elementor-element elementor-element-6f559b4 elementor-widget elementor-widget-text-editor\" data-id=\"6f559b4\" data-element_type=\"widget\" data-e-type=\"widget\" data-widget_type=\"text-editor.default\">\n\t\t\t\t\t\t\t\t\t<div class=\"check-list\"><ul><li><i class=\"far fa-check-circle\"><\/i>Exp\u00e9dition : Conteneurs frigorifiques (Reefer) 40 pieds et 20 pieds.<\/li><li><i class=\"far fa-check-circle\"><\/i>Emballage : Carton Open Top (ouvert) de 15 kg (Poids net).<\/li><\/ul><\/div>\t\t\t\t\t\t\t\t<\/div>\n\t\t\t\t<\/div>\n\t\t\t\t<\/div>\n\t\t\t\t<div class=\"elementor-element elementor-element-aeace35 elementor-widget elementor-widget-html\" data-id=\"aeace35\" data-element_type=\"widget\" data-e-type=\"widget\" data-widget_type=\"html.default\">\n\t\t\t\t\t <div class=\"project-nav\">\r\n              <a href=\"https:\/\/premier-farms.com\/fr\/mandarines\/\" class=\"nav-btn\">\r\n                <i class=\"far fa-arrow-left icon-btn\"><\/i>\r\n                Pr\u00e9c\u00e9dent\r\n              <\/a>\r\n              <a href=\"https:\/\/premier-farms.com\/fr\/citron-jaune-eureka\/\" class=\"nav-btn\">\r\n                Suivant\r\n                <i class=\"far fa-arrow-right icon-btn\"><\/i>\r\n              <\/a> \r\n        <\/div>\t\t\t\t<\/div>\n\t\t\t\t<\/div>\n\t\t\t\t<\/div>\n\t\t\t\t\t<\/div>\n\t\t\t\t<\/div>\n\t\t\t\t<\/div>\n\t\t","protected":false},"excerpt":{"rendered":"<p>Pomelo Agrume de grande taille, rond, \u00e0 la peau jaune dor\u00e9 et \u00e0 l&#8217;\u00e9corce tr\u00e8s \u00e9paisse et tendre \u2014 la chair int\u00e9rieure va du rose au rouge profond. Plus la chair est rouge, plus la saveur est sucr\u00e9e. Cat\u00e9gorie : Agrumes Frais Code SH : 080540 Taux d&#8217;acidit\u00e9 : 0.9 Taux de Brix : Entre&#8230;<\/p>\n","protected":false},"author":1,"featured_media":0,"parent":0,"menu_order":0,"comment_status":"closed","ping_status":"closed","template":"template-builder.php","meta":{"_monsterinsights_skip_tracking":false,"_monsterinsights_sitenote_active":false,"_monsterinsights_sitenote_note":"","_monsterinsights_sitenote_category":0,"footnotes":""},"class_list":["post-5181","page","type-page","status-publish","hentry"],"_links":{"self":[{"href":"https:\/\/premier-farms.com\/fr\/wp-json\/wp\/v2\/pages\/5181","targetHints":{"allow":["GET"]}}],"collection":[{"href":"https:\/\/premier-farms.com\/fr\/wp-json\/wp\/v2\/pages"}],"about":[{"href":"https:\/\/premier-farms.com\/fr\/wp-json\/wp\/v2\/types\/page"}],"author":[{"embeddable":true,"href":"https:\/\/premier-farms.com\/fr\/wp-json\/wp\/v2\/users\/1"}],"replies":[{"embeddable":true,"href":"https:\/\/premier-farms.com\/fr\/wp-json\/wp\/v2\/comments?post=5181"}],"version-history":[{"count":5,"href":"https:\/\/premier-farms.com\/fr\/wp-json\/wp\/v2\/pages\/5181\/revisions"}],"predecessor-version":[{"id":5551,"href":"https:\/\/premier-farms.com\/fr\/wp-json\/wp\/v2\/pages\/5181\/revisions\/5551"}],"wp:attachment":[{"href":"https:\/\/premier-farms.com\/fr\/wp-json\/wp\/v2\/media?parent=5181"}],"curies":[{"name":"wp","href":"https:\/\/api.w.org\/{rel}","templated":true}]}}