{"id":5183,"date":"2026-03-11T09:29:18","date_gmt":"2026-03-11T09:29:18","guid":{"rendered":"https:\/\/premier-farms.com\/mandarines\/"},"modified":"2026-03-31T15:31:22","modified_gmt":"2026-03-31T15:31:22","slug":"mandarines","status":"publish","type":"page","link":"https:\/\/premier-farms.com\/fr\/mandarines\/","title":{"rendered":"Mandarines"},"content":{"rendered":"\t\t<div data-elementor-type=\"wp-page\" data-elementor-id=\"5183\" class=\"elementor elementor-5183 elementor-3361\" data-elementor-post-type=\"page\">\n\t\t\t\t<div class=\"elementor-element elementor-element-79aa1d1 e-flex e-con-boxed e-con e-parent\" data-id=\"79aa1d1\" data-element_type=\"container\" data-e-type=\"container\">\n\t\t\t\t\t<div class=\"e-con-inner\">\n\t\t<div class=\"elementor-element elementor-element-ec822f3 e-con-full e-flex e-con e-child\" data-id=\"ec822f3\" data-element_type=\"container\" data-e-type=\"container\">\n\t\t<div class=\"elementor-element elementor-element-4de7bac e-con-full project-details e-flex e-con e-child\" data-id=\"4de7bac\" data-element_type=\"container\" data-e-type=\"container\">\n\t\t\n\t\t<div class=\"elementor-element elementor-element-ed97ab2 elementor-widget elementor-widget-text-editor\" data-id=\"ed97ab2\" data-element_type=\"widget\" data-e-type=\"widget\" data-widget_type=\"text-editor.default\">\n\t\t\t\t\t\t\t\t\t<h2 class=\"sec-title page-title\">Mandarines fra\u00eeches<br><\/h2><p class=\"page-text\">Sweet Fremont.<br> C&#8217;est un excellent type de mandarine de haute qualit\u00e9, riche en jus et presque sans p\u00e9pins.<\/p>\t\t\t\t\t\t\t\t<\/div>\n\t\t\t\t<div class=\"elementor-element elementor-element-a66e902 elementor-widget elementor-widget-frutinfeatures\" data-id=\"a66e902\" data-element_type=\"widget\" data-e-type=\"widget\" data-widget_type=\"frutinfeatures.default\">\n\t\t\t\t<div class=\"elementor-widget-container\">\n\t\t\t\t\t<div class=\"project-meta-wrap\"><div class=\"project-meta\"><h3 class=\"box-title\">Cat\u00e9gorie :<br><\/h3><p class=\"box-text\">Agrumes Frais<br> <\/p><\/div><div class=\"line\"><\/div><div class=\"project-meta\"><h3 class=\"box-title\">Code SH :<br><\/h3><p class=\"box-text\">080521<\/p><\/div><div class=\"line\"><\/div><div class=\"project-meta\"><h3 class=\"box-title\">Taux d'acidit\u00e9 :<br> <\/h3><p class=\"box-text\"> 0.9      <\/p><\/div><div class=\"line\"><\/div><div class=\"project-meta\"><h3 class=\"box-title\"> Taux de Brix :<br><\/h3><p class=\"box-text\">Entre 12,5 et 14,5 \n<\/p><\/div><\/div>\t\t\t\t<\/div>\n\t\t\t\t<\/div>\n\t\t\t\t<div class=\"elementor-element elementor-element-5501484 page-img elementor-widget elementor-widget-image\" data-id=\"5501484\" data-element_type=\"widget\" data-e-type=\"widget\" data-widget_type=\"image.default\">\n\t\t\t\t\t\t\t\t\t\t\t\t\t\t\t<img decoding=\"async\" src=\"https:\/\/premier-farms.com\/wp-content\/uploads\/elementor\/thumbs\/mandarin-rkcodo672ccxv05ju4wkdr2t25abgz7pvhvwgx8i4k.png\" title=\"mandarin\" alt=\"mandarin\" loading=\"lazy\" \/>\t\t\t\t\t\t\t\t\t\t\t\t\t\t\t<\/div>\n\t\t<div class=\"elementor-element elementor-element-7f32dfe e-grid e-con-full e-con e-child\" data-id=\"7f32dfe\" data-element_type=\"container\" data-e-type=\"container\">\n\t\t\t\t<div class=\"elementor-element elementor-element-bdc2e0f elementor-widget elementor-widget-text-editor\" data-id=\"bdc2e0f\" data-element_type=\"widget\" data-e-type=\"widget\" data-widget_type=\"text-editor.default\">\n\t\t\t\t\t\t\t\t\t<h3 class=\"h4 mb-4 fw-semibold\">Sp\u00e9cifications :<br><\/h3><p class=\"mb-25\">Mandarine de qualit\u00e9 sup\u00e9rieure, reconnue pour sa saveur sucr\u00e9e, ses segments juteux et sa peau facile \u00e0 peler.<br> Soigneusement s\u00e9lectionn\u00e9e pour r\u00e9pondre aux normes d&#8217;exportation, garantissant fra\u00eecheur, calibre uniforme et excellente qualit\u00e9, id\u00e9ale pour la consommation en frais.<br><\/p>\t\t\t\t\t\t\t\t<\/div>\n\t\t<div class=\"elementor-element elementor-element-e25b30c e-grid e-con-full e-con e-child\" data-id=\"e25b30c\" data-element_type=\"container\" data-e-type=\"container\">\n\t\t\t\t<div class=\"elementor-element elementor-element-d961999 elementor-widget__width-initial elementor-widget elementor-widget-text-editor\" data-id=\"d961999\" data-element_type=\"widget\" data-e-type=\"widget\" data-widget_type=\"text-editor.default\">\n\t\t\t\t\t\t\t\t\t<div class=\"check-list\"><h3>Mandarine pr\u00e9coce :<br><\/h3><ul><li><i class=\"far fa-check-circle\"><\/i>Saison : Mi-novembre jusqu&#8217;\u00e0 mi-janvier.<br><\/li><li><i class=\"far fa-check-circle\"><\/i>Diam\u00e8tre : 55-85 mm (Petit 55-65 mm. Moyen 65-75 mm. Grand 75-85 mm et plus).<br><\/li><li><i class=\"far fa-check-circle\"><\/i>Emballage : Carton Open Top (ouvert) ou caisse en plastique de 7,5 \/ 9 \/ 10 kg (Poids net).<br><\/li><li><i class=\"far fa-check-circle\"><\/i>Exp\u00e9dition : Conteneurs frigorifiques (Reefer) 40 pieds et 20 pieds.<\/li><\/ul><\/div>\t\t\t\t\t\t\t\t<\/div>\n\t\t\t\t<div class=\"elementor-element elementor-element-fb581c6 elementor-widget__width-initial elementor-widget elementor-widget-text-editor\" data-id=\"fb581c6\" data-element_type=\"widget\" data-e-type=\"widget\" data-widget_type=\"text-editor.default\">\n\t\t\t\t\t\t\t\t\t<div class=\"check-list\"><h3>Mandarine tardive :<br><\/h3><ul><li><i class=\"far fa-check-circle\"><\/i>Saison : Mi-janvier jusqu&#8217;\u00e0 mi-mars.<br><\/li><li><i class=\"far fa-check-circle\"><\/i>Tailles \/ Calibres : 36\/42\/48\/54\/60\/63\/70\/80 unit\u00e9s \/ Carton \/ Caisse.<br><\/li><li><i class=\"far fa-check-circle\"><\/i>Emballage : Caisses en plastique de 9,5 kg et 10 kg, et parfois en cartons.<\/li><li><i class=\"far fa-check-circle\"><\/i>Exp\u00e9dition : Conteneurs frigorifiques (Reefer) 40 pieds et 20 pieds.<\/li><\/ul><\/div>\t\t\t\t\t\t\t\t<\/div>\n\t\t\t\t<\/div>\n\t\t\t\t<\/div>\n\t\t\t\t<div class=\"elementor-element elementor-element-7dbb799 elementor-widget elementor-widget-html\" data-id=\"7dbb799\" data-element_type=\"widget\" data-e-type=\"widget\" data-widget_type=\"html.default\">\n\t\t\t\t\t <div class=\"project-nav\">\r\n              <a href=\"https:\/\/premier-farms.com\/fr\/oranges-valencia\/\" class=\"nav-btn\">\r\n                <i class=\"far fa-arrow-left icon-btn\"><\/i>\r\n                Pr\u00e9c\u00e9dent\r\n              <\/a>\r\n              <a href=\"https:\/\/premier-farms.com\/fr\/pomelo\/\" class=\"nav-btn\">\r\n                Suivant\r\n                <i class=\"far fa-arrow-right icon-btn\"><\/i>\r\n              <\/a> \r\n        <\/div>\t\t\t\t<\/div>\n\t\t\t\t<\/div>\n\t\t\t\t<\/div>\n\t\t\t\t\t<\/div>\n\t\t\t\t<\/div>\n\t\t\t\t<\/div>\n\t\t","protected":false},"excerpt":{"rendered":"<p>Mandarines fra\u00eeches Sweet Fremont. C&#8217;est un excellent type de mandarine de haute qualit\u00e9, riche en jus et presque sans p\u00e9pins. Cat\u00e9gorie : Agrumes Frais Code SH : 080521 Taux d&#8217;acidit\u00e9 : 0.9 Taux de Brix : Entre 12,5 et 14,5 Sp\u00e9cifications : Mandarine de qualit\u00e9 sup\u00e9rieure, reconnue pour sa saveur sucr\u00e9e, ses segments juteux et&#8230;<\/p>\n","protected":false},"author":1,"featured_media":0,"parent":0,"menu_order":0,"comment_status":"closed","ping_status":"closed","template":"template-builder.php","meta":{"_monsterinsights_skip_tracking":false,"_monsterinsights_sitenote_active":false,"_monsterinsights_sitenote_note":"","_monsterinsights_sitenote_category":0,"footnotes":""},"class_list":["post-5183","page","type-page","status-publish","hentry"],"_links":{"self":[{"href":"https:\/\/premier-farms.com\/fr\/wp-json\/wp\/v2\/pages\/5183","targetHints":{"allow":["GET"]}}],"collection":[{"href":"https:\/\/premier-farms.com\/fr\/wp-json\/wp\/v2\/pages"}],"about":[{"href":"https:\/\/premier-farms.com\/fr\/wp-json\/wp\/v2\/types\/page"}],"author":[{"embeddable":true,"href":"https:\/\/premier-farms.com\/fr\/wp-json\/wp\/v2\/users\/1"}],"replies":[{"embeddable":true,"href":"https:\/\/premier-farms.com\/fr\/wp-json\/wp\/v2\/comments?post=5183"}],"version-history":[{"count":4,"href":"https:\/\/premier-farms.com\/fr\/wp-json\/wp\/v2\/pages\/5183\/revisions"}],"predecessor-version":[{"id":5548,"href":"https:\/\/premier-farms.com\/fr\/wp-json\/wp\/v2\/pages\/5183\/revisions\/5548"}],"wp:attachment":[{"href":"https:\/\/premier-farms.com\/fr\/wp-json\/wp\/v2\/media?parent=5183"}],"curies":[{"name":"wp","href":"https:\/\/api.w.org\/{rel}","templated":true}]}}