{"id":5185,"date":"2026-03-11T09:31:53","date_gmt":"2026-03-11T09:31:53","guid":{"rendered":"https:\/\/premier-farms.com\/mangue\/"},"modified":"2026-03-31T15:35:52","modified_gmt":"2026-03-31T15:35:52","slug":"mangue","status":"publish","type":"page","link":"https:\/\/premier-farms.com\/fr\/mangue\/","title":{"rendered":"Mangue"},"content":{"rendered":"\t\t<div data-elementor-type=\"wp-page\" data-elementor-id=\"5185\" class=\"elementor elementor-5185 elementor-3377\" data-elementor-post-type=\"page\">\n\t\t\t\t<div class=\"elementor-element elementor-element-e53f79d e-flex e-con-boxed e-con e-parent\" data-id=\"e53f79d\" data-element_type=\"container\" data-e-type=\"container\">\n\t\t\t\t\t<div class=\"e-con-inner\">\n\t\t<div class=\"elementor-element elementor-element-320f24c e-con-full e-flex e-con e-child\" data-id=\"320f24c\" data-element_type=\"container\" data-e-type=\"container\">\n\t\t<div class=\"elementor-element elementor-element-0b986ed e-con-full e-flex e-con e-child\" data-id=\"0b986ed\" data-element_type=\"container\" data-e-type=\"container\">\n\t\t<div class=\"elementor-element elementor-element-c2a8207 e-con-full project-details e-flex e-con e-child\" data-id=\"c2a8207\" data-element_type=\"container\" data-e-type=\"container\">\n\t\t\n\t\t<div class=\"elementor-element elementor-element-96ef56e elementor-widget elementor-widget-text-editor\" data-id=\"96ef56e\" data-element_type=\"widget\" data-e-type=\"widget\" data-widget_type=\"text-editor.default\">\n\t\t\t\t\t\t\t\t\t<h2 class=\"sec-title page-title\">Mangue Fra\u00eeche<br><\/h2><p class=\"page-text\">La mangue fra\u00eeche d&#8217;\u00c9gypte est l&#8217;un des fruits les plus riches sur le plan nutritionnel, avec une saveur, un parfum et un go\u00fbt distinctifs. C&#8217;est pourquoi la mangue \u00e9gyptienne est un fruit unique, une d\u00e9licatesse tropicale sans \u00e9gale.<\/p>\t\t\t\t\t\t\t\t<\/div>\n\t\t\t\t<div class=\"elementor-element elementor-element-5717cf6 elementor-widget elementor-widget-frutinfeatures\" data-id=\"5717cf6\" data-element_type=\"widget\" data-e-type=\"widget\" data-widget_type=\"frutinfeatures.default\">\n\t\t\t\t<div class=\"elementor-widget-container\">\n\t\t\t\t\t<div class=\"project-meta-wrap\"><div class=\"project-meta\"><h3 class=\"box-title\">Cat\u00e9gorie :<br><\/h3><p class=\"box-text\">Fruits Frais<br><\/p><\/div><div class=\"line\"><\/div><div class=\"project-meta\"><h3 class=\"box-title\">Code SH :<br><\/h3><p class=\"box-text\">080450 <\/p><\/div><div class=\"line\"><\/div><div class=\"project-meta\"><h3 class=\"box-title\">Taux d'acidit\u00e9 :<br> <\/h3><p class=\"box-text\">3,4 \u00e0 5,8<br> <\/p><\/div><div class=\"line\"><\/div><div class=\"project-meta\"><h3 class=\"box-title\"> Taux de Brix :<br><\/h3><p class=\"box-text\">5,5 \u00e0 6,5 % <\/p><\/div><\/div>\t\t\t\t<\/div>\n\t\t\t\t<\/div>\n\t\t\t\t<div class=\"elementor-element elementor-element-3ff7eef page-img elementor-widget elementor-widget-image\" data-id=\"3ff7eef\" data-element_type=\"widget\" data-e-type=\"widget\" data-widget_type=\"image.default\">\n\t\t\t\t\t\t\t\t\t\t\t\t\t\t\t<img decoding=\"async\" src=\"https:\/\/premier-farms.com\/wp-content\/uploads\/elementor\/thumbs\/mango-rkcodtt87cknsnxcx7cbspnkmgiir5u3w9stcl0538.png\" title=\"mango\" alt=\"mango\" loading=\"lazy\" \/>\t\t\t\t\t\t\t\t\t\t\t\t\t\t\t<\/div>\n\t\t<div class=\"elementor-element elementor-element-cb7daa6 e-grid e-con-full e-con e-child\" data-id=\"cb7daa6\" data-element_type=\"container\" data-e-type=\"container\">\n\t\t\t\t<div class=\"elementor-element elementor-element-855b45e elementor-widget elementor-widget-text-editor\" data-id=\"855b45e\" data-element_type=\"widget\" data-e-type=\"widget\" data-widget_type=\"text-editor.default\">\n\t\t\t\t\t\t\t\t\t<h3 class=\"h4 mb-4 fw-semibold\">Sp\u00e9cifications :<br><\/h3><p class=\"mb-25\">Mangue de qualit\u00e9 sup\u00e9rieure, reconnue pour sa chair sucr\u00e9e et juteuse, sa couleur \u00e9clatante et son ar\u00f4me riche.<br> Soigneusement s\u00e9lectionn\u00e9e pour r\u00e9pondre aux normes d&#8217;exportation, garantissant un calibre uniforme, une maturit\u00e9 optimale, de la fra\u00eecheur et une qualit\u00e9 sup\u00e9rieure, id\u00e9ale pour la consommation en frais et la transformation.<br><\/p>\t\t\t\t\t\t\t\t<\/div>\n\t\t<div class=\"elementor-element elementor-element-c8fe1bd e-grid e-con-full e-con e-child\" data-id=\"c8fe1bd\" data-element_type=\"container\" data-e-type=\"container\">\n\t\t\t\t<div class=\"elementor-element elementor-element-ec9eeb5 elementor-widget__width-initial elementor-widget elementor-widget-text-editor\" data-id=\"ec9eeb5\" data-element_type=\"widget\" data-e-type=\"widget\" data-widget_type=\"text-editor.default\">\n\t\t\t\t\t\t\t\t\t<div class=\"check-list\"><ul><li><i class=\"far fa-check-circle\"><\/i>Saison \/ Disponibilit\u00e9 : De juillet \u00e0 d\u00e9cembre.<br><\/li><li><i class=\"far fa-check-circle\"><\/i>Tailles : De 300\/350 g \u00e0 900\/1100 g par fruit.<br><\/li><li><i class=\"far fa-check-circle\"><\/i>Vari\u00e9t\u00e9s : Keitt, Kent, Naoumi, Tommy, Heidi, Crimson Pride, R2E2, Fajr Kelan, Osteen.<br><\/li><\/ul><\/div>\t\t\t\t\t\t\t\t<\/div>\n\t\t\t\t<div class=\"elementor-element elementor-element-1f679a1 elementor-widget elementor-widget-text-editor\" data-id=\"1f679a1\" data-element_type=\"widget\" data-e-type=\"widget\" data-widget_type=\"text-editor.default\">\n\t\t\t\t\t\t\t\t\t<div class=\"check-list\"><ul><li><i class=\"far fa-check-circle\"><\/i>Exp\u00e9dition : Exp\u00e9ditions par voie a\u00e9rienne et conteneurs frigorifiques (Reefer).<br> <\/li><li><i class=\"far fa-check-circle\"><\/i>Emballage : Carton ou caisse en plastique de 5 kg (Poids net). <\/li><\/ul><\/div>\t\t\t\t\t\t\t\t<\/div>\n\t\t\t\t<\/div>\n\t\t\t\t<\/div>\n\t\t\t\t<div class=\"elementor-element elementor-element-9a817d2 elementor-widget elementor-widget-html\" data-id=\"9a817d2\" data-element_type=\"widget\" data-e-type=\"widget\" data-widget_type=\"html.default\">\n\t\t\t\t\t<div class=\"project-nav\">\r\n              <a href=\"https:\/\/premier-farms.com\/fr\/grenades\/\" class=\"nav-btn\">\r\n                <i class=\"far fa-arrow-left icon-btn\"><\/i>\r\n                Pr\u00e9c\u00e9dent\r\n              <\/a>\r\n              <a href=\"#\" class=\"nav-btn\">\r\n                Suivant\r\n                <i class=\"far fa-arrow-right icon-btn\"><\/i>\r\n              <\/a> \r\n        <\/div>\t\t\t\t<\/div>\n\t\t\t\t<\/div>\n\t\t\t\t<\/div>\n\t\t\t\t<\/div>\n\t\t\t\t\t<\/div>\n\t\t\t\t<\/div>\n\t\t\t\t<\/div>\n\t\t","protected":false},"excerpt":{"rendered":"<p>Mangue Fra\u00eeche La mangue fra\u00eeche d&#8217;\u00c9gypte est l&#8217;un des fruits les plus riches sur le plan nutritionnel, avec une saveur, un parfum et un go\u00fbt distinctifs. C&#8217;est pourquoi la mangue \u00e9gyptienne est un fruit unique, une d\u00e9licatesse tropicale sans \u00e9gale. Cat\u00e9gorie : Fruits Frais Code SH : 080450 Taux d&#8217;acidit\u00e9 : 3,4 \u00e0 5,8 Taux&#8230;<\/p>\n","protected":false},"author":1,"featured_media":0,"parent":0,"menu_order":0,"comment_status":"closed","ping_status":"closed","template":"template-builder.php","meta":{"_monsterinsights_skip_tracking":false,"_monsterinsights_sitenote_active":false,"_monsterinsights_sitenote_note":"","_monsterinsights_sitenote_category":0,"footnotes":""},"class_list":["post-5185","page","type-page","status-publish","hentry"],"_links":{"self":[{"href":"https:\/\/premier-farms.com\/fr\/wp-json\/wp\/v2\/pages\/5185","targetHints":{"allow":["GET"]}}],"collection":[{"href":"https:\/\/premier-farms.com\/fr\/wp-json\/wp\/v2\/pages"}],"about":[{"href":"https:\/\/premier-farms.com\/fr\/wp-json\/wp\/v2\/types\/page"}],"author":[{"embeddable":true,"href":"https:\/\/premier-farms.com\/fr\/wp-json\/wp\/v2\/users\/1"}],"replies":[{"embeddable":true,"href":"https:\/\/premier-farms.com\/fr\/wp-json\/wp\/v2\/comments?post=5185"}],"version-history":[{"count":4,"href":"https:\/\/premier-farms.com\/fr\/wp-json\/wp\/v2\/pages\/5185\/revisions"}],"predecessor-version":[{"id":5566,"href":"https:\/\/premier-farms.com\/fr\/wp-json\/wp\/v2\/pages\/5185\/revisions\/5566"}],"wp:attachment":[{"href":"https:\/\/premier-farms.com\/fr\/wp-json\/wp\/v2\/media?parent=5185"}],"curies":[{"name":"wp","href":"https:\/\/api.w.org\/{rel}","templated":true}]}}