{"id":5187,"date":"2026-03-11T09:23:36","date_gmt":"2026-03-11T09:23:36","guid":{"rendered":"https:\/\/premier-farms.com\/oranges-navel\/"},"modified":"2026-03-31T15:30:09","modified_gmt":"2026-03-31T15:30:09","slug":"oranges-navel","status":"publish","type":"page","link":"https:\/\/premier-farms.com\/fr\/oranges-navel\/","title":{"rendered":"Oranges Navel"},"content":{"rendered":"\t\t<div data-elementor-type=\"wp-page\" data-elementor-id=\"5187\" class=\"elementor elementor-5187 elementor-3338\" data-elementor-post-type=\"page\">\n\t\t\t\t<div class=\"elementor-element elementor-element-0940cbc e-flex e-con-boxed e-con e-parent\" data-id=\"0940cbc\" data-element_type=\"container\" data-e-type=\"container\">\n\t\t\t\t\t<div class=\"e-con-inner\">\n\t\t<div class=\"elementor-element elementor-element-1a6ce8a e-con-full project-details e-flex e-con e-child\" data-id=\"1a6ce8a\" data-element_type=\"container\" data-e-type=\"container\">\n\t\t\n\t\t<div class=\"elementor-element elementor-element-6891982 elementor-widget elementor-widget-text-editor\" data-id=\"6891982\" data-element_type=\"widget\" data-e-type=\"widget\" data-widget_type=\"text-editor.default\">\n\t\t\t\t\t\t\t\t\t<h2 class=\"sec-title page-title\">Oranges Navel <\/h2><p class=\"page-text\">Les oranges Navel sont les vari\u00e9t\u00e9s les plus populaires pour la consommation en frais. Sucr\u00e9es et faciles \u00e0 peler, elles sont id\u00e9ales pour \u00eatre d\u00e9gust\u00e9es telles quelles. Elles peuvent \u00eatre s\u00e9par\u00e9es en quartiers et utilis\u00e9es comme ingr\u00e9dient dans les salades ou dans les p\u00e2tisseries. <\/p>\t\t\t\t\t\t\t\t<\/div>\n\t\t\t\t<div class=\"elementor-element elementor-element-0f53097 elementor-widget elementor-widget-frutinfeatures\" data-id=\"0f53097\" data-element_type=\"widget\" data-e-type=\"widget\" data-widget_type=\"frutinfeatures.default\">\n\t\t\t\t<div class=\"elementor-widget-container\">\n\t\t\t\t\t<div class=\"project-meta-wrap\"><div class=\"project-meta\"><h3 class=\"box-title\">Cat\u00e9gorie :<br><\/h3><p class=\"box-text\">Agrumes Frais<br> <\/p><\/div><div class=\"line\"><\/div><div class=\"project-meta\"><h3 class=\"box-title\">Code SH :<br><\/h3><p class=\"box-text\">080510<\/p><\/div><div class=\"line\"><\/div><div class=\"project-meta\"><h3 class=\"box-title\">Taux d'acidit\u00e9 :<br> <\/h3><p class=\"box-text\"> 0.9      <\/p><\/div><div class=\"line\"><\/div><div class=\"project-meta\"><h3 class=\"box-title\"> Taux de Brix :<br><\/h3><p class=\"box-text\">Entre 12,5 et 14,5 \n<\/p><\/div><\/div>\t\t\t\t<\/div>\n\t\t\t\t<\/div>\n\t\t\t\t<div class=\"elementor-element elementor-element-7d99d04 page-img elementor-widget elementor-widget-image\" data-id=\"7d99d04\" data-element_type=\"widget\" data-e-type=\"widget\" data-widget_type=\"image.default\">\n\t\t\t\t\t\t\t\t\t\t\t\t\t\t\t<img decoding=\"async\" src=\"https:\/\/premier-farms.com\/wp-content\/uploads\/elementor\/thumbs\/orange-rkcoe53ahd03nzgz3c7ummt3r2yxbj2vxtmn3wjf0k.png\" title=\"orange\" alt=\"orange\" loading=\"lazy\" \/>\t\t\t\t\t\t\t\t\t\t\t\t\t\t\t<\/div>\n\t\t\t\t<div class=\"elementor-element elementor-element-ed2d54f elementor-widget elementor-widget-text-editor\" data-id=\"ed2d54f\" data-element_type=\"widget\" data-e-type=\"widget\" data-widget_type=\"text-editor.default\">\n\t\t\t\t\t\t\t\t\t<p class=\"mb-4\">Oranges Navel pr\u00e9coces : Vari\u00e9t\u00e9 Navelina (de la 1\u00e8re semaine de d\u00e9cembre jusqu&#8217;\u00e0 la mi-janvier).<br>Oranges Navel de mi-saison : Vari\u00e9t\u00e9 Washington (de la mi-janvier jusqu&#8217;\u00e0 la mi-f\u00e9vrier).<br>Oranges Navel tardives : Vari\u00e9t\u00e9 Lane Late (de la 1\u00e8re semaine de f\u00e9vrier jusqu&#8217;\u00e0 la fin mars).<\/p>\t\t\t\t\t\t\t\t<\/div>\n\t\t<div class=\"elementor-element elementor-element-9facc9b e-grid e-con-full e-con e-child\" data-id=\"9facc9b\" data-element_type=\"container\" data-e-type=\"container\">\n\t\t\t\t<div class=\"elementor-element elementor-element-033b89b elementor-widget elementor-widget-text-editor\" data-id=\"033b89b\" data-element_type=\"widget\" data-e-type=\"widget\" data-widget_type=\"text-editor.default\">\n\t\t\t\t\t\t\t\t\t<h3 class=\"h4 mb-4 fw-semibold\">Sp\u00e9cifications :<\/h3><p class=\"mb-25\">Oranges Navel de qualit\u00e9 sup\u00e9rieure, reconnues pour leur saveur sucr\u00e9e, leur chair sans p\u00e9pins et leur peau facile \u00e0 peler. Soigneusement s\u00e9lectionn\u00e9es pour r\u00e9pondre aux normes d&#8217;exportation les plus strictes, garantissant un calibre optimal, une couleur \u00e9clatante, une grande fra\u00eecheur et un go\u00fbt excellent, id\u00e9ales pour la consommation en frais et les march\u00e9s haut de gamme.<br> <\/p>\t\t\t\t\t\t\t\t<\/div>\n\t\t<div class=\"elementor-element elementor-element-178a310 e-grid e-con-full e-con e-child\" data-id=\"178a310\" data-element_type=\"container\" data-e-type=\"container\">\n\t\t\t\t<div class=\"elementor-element elementor-element-07a9f84 elementor-widget__width-initial elementor-widget elementor-widget-text-editor\" data-id=\"07a9f84\" data-element_type=\"widget\" data-e-type=\"widget\" data-widget_type=\"text-editor.default\">\n\t\t\t\t\t\t\t\t\t<div class=\"check-list\"><ul><li><i class=\"far fa-check-circle\"><\/i>Disponibilit\u00e9 : De la 1\u00e8re semaine de d\u00e9cembre jusqu&#8217;\u00e0 la fin mars.<br><\/li><li><i class=\"far fa-check-circle\"><\/i>Tailles \/ Calibres : 36\/40\/48\/56\/64\/72\/80 unit\u00e9s \/ Carton de 15 kg.<br><\/li><li><i class=\"far fa-check-circle\"><\/i>Capacit\u00e9 du conteneur : 1,452 cartons\/caisses pour un total de 21 780 kg d&#8217;oranges Navel fra\u00eeches.<br><\/li><li><i class=\"far fa-check-circle\"><\/i>Traitement : Lav\u00e9es, cir\u00e9es et trait\u00e9es \u00e0 l&#8217;O.P.P. avec des \u00e9tiquettes imprim\u00e9es en couleur.<br><\/li><\/ul><\/div>\t\t\t\t\t\t\t\t<\/div>\n\t\t\t\t<div class=\"elementor-element elementor-element-2545f2f elementor-widget elementor-widget-text-editor\" data-id=\"2545f2f\" data-element_type=\"widget\" data-e-type=\"widget\" data-widget_type=\"text-editor.default\">\n\t\t\t\t\t\t\t\t\t<div class=\"check-list\"><ul><li><i class=\"far fa-check-circle\"><\/i>Exp\u00e9dition : Conteneurs frigorifiques (Reefer) 40 pieds et 20 pieds.<\/li><li><i class=\"far fa-check-circle\"><\/i>Emballage : Carton Open Top (ouvert) de 7,5 kg &#8211; Carton t\u00e9lescopique de 15 kg &#8211; Carton Open Top de 15 kg (Poids net).<\/li><\/ul><\/div>\t\t\t\t\t\t\t\t<\/div>\n\t\t\t\t<\/div>\n\t\t\t\t<\/div>\n\t\t\t\t<div class=\"elementor-element elementor-element-e501d8e elementor-widget elementor-widget-html\" data-id=\"e501d8e\" data-element_type=\"widget\" data-e-type=\"widget\" data-widget_type=\"html.default\">\n\t\t\t\t\t<div class=\"project-nav\">\r\n              <a href=\"#\" class=\"nav-btn\">\r\n                <i class=\"far fa-arrow-left icon-btn\"><\/i>\r\n                Pr\u00e9c\u00e9dent\r\n              <\/a>\r\n              <a href=\"https:\/\/premier-farms.com\/fr\/oranges-valencia\/\" class=\"nav-btn\">\r\n                Suivant\r\n                <i class=\"far fa-arrow-right icon-btn\"><\/i>\r\n              <\/a> \r\n        <\/div>\t\t\t\t<\/div>\n\t\t\t\t<\/div>\n\t\t\t\t\t<\/div>\n\t\t\t\t<\/div>\n\t\t\t\t<\/div>\n\t\t","protected":false},"excerpt":{"rendered":"<p>Oranges Navel Les oranges Navel sont les vari\u00e9t\u00e9s les plus populaires pour la consommation en frais. Sucr\u00e9es et faciles \u00e0 peler, elles sont id\u00e9ales pour \u00eatre d\u00e9gust\u00e9es telles quelles. Elles peuvent \u00eatre s\u00e9par\u00e9es en quartiers et utilis\u00e9es comme ingr\u00e9dient dans les salades ou dans les p\u00e2tisseries. Cat\u00e9gorie : Agrumes Frais Code SH : 080510 Taux&#8230;<\/p>\n","protected":false},"author":1,"featured_media":0,"parent":0,"menu_order":0,"comment_status":"closed","ping_status":"closed","template":"template-builder.php","meta":{"_monsterinsights_skip_tracking":false,"_monsterinsights_sitenote_active":false,"_monsterinsights_sitenote_note":"","_monsterinsights_sitenote_category":0,"footnotes":""},"class_list":["post-5187","page","type-page","status-publish","hentry"],"_links":{"self":[{"href":"https:\/\/premier-farms.com\/fr\/wp-json\/wp\/v2\/pages\/5187","targetHints":{"allow":["GET"]}}],"collection":[{"href":"https:\/\/premier-farms.com\/fr\/wp-json\/wp\/v2\/pages"}],"about":[{"href":"https:\/\/premier-farms.com\/fr\/wp-json\/wp\/v2\/types\/page"}],"author":[{"embeddable":true,"href":"https:\/\/premier-farms.com\/fr\/wp-json\/wp\/v2\/users\/1"}],"replies":[{"embeddable":true,"href":"https:\/\/premier-farms.com\/fr\/wp-json\/wp\/v2\/comments?post=5187"}],"version-history":[{"count":4,"href":"https:\/\/premier-farms.com\/fr\/wp-json\/wp\/v2\/pages\/5187\/revisions"}],"predecessor-version":[{"id":5542,"href":"https:\/\/premier-farms.com\/fr\/wp-json\/wp\/v2\/pages\/5187\/revisions\/5542"}],"wp:attachment":[{"href":"https:\/\/premier-farms.com\/fr\/wp-json\/wp\/v2\/media?parent=5187"}],"curies":[{"name":"wp","href":"https:\/\/api.w.org\/{rel}","templated":true}]}}