{"id":5189,"date":"2026-03-11T09:35:03","date_gmt":"2026-03-11T09:35:03","guid":{"rendered":"https:\/\/premier-farms.com\/oignons\/"},"modified":"2026-03-31T15:38:40","modified_gmt":"2026-03-31T15:38:40","slug":"oignons","status":"publish","type":"page","link":"https:\/\/premier-farms.com\/fr\/oignons\/","title":{"rendered":"Oignons"},"content":{"rendered":"\t\t<div data-elementor-type=\"wp-page\" data-elementor-id=\"5189\" class=\"elementor elementor-5189 elementor-3401\" data-elementor-post-type=\"page\">\n\t\t\t\t<div class=\"elementor-element elementor-element-91e3ac9 e-flex e-con-boxed e-con e-parent\" data-id=\"91e3ac9\" data-element_type=\"container\" data-e-type=\"container\">\n\t\t\t\t\t<div class=\"e-con-inner\">\n\t\t<div class=\"elementor-element elementor-element-e1b8f52 e-con-full e-flex e-con e-child\" data-id=\"e1b8f52\" data-element_type=\"container\" data-e-type=\"container\">\n\t\t<div class=\"elementor-element elementor-element-8479814 e-con-full e-flex e-con e-child\" data-id=\"8479814\" data-element_type=\"container\" data-e-type=\"container\">\n\t\t<div class=\"elementor-element elementor-element-06338de e-con-full e-flex e-con e-child\" data-id=\"06338de\" data-element_type=\"container\" data-e-type=\"container\">\n\t\t<div class=\"elementor-element elementor-element-154d494 e-con-full project-details e-flex e-con e-child\" data-id=\"154d494\" data-element_type=\"container\" data-e-type=\"container\">\n\t\t\n\t\t<div class=\"elementor-element elementor-element-7c7e38d elementor-widget elementor-widget-text-editor\" data-id=\"7c7e38d\" data-element_type=\"widget\" data-e-type=\"widget\" data-widget_type=\"text-editor.default\">\n\t\t\t\t\t\t\t\t\t<h2 class=\"sec-title page-title\">Oignons frais et secs<br><\/h2><p class=\"page-text\">Nous cultivons et exportons d&#8217;importants volumes d&#8217;oignons (jaunes et rouges) de tr\u00e8s haute qualit\u00e9.<\/p>\t\t\t\t\t\t\t\t<\/div>\n\t\t\t\t<div class=\"elementor-element elementor-element-e46114f elementor-widget elementor-widget-frutinfeatures\" data-id=\"e46114f\" data-element_type=\"widget\" data-e-type=\"widget\" data-widget_type=\"frutinfeatures.default\">\n\t\t\t\t<div class=\"elementor-widget-container\">\n\t\t\t\t\t<div class=\"project-meta-wrap\"><div class=\"project-meta\"><h3 class=\"box-title\">Cat\u00e9gorie :<br><\/h3><p class=\"box-text\">L\u00e9gumes Frais<br><\/p><\/div><div class=\"line\"><\/div><div class=\"project-meta\"><h3 class=\"box-title\">Code SH :<br><\/h3><p class=\"box-text\"> 071420 <\/p><\/div><div class=\"line\"><\/div><div class=\"project-meta\"><h3 class=\"box-title\">Taux d'acidit\u00e9 :<br> <\/h3><p class=\"box-text\">None<\/p><\/div><div class=\"line\"><\/div><div class=\"project-meta\"><h3 class=\"box-title\"> Taux de Brix :<br><\/h3><p class=\"box-text\">None<\/p><\/div><\/div>\t\t\t\t<\/div>\n\t\t\t\t<\/div>\n\t\t\t\t<div class=\"elementor-element elementor-element-64b5d5f page-img elementor-widget elementor-widget-image\" data-id=\"64b5d5f\" data-element_type=\"widget\" data-e-type=\"widget\" data-widget_type=\"image.default\">\n\t\t\t\t\t\t\t\t\t\t\t\t\t\t\t<img decoding=\"async\" src=\"https:\/\/premier-farms.com\/wp-content\/uploads\/elementor\/thumbs\/onion-rkcodzg9ccsdqbp609s37o8c6rqq1cghx1pq88rs1w.png\" title=\"onion\" alt=\"onion\" loading=\"lazy\" \/>\t\t\t\t\t\t\t\t\t\t\t\t\t\t\t<\/div>\n\t\t<div class=\"elementor-element elementor-element-2b62a39 e-grid e-con-full e-con e-child\" data-id=\"2b62a39\" data-element_type=\"container\" data-e-type=\"container\">\n\t\t\t\t<div class=\"elementor-element elementor-element-422f137 elementor-widget elementor-widget-text-editor\" data-id=\"422f137\" data-element_type=\"widget\" data-e-type=\"widget\" data-widget_type=\"text-editor.default\">\n\t\t\t\t\t\t\t\t\t<h3 class=\"h4 mb-4 fw-semibold\">Sp\u00e9cifications :<\/h3><p class=\"mb-25\">Oignons de haute qualit\u00e9, disponibles en frais et en sec, reconnus pour leur saveur intense, leur texture ferme et leur longue dur\u00e9e de conservation. Soigneusement s\u00e9lectionn\u00e9s pour r\u00e9pondre aux normes d&#8217;exportation, garantissant un calibre uniforme, une peau propre, une excellente fra\u00eecheur et une qualit\u00e9 sup\u00e9rieure, id\u00e9aux pour l&#8217;usage culinaire et la transformation alimentaire.<br> <\/p>\t\t\t\t\t\t\t\t<\/div>\n\t\t<div class=\"elementor-element elementor-element-33bbf6d e-grid e-con-full e-con e-child\" data-id=\"33bbf6d\" data-element_type=\"container\" data-e-type=\"container\">\n\t\t\t\t<div class=\"elementor-element elementor-element-0e170cb elementor-widget__width-initial elementor-widget elementor-widget-text-editor\" data-id=\"0e170cb\" data-element_type=\"widget\" data-e-type=\"widget\" data-widget_type=\"text-editor.default\">\n\t\t\t\t\t\t\t\t\t<div class=\"check-list\"><ul><li><i class=\"far fa-check-circle\"><\/i>Saison \/ Disponibilit\u00e9 : De f\u00e9vrier \u00e0 septembre.<br><\/li><li><i class=\"far fa-check-circle\"><\/i>Vari\u00e9t\u00e9s : Oignons rouges et jaunes.<br><\/li><li><i class=\"far fa-check-circle\"><\/i>Tailles \/ Calibres : 40\/60 mm et 60 mm et plus.<br><\/li><li><i class=\"far fa-check-circle\"><\/i>Capacit\u00e9 du conteneur : 1,100 sacs en filet (mesh) pour un total de 27 500 kg d&#8217;oignons secs frais.<br><\/li><\/ul><\/div>\t\t\t\t\t\t\t\t<\/div>\n\t\t\t\t<div class=\"elementor-element elementor-element-f241444 elementor-widget elementor-widget-text-editor\" data-id=\"f241444\" data-element_type=\"widget\" data-e-type=\"widget\" data-widget_type=\"text-editor.default\">\n\t\t\t\t\t\t\t\t\t<div class=\"check-list\"><ul><li><i class=\"far fa-check-circle\"><\/i>Exp\u00e9dition : Conteneurs frigorifiques (Reefer) 40 pieds.<\/li><li><i class=\"far fa-check-circle\"><\/i>Emballage : Sacs en filet de 10 \/ 20 \/ 25 kg ou selon la demande du client.<\/li><\/ul><\/div>\t\t\t\t\t\t\t\t<\/div>\n\t\t\t\t<\/div>\n\t\t\t\t<\/div>\n\t\t\t\t<div class=\"elementor-element elementor-element-a3af468 elementor-widget elementor-widget-html\" data-id=\"a3af468\" data-element_type=\"widget\" data-e-type=\"widget\" data-widget_type=\"html.default\">\n\t\t\t\t\t   <div class=\"project-nav\">\r\n              <a href=\"https:\/\/premier-farms.com\/fr\/patate-douce\/\" class=\"nav-btn\">\r\n                <i class=\"far fa-arrow-left icon-btn\"><\/i>\r\n                Pr\u00e9c\u00e9dent\r\n              <\/a>\r\n              <a href=\"https:\/\/premier-farms.com\/fr\/carottes\/\" class=\"nav-btn\">\r\n                Suivant\r\n                <i class=\"far fa-arrow-right icon-btn\"><\/i>\r\n              <\/a> \r\n        <\/div>\t\t\t\t<\/div>\n\t\t\t\t<\/div>\n\t\t\t\t<\/div>\n\t\t\t\t<\/div>\n\t\t\t\t<\/div>\n\t\t\t\t\t<\/div>\n\t\t\t\t<\/div>\n\t\t\t\t<\/div>\n\t\t","protected":false},"excerpt":{"rendered":"<p>Oignons frais et secs Nous cultivons et exportons d&#8217;importants volumes d&#8217;oignons (jaunes et rouges) de tr\u00e8s haute qualit\u00e9. Cat\u00e9gorie : L\u00e9gumes Frais Code SH : 071420 Taux d&#8217;acidit\u00e9 : None Taux de Brix : None Sp\u00e9cifications : Oignons de haute qualit\u00e9, disponibles en frais et en sec, reconnus pour leur saveur intense, leur texture ferme&#8230;<\/p>\n","protected":false},"author":1,"featured_media":0,"parent":0,"menu_order":0,"comment_status":"closed","ping_status":"closed","template":"template-builder.php","meta":{"_monsterinsights_skip_tracking":false,"_monsterinsights_sitenote_active":false,"_monsterinsights_sitenote_note":"","_monsterinsights_sitenote_category":0,"footnotes":""},"class_list":["post-5189","page","type-page","status-publish","hentry"],"_links":{"self":[{"href":"https:\/\/premier-farms.com\/fr\/wp-json\/wp\/v2\/pages\/5189","targetHints":{"allow":["GET"]}}],"collection":[{"href":"https:\/\/premier-farms.com\/fr\/wp-json\/wp\/v2\/pages"}],"about":[{"href":"https:\/\/premier-farms.com\/fr\/wp-json\/wp\/v2\/types\/page"}],"author":[{"embeddable":true,"href":"https:\/\/premier-farms.com\/fr\/wp-json\/wp\/v2\/users\/1"}],"replies":[{"embeddable":true,"href":"https:\/\/premier-farms.com\/fr\/wp-json\/wp\/v2\/comments?post=5189"}],"version-history":[{"count":4,"href":"https:\/\/premier-farms.com\/fr\/wp-json\/wp\/v2\/pages\/5189\/revisions"}],"predecessor-version":[{"id":5578,"href":"https:\/\/premier-farms.com\/fr\/wp-json\/wp\/v2\/pages\/5189\/revisions\/5578"}],"wp:attachment":[{"href":"https:\/\/premier-farms.com\/fr\/wp-json\/wp\/v2\/media?parent=5189"}],"curies":[{"name":"wp","href":"https:\/\/api.w.org\/{rel}","templated":true}]}}