{"id":5191,"date":"2026-03-11T09:26:56","date_gmt":"2026-03-11T09:26:56","guid":{"rendered":"https:\/\/premier-farms.com\/grenades\/"},"modified":"2026-03-31T15:35:18","modified_gmt":"2026-03-31T15:35:18","slug":"grenades","status":"publish","type":"page","link":"https:\/\/premier-farms.com\/fr\/grenades\/","title":{"rendered":"Grenades"},"content":{"rendered":"\t\t<div data-elementor-type=\"wp-page\" data-elementor-id=\"5191\" class=\"elementor elementor-5191 elementor-3351\" data-elementor-post-type=\"page\">\n\t\t\t\t<div class=\"elementor-element elementor-element-8663586 e-flex e-con-boxed e-con e-parent\" data-id=\"8663586\" data-element_type=\"container\" data-e-type=\"container\">\n\t\t\t\t\t<div class=\"e-con-inner\">\n\t\t<div class=\"elementor-element elementor-element-fcb75ec e-con-full e-flex e-con e-child\" data-id=\"fcb75ec\" data-element_type=\"container\" data-e-type=\"container\">\n\t\t<div class=\"elementor-element elementor-element-e98635c e-con-full e-flex e-con e-child\" data-id=\"e98635c\" data-element_type=\"container\" data-e-type=\"container\">\n\t\t<div class=\"elementor-element elementor-element-841c691 e-con-full project-details e-flex e-con e-child\" data-id=\"841c691\" data-element_type=\"container\" data-e-type=\"container\">\n\t\t\n\t\t<div class=\"elementor-element elementor-element-0e6456e elementor-widget elementor-widget-text-editor\" data-id=\"0e6456e\" data-element_type=\"widget\" data-e-type=\"widget\" data-widget_type=\"text-editor.default\">\n\t\t\t\t\t\t\t\t\t<h2 class=\"sec-title page-title\">Grenades fra\u00eeches<br><\/h2><p class=\"page-text\">Grenades de qualit\u00e9 sup\u00e9rieure, reconnues pour leur saveur riche, leurs arilles d&#8217;un rouge \u00e9clatant et leur haute valeur nutritionnelle. Soigneusement s\u00e9lectionn\u00e9es pour garantir leur fra\u00eecheur, leur qualit\u00e9 et leur douceur naturelle, id\u00e9ales pour la consommation en frais et la production de jus. <\/p>\t\t\t\t\t\t\t\t<\/div>\n\t\t\t\t<div class=\"elementor-element elementor-element-0ae312f elementor-widget elementor-widget-frutinfeatures\" data-id=\"0ae312f\" data-element_type=\"widget\" data-e-type=\"widget\" data-widget_type=\"frutinfeatures.default\">\n\t\t\t\t<div class=\"elementor-widget-container\">\n\t\t\t\t\t<div class=\"project-meta-wrap\"><div class=\"project-meta\"><h3 class=\"box-title\">Cat\u00e9gorie :<br><\/h3><p class=\"box-text\">Fruits Frais<br><\/p><\/div><div class=\"line\"><\/div><div class=\"project-meta\"><h3 class=\"box-title\">Code SH :<br><\/h3><p class=\"box-text\">08109010<\/p><\/div><div class=\"line\"><\/div><div class=\"project-meta\"><h3 class=\"box-title\">Taux d'acidit\u00e9 :<br> <\/h3><p class=\"box-text\"> 0.9      <\/p><\/div><div class=\"line\"><\/div><div class=\"project-meta\"><h3 class=\"box-title\"> Taux de Brix :<br><\/h3><p class=\"box-text\">+14%  <\/p><\/div><\/div>\t\t\t\t<\/div>\n\t\t\t\t<\/div>\n\t\t\t\t<div class=\"elementor-element elementor-element-fa028e0 page-img elementor-widget elementor-widget-image\" data-id=\"fa028e0\" data-element_type=\"widget\" data-e-type=\"widget\" data-widget_type=\"image.default\">\n\t\t\t\t\t\t\t\t\t\t\t\t\t\t\t<img decoding=\"async\" src=\"https:\/\/premier-farms.com\/wp-content\/uploads\/elementor\/thumbs\/pomegranate-rkcoeaqbmd7tln8s6enm1ldvbe74lpp9yljjzkb1z8.png\" title=\"pomegranate\" alt=\"pomegranate\" loading=\"lazy\" \/>\t\t\t\t\t\t\t\t\t\t\t\t\t\t\t<\/div>\n\t\t<div class=\"elementor-element elementor-element-361926a e-grid e-con-full e-con e-child\" data-id=\"361926a\" data-element_type=\"container\" data-e-type=\"container\">\n\t\t\t\t<div class=\"elementor-element elementor-element-eafb2d7 elementor-widget elementor-widget-text-editor\" data-id=\"eafb2d7\" data-element_type=\"widget\" data-e-type=\"widget\" data-widget_type=\"text-editor.default\">\n\t\t\t\t\t\t\t\t\t<h3 class=\"h4 mb-4 fw-semibold\">Sp\u00e9cifications :<\/h3><p class=\"mb-25\">Grenades de haute qualit\u00e9, reconnues pour leur couleur rouge \u00e9clatante, leurs arilles juteux et leur riche saveur \u00e9quilibr\u00e9e entre douceur et acidit\u00e9. Soigneusement s\u00e9lectionn\u00e9es pour r\u00e9pondre aux normes d&#8217;exportation, garantissant un calibre optimal, une grande fra\u00eecheur et une qualit\u00e9 sup\u00e9rieure, id\u00e9ales pour la consommation en frais et la production de jus.<br> <\/p>\t\t\t\t\t\t\t\t<\/div>\n\t\t<div class=\"elementor-element elementor-element-a0447db e-grid e-con-full e-con e-child\" data-id=\"a0447db\" data-element_type=\"container\" data-e-type=\"container\">\n\t\t\t\t<div class=\"elementor-element elementor-element-fe7ad57 elementor-widget__width-initial elementor-widget elementor-widget-text-editor\" data-id=\"fe7ad57\" data-element_type=\"widget\" data-e-type=\"widget\" data-widget_type=\"text-editor.default\">\n\t\t\t\t\t\t\t\t\t<div class=\"check-list\"><ul><li><i class=\"far fa-check-circle\"><\/i>Saison \/ Disponibilit\u00e9 : D&#8217;ao\u00fbt jusqu&#8217;\u00e0 la fin d\u00e9cembre.<br><\/li><li><i class=\"far fa-check-circle\"><\/i>Vari\u00e9t\u00e9s : Early 116, Wonderful, Grenades Baladi.<br><\/li><li><i class=\"far fa-check-circle\"><\/i>Tailles \/ Calibres : 6\/7\/8\/9\/10\/11\/12\/14 fruits par carton ou caisse en plastique de 4,5 kg.<br><\/li><li><i class=\"far fa-check-circle\"><\/i>Emballage : Carton Open Top (ouvert) ou caisse en plastique de 4 et 4,5 kg (Poids net).<\/li><\/ul><\/div>\t\t\t\t\t\t\t\t<\/div>\n\t\t\t\t<div class=\"elementor-element elementor-element-26bcb89 elementor-widget elementor-widget-text-editor\" data-id=\"26bcb89\" data-element_type=\"widget\" data-e-type=\"widget\" data-widget_type=\"text-editor.default\">\n\t\t\t\t\t\t\t\t\t<div class=\"check-list\"><ul><li><i class=\"far fa-check-circle\"><\/i>Exp\u00e9dition : Conteneurs frigorifiques (Reefer) 40 pieds et 20 pieds.<\/li><\/ul><\/div>\t\t\t\t\t\t\t\t<\/div>\n\t\t\t\t<\/div>\n\t\t\t\t<\/div>\n\t\t\t\t<div class=\"elementor-element elementor-element-3a156a6 elementor-widget elementor-widget-html\" data-id=\"3a156a6\" data-element_type=\"widget\" data-e-type=\"widget\" data-widget_type=\"html.default\">\n\t\t\t\t\t <div class=\"project-nav\">\r\n              <a href=\"https:\/\/premier-farms.com\/fr\/fraises\/\" class=\"nav-btn\">\r\n                <i class=\"far fa-arrow-left icon-btn\"><\/i>\r\n                Pr\u00e9c\u00e9dent\r\n              <\/a>\r\n              <a href=\"https:\/\/premier-farms.com\/fr\/mangue\/\" class=\"nav-btn\">\r\n                Suivant\r\n                <i class=\"far fa-arrow-right icon-btn\"><\/i>\r\n              <\/a> \r\n        <\/div>\t\t\t\t<\/div>\n\t\t\t\t<\/div>\n\t\t\t\t<\/div>\n\t\t\t\t<\/div>\n\t\t\t\t\t<\/div>\n\t\t\t\t<\/div>\n\t\t\t\t<\/div>\n\t\t","protected":false},"excerpt":{"rendered":"<p>Grenades fra\u00eeches Grenades de qualit\u00e9 sup\u00e9rieure, reconnues pour leur saveur riche, leurs arilles d&#8217;un rouge \u00e9clatant et leur haute valeur nutritionnelle. Soigneusement s\u00e9lectionn\u00e9es pour garantir leur fra\u00eecheur, leur qualit\u00e9 et leur douceur naturelle, id\u00e9ales pour la consommation en frais et la production de jus. Cat\u00e9gorie : Fruits Frais Code SH : 08109010 Taux d&#8217;acidit\u00e9 :&#8230;<\/p>\n","protected":false},"author":1,"featured_media":0,"parent":0,"menu_order":0,"comment_status":"closed","ping_status":"closed","template":"template-builder.php","meta":{"_monsterinsights_skip_tracking":false,"_monsterinsights_sitenote_active":false,"_monsterinsights_sitenote_note":"","_monsterinsights_sitenote_category":0,"footnotes":""},"class_list":["post-5191","page","type-page","status-publish","hentry"],"_links":{"self":[{"href":"https:\/\/premier-farms.com\/fr\/wp-json\/wp\/v2\/pages\/5191","targetHints":{"allow":["GET"]}}],"collection":[{"href":"https:\/\/premier-farms.com\/fr\/wp-json\/wp\/v2\/pages"}],"about":[{"href":"https:\/\/premier-farms.com\/fr\/wp-json\/wp\/v2\/types\/page"}],"author":[{"embeddable":true,"href":"https:\/\/premier-farms.com\/fr\/wp-json\/wp\/v2\/users\/1"}],"replies":[{"embeddable":true,"href":"https:\/\/premier-farms.com\/fr\/wp-json\/wp\/v2\/comments?post=5191"}],"version-history":[{"count":4,"href":"https:\/\/premier-farms.com\/fr\/wp-json\/wp\/v2\/pages\/5191\/revisions"}],"predecessor-version":[{"id":5563,"href":"https:\/\/premier-farms.com\/fr\/wp-json\/wp\/v2\/pages\/5191\/revisions\/5563"}],"wp:attachment":[{"href":"https:\/\/premier-farms.com\/fr\/wp-json\/wp\/v2\/media?parent=5191"}],"curies":[{"name":"wp","href":"https:\/\/api.w.org\/{rel}","templated":true}]}}