{"id":5193,"date":"2026-03-16T10:40:42","date_gmt":"2026-03-16T10:40:42","guid":{"rendered":"https:\/\/premier-farms.com\/sesame\/"},"modified":"2026-03-31T15:39:58","modified_gmt":"2026-03-31T15:39:58","slug":"sesame","status":"publish","type":"page","link":"https:\/\/premier-farms.com\/fr\/sesame\/","title":{"rendered":"S\u00e9same"},"content":{"rendered":"\t\t<div data-elementor-type=\"wp-page\" data-elementor-id=\"5193\" class=\"elementor elementor-5193 elementor-3992\" data-elementor-post-type=\"page\">\n\t\t\t\t<div class=\"elementor-element elementor-element-aa61361 e-flex e-con-boxed e-con e-parent\" data-id=\"aa61361\" data-element_type=\"container\" data-e-type=\"container\">\n\t\t\t\t\t<div class=\"e-con-inner\">\n\t\t<div class=\"elementor-element elementor-element-fe4dd55 e-con-full e-flex e-con e-child\" data-id=\"fe4dd55\" data-element_type=\"container\" data-e-type=\"container\">\n\t\t<div class=\"elementor-element elementor-element-4127a86 e-con-full e-flex e-con e-child\" data-id=\"4127a86\" data-element_type=\"container\" data-e-type=\"container\">\n\t\t<div class=\"elementor-element elementor-element-e7692ab e-con-full e-flex e-con e-child\" data-id=\"e7692ab\" data-element_type=\"container\" data-e-type=\"container\">\n\t\t<div class=\"elementor-element elementor-element-597beb7 e-con-full e-flex e-con e-child\" data-id=\"597beb7\" data-element_type=\"container\" data-e-type=\"container\">\n\t\t<div class=\"elementor-element elementor-element-ba0fd67 e-con-full e-flex e-con e-child\" data-id=\"ba0fd67\" data-element_type=\"container\" data-e-type=\"container\">\n\t\t<div class=\"elementor-element elementor-element-a246ec6 e-con-full project-details e-flex e-con e-child\" data-id=\"a246ec6\" data-element_type=\"container\" data-e-type=\"container\">\n\t\t\n\t\t<div class=\"elementor-element elementor-element-8884134 elementor-widget elementor-widget-text-editor\" data-id=\"8884134\" data-element_type=\"widget\" data-e-type=\"widget\" data-widget_type=\"text-editor.default\">\n\t\t\t\t\t\t\t\t\t<h2 class=\"sec-title page-title\">Graines de S\u00e9same<br><\/h2><p class=\"page-text\">Les graines de s\u00e9same dor\u00e9 d\u2019\u00c9gypte ont toujours b\u00e9n\u00e9fici\u00e9 d&#8217;une exclusivit\u00e9 par rapport \u00e0 de nombreuses autres origines \u00e0 travers le monde. Le go\u00fbt du s\u00e9same \u00e9gyptien est plus prononc\u00e9 et plus riche que celui d&#8217;autres provenances, c\u2019est pourquoi il est sp\u00e9cifiquement pl\u00e9biscit\u00e9 par de nombreux pays. <\/p>\t\t\t\t\t\t\t\t<\/div>\n\t\t\t\t<div class=\"elementor-element elementor-element-70d42ce elementor-widget elementor-widget-frutinfeatures\" data-id=\"70d42ce\" data-element_type=\"widget\" data-e-type=\"widget\" data-widget_type=\"frutinfeatures.default\">\n\t\t\t\t<div class=\"elementor-widget-container\">\n\t\t\t\t\t<div class=\"project-meta-wrap\"><div class=\"project-meta\"><h3 class=\"box-title\">Cat\u00e9gorie :<br><\/h3><p class=\"box-text\">L\u00e9gumes Frais<br><\/p><\/div><div class=\"line\"><\/div><div class=\"project-meta\"><h3 class=\"box-title\">Code SH :<br><\/h3><p class=\"box-text\">120740<\/p><\/div><div class=\"line\"><\/div><div class=\"project-meta\"><h3 class=\"box-title\">Forme :<br><\/h3><p class=\"box-text\">None<\/p><\/div><div class=\"line\"><\/div><div class=\"project-meta\"><h3 class=\"box-title\">Couleur :<br><\/h3><p class=\"box-text\">None<\/p><\/div><\/div>\t\t\t\t<\/div>\n\t\t\t\t<\/div>\n\t\t\t\t<div class=\"elementor-element elementor-element-a511618 page-img elementor-widget elementor-widget-image\" data-id=\"a511618\" data-element_type=\"widget\" data-e-type=\"widget\" data-widget_type=\"image.default\">\n\t\t\t\t\t\t\t\t\t\t\t\t\t\t\t<img decoding=\"async\" src=\"https:\/\/premier-farms.com\/wp-content\/uploads\/elementor\/thumbs\/Seasme-rkcoek4pipkotqv4nipvqj0h98wsqoqlbw2esbx490.png\" title=\"Seasme\" alt=\"Seasme\" loading=\"lazy\" \/>\t\t\t\t\t\t\t\t\t\t\t\t\t\t\t<\/div>\n\t\t<div class=\"elementor-element elementor-element-3b26bb5 e-grid e-con-full e-con e-child\" data-id=\"3b26bb5\" data-element_type=\"container\" data-e-type=\"container\">\n\t\t\t\t<div class=\"elementor-element elementor-element-fea9a86 elementor-widget elementor-widget-text-editor\" data-id=\"fea9a86\" data-element_type=\"widget\" data-e-type=\"widget\" data-widget_type=\"text-editor.default\">\n\t\t\t\t\t\t\t\t\t<h3 class=\"h4 mb-4 fw-semibold\">Sp\u00e9cifications :<\/h3><p>Toutes les graines de s\u00e9same dor\u00e9 de Premier Farms passent par des lignes de nettoyage et par le syst\u00e8me Sortex (tri optique). Nous exportons vers la plupart des pays arabes, europ\u00e9ens et d&#8217;Extr\u00eame-Orient. Le s\u00e9same est r\u00e9put\u00e9 pour traiter la chute des cheveux, les maux de t\u00eate, les troubles de la vision, les affections h\u00e9patiques, la d\u00e9pression, la s\u00e9nilit\u00e9, les maladies osseuses et les probl\u00e8mes intestinaux.<br>Les graines de s\u00e9same sont utilis\u00e9es de multiples fa\u00e7ons : pains, g\u00e2teaux, biscuits et bien d&#8217;autres p\u00e2tisseries ; desserts, soupes, salades, plats saut\u00e9s, sauces, etc. Au Moyen-Orient, elles sont transform\u00e9es en une p\u00e2te appel\u00e9e tahini, qui entre dans la composition du houmous (pur\u00e9e de pois chiches) et du baba ghanoush (pur\u00e9e d&#8217;aubergines).<span data-ccp-props=\"{\"134233117\":false,\"134233118\":false,\"201341983\":0,\"335557856\":16777215,\"335559738\":0,\"335559739\":225,\"335559740\":240}\"> <br><\/span><\/p><ul><li aria-setsize=\"-1\" data-leveltext=\"\uf0b7\" data-font=\"Symbol\" data-listid=\"17\" data-list-defn-props=\"{\"335551671\":15,\"335552541\":1,\"335559685\":360,\"335559991\":360,\"469769226\":\"Symbol\",\"469769242\":[8226],\"469777803\":\"left\",\"469777804\":\"\uf0b7\",\"469777815\":\"hybridMultilevel\"}\" data-aria-posinset=\"119\" data-aria-level=\"1\">Formes disponibles : Graines de s\u00e9same blanc, graines de s\u00e9same rouge, graines de s\u00e9same dor\u00e9.<br><span data-ccp-props=\"{\"134233117\":false,\"134233118\":false,\"201341983\":2,\"335557856\":16777215,\"335559738\":0,\"335559739\":0,\"335559740\":345}\"> <\/span><\/li><\/ul><ul><li aria-setsize=\"-1\" data-leveltext=\"\uf0b7\" data-font=\"Symbol\" data-listid=\"17\" data-list-defn-props=\"{\"335551671\":15,\"335552541\":1,\"335559685\":360,\"335559991\":360,\"469769226\":\"Symbol\",\"469769242\":[8226],\"469777803\":\"left\",\"469777804\":\"\uf0b7\",\"469777815\":\"hybridMultilevel\"}\" data-aria-posinset=\"120\" data-aria-level=\"1\">Emballage : Nos formats d&#8217;exportation standards sont des sacs de 25 et 50 kg, ou selon la demande de l&#8217;acheteur.<br><span data-ccp-props=\"{\"134233117\":false,\"134233118\":false,\"201341983\":2,\"335557856\":16777215,\"335559738\":0,\"335559739\":0,\"335559740\":345}\"> <\/span><\/li><\/ul><ul><li aria-setsize=\"-1\" data-leveltext=\"\uf0b7\" data-font=\"Symbol\" data-listid=\"17\" data-list-defn-props=\"{\"335551671\":15,\"335552541\":1,\"335559685\":360,\"335559991\":360,\"469769226\":\"Symbol\",\"469769242\":[8226],\"469777803\":\"left\",\"469777804\":\"\uf0b7\",\"469777815\":\"hybridMultilevel\"}\" data-aria-posinset=\"121\" data-aria-level=\"1\">Capacit\u00e9 du conteneur : 17\/18 tonnes par conteneur sec de 20 pieds.<span data-ccp-props=\"{\"134233117\":false,\"134233118\":false,\"201341983\":0,\"335557856\":16777215,\"335559738\":0,\"335559739\":225,\"335559740\":240}\"> <\/span><\/li><\/ul><p><span data-ccp-props=\"{\"134233117\":false,\"134233118\":false,\"201341983\":0,\"335557856\":16777215,\"335559738\":0,\"335559739\":225,\"335559740\":240}\"> <\/span><\/p>\t\t\t\t\t\t\t\t<\/div>\n\t\t\t\t<\/div>\n\t\t\t\t<div class=\"elementor-element elementor-element-474c74f elementor-widget elementor-widget-html\" data-id=\"474c74f\" data-element_type=\"widget\" data-e-type=\"widget\" data-widget_type=\"html.default\">\n\t\t\t\t\t<div class=\"project-nav\">\r\n              <a href=\"#\" class=\"nav-btn\">\r\n                <i class=\"far fa-arrow-left icon-btn\"><\/i>\r\n                Pr\u00e9c\u00e9dent\r\n              <\/a>\r\n              <a href=\"https:\/\/premier-farms.com\/fr\/haricots-lingots\/\" class=\"nav-btn\">\r\n                Suivant\r\n                <i class=\"far fa-arrow-right icon-btn\"><\/i>\r\n              <\/a> \r\n        <\/div>\t\t\t\t<\/div>\n\t\t\t\t<\/div>\n\t\t\t\t<\/div>\n\t\t\t\t<\/div>\n\t\t\t\t<\/div>\n\t\t\t\t<\/div>\n\t\t\t\t<\/div>\n\t\t\t\t\t<\/div>\n\t\t\t\t<\/div>\n\t\t\t\t<\/div>\n\t\t","protected":false},"excerpt":{"rendered":"<p>Graines de S\u00e9same Les graines de s\u00e9same dor\u00e9 d\u2019\u00c9gypte ont toujours b\u00e9n\u00e9fici\u00e9 d&#8217;une exclusivit\u00e9 par rapport \u00e0 de nombreuses autres origines \u00e0 travers le monde. Le go\u00fbt du s\u00e9same \u00e9gyptien est plus prononc\u00e9 et plus riche que celui d&#8217;autres provenances, c\u2019est pourquoi il est sp\u00e9cifiquement pl\u00e9biscit\u00e9 par de nombreux pays. Cat\u00e9gorie : L\u00e9gumes Frais Code&#8230;<\/p>\n","protected":false},"author":1,"featured_media":0,"parent":0,"menu_order":0,"comment_status":"closed","ping_status":"closed","template":"template-builder.php","meta":{"_monsterinsights_skip_tracking":false,"_monsterinsights_sitenote_active":false,"_monsterinsights_sitenote_note":"","_monsterinsights_sitenote_category":0,"footnotes":""},"class_list":["post-5193","page","type-page","status-publish","hentry"],"_links":{"self":[{"href":"https:\/\/premier-farms.com\/fr\/wp-json\/wp\/v2\/pages\/5193","targetHints":{"allow":["GET"]}}],"collection":[{"href":"https:\/\/premier-farms.com\/fr\/wp-json\/wp\/v2\/pages"}],"about":[{"href":"https:\/\/premier-farms.com\/fr\/wp-json\/wp\/v2\/types\/page"}],"author":[{"embeddable":true,"href":"https:\/\/premier-farms.com\/fr\/wp-json\/wp\/v2\/users\/1"}],"replies":[{"embeddable":true,"href":"https:\/\/premier-farms.com\/fr\/wp-json\/wp\/v2\/comments?post=5193"}],"version-history":[{"count":5,"href":"https:\/\/premier-farms.com\/fr\/wp-json\/wp\/v2\/pages\/5193\/revisions"}],"predecessor-version":[{"id":5584,"href":"https:\/\/premier-farms.com\/fr\/wp-json\/wp\/v2\/pages\/5193\/revisions\/5584"}],"wp:attachment":[{"href":"https:\/\/premier-farms.com\/fr\/wp-json\/wp\/v2\/media?parent=5193"}],"curies":[{"name":"wp","href":"https:\/\/api.w.org\/{rel}","templated":true}]}}