{"id":5195,"date":"2026-03-11T09:25:13","date_gmt":"2026-03-11T09:25:13","guid":{"rendered":"https:\/\/premier-farms.com\/fraises\/"},"modified":"2026-03-31T15:34:33","modified_gmt":"2026-03-31T15:34:33","slug":"fraises","status":"publish","type":"page","link":"https:\/\/premier-farms.com\/fr\/fraises\/","title":{"rendered":"Fraises"},"content":{"rendered":"\t\t<div data-elementor-type=\"wp-page\" data-elementor-id=\"5195\" class=\"elementor elementor-5195 elementor-3343\" data-elementor-post-type=\"page\">\n\t\t\t\t<div class=\"elementor-element elementor-element-0b523fe e-flex e-con-boxed e-con e-parent\" data-id=\"0b523fe\" data-element_type=\"container\" data-e-type=\"container\">\n\t\t\t\t\t<div class=\"e-con-inner\">\n\t\t<div class=\"elementor-element elementor-element-463f246 e-con-full e-flex e-con e-child\" data-id=\"463f246\" data-element_type=\"container\" data-e-type=\"container\">\n\t\t<div class=\"elementor-element elementor-element-f391247 e-con-full e-flex e-con e-child\" data-id=\"f391247\" data-element_type=\"container\" data-e-type=\"container\">\n\t\t<div class=\"elementor-element elementor-element-eecd6f7 e-con-full project-details e-flex e-con e-child\" data-id=\"eecd6f7\" data-element_type=\"container\" data-e-type=\"container\">\n\t\t\n\t\t<div class=\"elementor-element elementor-element-eead01e elementor-widget elementor-widget-text-editor\" data-id=\"eead01e\" data-element_type=\"widget\" data-e-type=\"widget\" data-widget_type=\"text-editor.default\">\n\t\t\t\t\t\t\t\t\t<h2 class=\"sec-title page-title\">Fraises fra\u00eeches<br><\/h2><p class=\"page-text\">Fraises de qualit\u00e9 sup\u00e9rieure, reconnues pour leur couleur rouge vif, leur saveur sucr\u00e9e et leur texture juteuse. Soigneusement r\u00e9colt\u00e9es et s\u00e9lectionn\u00e9es pour garantir une fra\u00eecheur maximale et une haute qualit\u00e9, elles sont parfaites pour la consommation en frais, les desserts et les jus. <\/p>\t\t\t\t\t\t\t\t<\/div>\n\t\t\t\t<div class=\"elementor-element elementor-element-afd9741 elementor-widget elementor-widget-frutinfeatures\" data-id=\"afd9741\" data-element_type=\"widget\" data-e-type=\"widget\" data-widget_type=\"frutinfeatures.default\">\n\t\t\t\t<div class=\"elementor-widget-container\">\n\t\t\t\t\t<div class=\"project-meta-wrap\"><div class=\"project-meta\"><h3 class=\"box-title\">Cat\u00e9gorie :<br><\/h3><p class=\"box-text\">Fruits Frais<br><\/p><\/div><div class=\"line\"><\/div><div class=\"project-meta\"><h3 class=\"box-title\">Code SH :<br><\/h3><p class=\"box-text\"> 081010 <\/p><\/div><div class=\"line\"><\/div><div class=\"project-meta\"><h3 class=\"box-title\">Taux d'acidit\u00e9 :<br> <\/h3><p class=\"box-text\"> 0.8  <\/p><\/div><div class=\"line\"><\/div><div class=\"project-meta\"><h3 class=\"box-title\"> Taux de Brix :<br><\/h3><p class=\"box-text\">+14%  <\/p><\/div><\/div>\t\t\t\t<\/div>\n\t\t\t\t<\/div>\n\t\t\t\t<div class=\"elementor-element elementor-element-cf60f0f page-img elementor-widget elementor-widget-image\" data-id=\"cf60f0f\" data-element_type=\"widget\" data-e-type=\"widget\" data-widget_type=\"image.default\">\n\t\t\t\t\t\t\t\t\t\t\t\t\t\t\t<img decoding=\"async\" src=\"https:\/\/premier-farms.com\/wp-content\/uploads\/elementor\/thumbs\/Strawbarry-rkcoernf1duzemk7flywah460bvqg9kg0xaamjlyv8.png\" title=\"Strawbarry\" alt=\"Strawbarry\" loading=\"lazy\" \/>\t\t\t\t\t\t\t\t\t\t\t\t\t\t\t<\/div>\n\t\t<div class=\"elementor-element elementor-element-d2e12a9 e-grid e-con-full e-con e-child\" data-id=\"d2e12a9\" data-element_type=\"container\" data-e-type=\"container\">\n\t\t\t\t<div class=\"elementor-element elementor-element-2133c53 elementor-widget elementor-widget-text-editor\" data-id=\"2133c53\" data-element_type=\"widget\" data-e-type=\"widget\" data-widget_type=\"text-editor.default\">\n\t\t\t\t\t\t\t\t\t<h3 class=\"h4 mb-4 fw-semibold\">Sp\u00e9cifications :<\/h3><p class=\"mb-25\">Fraises de haute qualit\u00e9, affichant une couleur rouge \u00e9clatante, une texture ferme et une douceur naturelle. S\u00e9lectionn\u00e9es selon les normes d&#8217;exportation pour garantir une fra\u00eecheur optimale, un calibre uniforme et une qualit\u00e9 sup\u00e9rieure, id\u00e9ales pour les march\u00e9s de frais et la transformation alimentaire.<br> <\/p>\t\t\t\t\t\t\t\t<\/div>\n\t\t<div class=\"elementor-element elementor-element-d261ecf e-grid e-con-full e-con e-child\" data-id=\"d261ecf\" data-element_type=\"container\" data-e-type=\"container\">\n\t\t\t\t<div class=\"elementor-element elementor-element-f375fc8 elementor-widget__width-initial elementor-widget elementor-widget-text-editor\" data-id=\"f375fc8\" data-element_type=\"widget\" data-e-type=\"widget\" data-widget_type=\"text-editor.default\">\n\t\t\t\t\t\t\t\t\t<div class=\"check-list\"><ul><li><i class=\"far fa-check-circle\"><\/i>Saison \/ Disponibilit\u00e9 : De la 1\u00e8re semaine de novembre jusqu&#8217;\u00e0 la fin avril.<br><\/li><li><i class=\"far fa-check-circle\"><\/i>Vari\u00e9t\u00e9s : Sensation, Festival, Fortuna, Florida (les meilleures vari\u00e9t\u00e9s pour l&#8217;exportation).<br> <\/li><li><i class=\"far fa-check-circle\"><\/i>Tailles \/ Diam\u00e8tre : De 25 \u00e0 35\/40 mm par pi\u00e8ce.<br><\/li><li><i class=\"far fa-check-circle\"><\/i>Emballage : Carton de 2 kg (8 barquettes250 g) ; Carton de 2,5 kg (10 barquettes250 g) ; Carton de 4,5 kg (20 barquettes225 g) ; Carton de 4,8 kg (12 barquettes400 g).   <\/li><\/ul><\/div>\t\t\t\t\t\t\t\t<\/div>\n\t\t\t\t<div class=\"elementor-element elementor-element-29b73df elementor-widget elementor-widget-text-editor\" data-id=\"29b73df\" data-element_type=\"widget\" data-e-type=\"widget\" data-widget_type=\"text-editor.default\">\n\t\t\t\t\t\t\t\t\t<div class=\"check-list\"><ul><li><i class=\"far fa-check-circle\"><\/i>Exp\u00e9dition : Principalement par voie a\u00e9rienne, et plus rarement par conteneurs frigorifiques ou camions.<\/li><\/ul><\/div>\t\t\t\t\t\t\t\t<\/div>\n\t\t\t\t<\/div>\n\t\t\t\t<\/div>\n\t\t\t\t<div class=\"elementor-element elementor-element-f3e17d6 elementor-widget elementor-widget-html\" data-id=\"f3e17d6\" data-element_type=\"widget\" data-e-type=\"widget\" data-widget_type=\"html.default\">\n\t\t\t\t\t<div class=\"project-nav\">\r\n              <a href=\"https:\/\/premier-farms.com\/fr\/raisins-de-table\/\" class=\"nav-btn\">\r\n                <i class=\"far fa-arrow-left icon-btn\"><\/i>\r\n                Pr\u00e9c\u00e9dent\r\n              <\/a>\r\n              <a href=\"https:\/\/premier-farms.com\/fr\/grenades\/\" class=\"nav-btn\">\r\n                Suivant\r\n                <i class=\"far fa-arrow-right icon-btn\"><\/i>\r\n              <\/a> \r\n        <\/div>\t\t\t\t<\/div>\n\t\t\t\t<\/div>\n\t\t\t\t<\/div>\n\t\t\t\t<\/div>\n\t\t\t\t\t<\/div>\n\t\t\t\t<\/div>\n\t\t\t\t<\/div>\n\t\t","protected":false},"excerpt":{"rendered":"<p>Fraises fra\u00eeches Fraises de qualit\u00e9 sup\u00e9rieure, reconnues pour leur couleur rouge vif, leur saveur sucr\u00e9e et leur texture juteuse. Soigneusement r\u00e9colt\u00e9es et s\u00e9lectionn\u00e9es pour garantir une fra\u00eecheur maximale et une haute qualit\u00e9, elles sont parfaites pour la consommation en frais, les desserts et les jus. Cat\u00e9gorie : Fruits Frais Code SH : 081010 Taux d&#8217;acidit\u00e9&#8230;<\/p>\n","protected":false},"author":1,"featured_media":0,"parent":0,"menu_order":0,"comment_status":"closed","ping_status":"closed","template":"template-builder.php","meta":{"_monsterinsights_skip_tracking":false,"_monsterinsights_sitenote_active":false,"_monsterinsights_sitenote_note":"","_monsterinsights_sitenote_category":0,"footnotes":""},"class_list":["post-5195","page","type-page","status-publish","hentry"],"_links":{"self":[{"href":"https:\/\/premier-farms.com\/fr\/wp-json\/wp\/v2\/pages\/5195","targetHints":{"allow":["GET"]}}],"collection":[{"href":"https:\/\/premier-farms.com\/fr\/wp-json\/wp\/v2\/pages"}],"about":[{"href":"https:\/\/premier-farms.com\/fr\/wp-json\/wp\/v2\/types\/page"}],"author":[{"embeddable":true,"href":"https:\/\/premier-farms.com\/fr\/wp-json\/wp\/v2\/users\/1"}],"replies":[{"embeddable":true,"href":"https:\/\/premier-farms.com\/fr\/wp-json\/wp\/v2\/comments?post=5195"}],"version-history":[{"count":7,"href":"https:\/\/premier-farms.com\/fr\/wp-json\/wp\/v2\/pages\/5195\/revisions"}],"predecessor-version":[{"id":5560,"href":"https:\/\/premier-farms.com\/fr\/wp-json\/wp\/v2\/pages\/5195\/revisions\/5560"}],"wp:attachment":[{"href":"https:\/\/premier-farms.com\/fr\/wp-json\/wp\/v2\/media?parent=5195"}],"curies":[{"name":"wp","href":"https:\/\/api.w.org\/{rel}","templated":true}]}}