{"id":5199,"date":"2026-03-11T09:32:57","date_gmt":"2026-03-11T09:32:57","guid":{"rendered":"https:\/\/premier-farms.com\/patate-douce\/"},"modified":"2026-03-31T15:38:07","modified_gmt":"2026-03-31T15:38:07","slug":"patate-douce","status":"publish","type":"page","link":"https:\/\/premier-farms.com\/fr\/patate-douce\/","title":{"rendered":"Patate Douce"},"content":{"rendered":"\t\t<div data-elementor-type=\"wp-page\" data-elementor-id=\"5199\" class=\"elementor elementor-5199 elementor-3385\" data-elementor-post-type=\"page\">\n\t\t\t\t<div class=\"elementor-element elementor-element-41b652d e-flex e-con-boxed e-con e-parent\" data-id=\"41b652d\" data-element_type=\"container\" data-e-type=\"container\">\n\t\t\t\t\t<div class=\"e-con-inner\">\n\t\t<div class=\"elementor-element elementor-element-3defbf6 e-con-full e-flex e-con e-child\" data-id=\"3defbf6\" data-element_type=\"container\" data-e-type=\"container\">\n\t\t<div class=\"elementor-element elementor-element-f2c4630 e-con-full e-flex e-con e-child\" data-id=\"f2c4630\" data-element_type=\"container\" data-e-type=\"container\">\n\t\t<div class=\"elementor-element elementor-element-ba4bcde e-con-full e-flex e-con e-child\" data-id=\"ba4bcde\" data-element_type=\"container\" data-e-type=\"container\">\n\t\t<div class=\"elementor-element elementor-element-b7897bd e-con-full project-details e-flex e-con e-child\" data-id=\"b7897bd\" data-element_type=\"container\" data-e-type=\"container\">\n\t\t\n\t\t<div class=\"elementor-element elementor-element-bb3a798 elementor-widget elementor-widget-text-editor\" data-id=\"bb3a798\" data-element_type=\"widget\" data-e-type=\"widget\" data-widget_type=\"text-editor.default\">\n\t\t\t\t\t\t\t\t\t<h2 class=\"sec-title page-title\">Patates douces fra\u00eeches<br><\/h2><p class=\"page-text\">Patates douces de qualit\u00e9 sup\u00e9rieure, reconnues pour leur douceur naturelle, leur texture lisse et leur grande valeur nutritionnelle. Soigneusement r\u00e9colt\u00e9es et s\u00e9lectionn\u00e9es pour garantir leur fra\u00eecheur et leur qualit\u00e9, elles sont id\u00e9ales pour la cuisson, le r\u00f4tissage et les recettes saines. <\/p>\t\t\t\t\t\t\t\t<\/div>\n\t\t\t\t<div class=\"elementor-element elementor-element-939655d elementor-widget elementor-widget-frutinfeatures\" data-id=\"939655d\" data-element_type=\"widget\" data-e-type=\"widget\" data-widget_type=\"frutinfeatures.default\">\n\t\t\t\t<div class=\"elementor-widget-container\">\n\t\t\t\t\t<div class=\"project-meta-wrap\"><div class=\"project-meta\"><h3 class=\"box-title\">Cat\u00e9gorie :<br><\/h3><p class=\"box-text\">L\u00e9gumes Frais<br><\/p><\/div><div class=\"line\"><\/div><div class=\"project-meta\"><h3 class=\"box-title\">Code SH :<br><\/h3><p class=\"box-text\"> 071420 <\/p><\/div><div class=\"line\"><\/div><div class=\"project-meta\"><h3 class=\"box-title\">Taux d'acidit\u00e9 :<br> <\/h3><p class=\"box-text\">None<\/p><\/div><div class=\"line\"><\/div><div class=\"project-meta\"><h3 class=\"box-title\"> Taux de Brix :<br><\/h3><p class=\"box-text\">None<\/p><\/div><\/div>\t\t\t\t<\/div>\n\t\t\t\t<\/div>\n\t\t\t\t<div class=\"elementor-element elementor-element-3673f2b page-img elementor-widget elementor-widget-image\" data-id=\"3673f2b\" data-element_type=\"widget\" data-e-type=\"widget\" data-widget_type=\"image.default\">\n\t\t\t\t\t\t\t\t\t\t\t\t\t\t\t<img decoding=\"async\" src=\"https:\/\/premier-farms.com\/wp-content\/uploads\/elementor\/thumbs\/sweet-potatos-rkcoewclzk1f0oddo6014xxgz98kir33pkjq0xf004.png\" title=\"sweet-potatos\" alt=\"sweet-potatos\" loading=\"lazy\" \/>\t\t\t\t\t\t\t\t\t\t\t\t\t\t\t<\/div>\n\t\t<div class=\"elementor-element elementor-element-259a2f8 e-grid e-con-full e-con e-child\" data-id=\"259a2f8\" data-element_type=\"container\" data-e-type=\"container\">\n\t\t\t\t<div class=\"elementor-element elementor-element-4b607b3 elementor-widget elementor-widget-text-editor\" data-id=\"4b607b3\" data-element_type=\"widget\" data-e-type=\"widget\" data-widget_type=\"text-editor.default\">\n\t\t\t\t\t\t\t\t\t<h3 class=\"h4 mb-4 fw-semibold\">Sp\u00e9cifications :<\/h3><p class=\"mb-25\">Patates douces de haute qualit\u00e9 avec un calibre uniforme, une peau propre et une chair ferme. S\u00e9lectionn\u00e9es selon les normes d&#8217;exportation pour garantir la fra\u00eecheur, une dur\u00e9e de conservation optimale et une qualit\u00e9 sup\u00e9rieure, id\u00e9ales pour les march\u00e9s de frais et la transformation alimentaire.<br> <\/p>\t\t\t\t\t\t\t\t<\/div>\n\t\t<div class=\"elementor-element elementor-element-1665d3e e-grid e-con-full e-con e-child\" data-id=\"1665d3e\" data-element_type=\"container\" data-e-type=\"container\">\n\t\t\t\t<div class=\"elementor-element elementor-element-e41dfc3 elementor-widget__width-initial elementor-widget elementor-widget-text-editor\" data-id=\"e41dfc3\" data-element_type=\"widget\" data-e-type=\"widget\" data-widget_type=\"text-editor.default\">\n\t\t\t\t\t\t\t\t\t<div class=\"check-list\"><ul><li><i class=\"far fa-check-circle\"><\/i>Saison \/ Disponibilit\u00e9 : D&#8217;ao\u00fbt jusqu&#8217;\u00e0 mai.<br> <\/li><li><i class=\"far fa-check-circle\"><\/i>Vari\u00e9t\u00e9s : Bellevue et Beauregard.<\/li><li><i class=\"far fa-check-circle\"><\/i>Tailles : S \/ M \/ L1 \/ L2 \/ XL \/ Large \u2014 (S : 80-150 g \/ M : 150-300 g \/ L1 : 300-450 g \/ L2 : 450-600 g \/ XL : 600-800 g \/ Large : +800 g). <\/li><\/ul><\/div>\t\t\t\t\t\t\t\t<\/div>\n\t\t\t\t<div class=\"elementor-element elementor-element-9e3af1d elementor-widget elementor-widget-text-editor\" data-id=\"9e3af1d\" data-element_type=\"widget\" data-e-type=\"widget\" data-widget_type=\"text-editor.default\">\n\t\t\t\t\t\t\t\t\t<div class=\"check-list\"><ul><li><i class=\"far fa-check-circle\"><\/i>Exp\u00e9dition : Conteneurs frigorifiques (Reefer) 40 pieds.<\/li><li><i class=\"far fa-check-circle\"><\/i> Emballage : Carton de 6 kg ou caisse en plastique de 14 kg (Poids net) \u2014 Bin de 600 kg ou selon la demande du client.<\/li><\/ul><\/div>\t\t\t\t\t\t\t\t<\/div>\n\t\t\t\t<\/div>\n\t\t\t\t<\/div>\n\t\t\t\t<div class=\"elementor-element elementor-element-83a4228 elementor-widget elementor-widget-html\" data-id=\"83a4228\" data-element_type=\"widget\" data-e-type=\"widget\" data-widget_type=\"html.default\">\n\t\t\t\t\t<div class=\"project-nav\">\r\n              <a href=\"https:\/\/premier-farms.com\/fr\/pommes-de-terre\/\" class=\"nav-btn\">\r\n                <i class=\"far fa-arrow-left icon-btn\"><\/i>\r\n                Pr\u00e9c\u00e9dent\r\n              <\/a>\r\n              <a href=\"https:\/\/premier-farms.com\/fr\/oignons\/\" class=\"nav-btn\">\r\n                Suivant\r\n                <i class=\"far fa-arrow-right icon-btn\"><\/i>\r\n              <\/a> \r\n        <\/div>\t\t\t\t<\/div>\n\t\t\t\t<\/div>\n\t\t\t\t<\/div>\n\t\t\t\t<\/div>\n\t\t\t\t<\/div>\n\t\t\t\t\t<\/div>\n\t\t\t\t<\/div>\n\t\t\t\t<\/div>\n\t\t","protected":false},"excerpt":{"rendered":"<p>Patates douces fra\u00eeches Patates douces de qualit\u00e9 sup\u00e9rieure, reconnues pour leur douceur naturelle, leur texture lisse et leur grande valeur nutritionnelle. Soigneusement r\u00e9colt\u00e9es et s\u00e9lectionn\u00e9es pour garantir leur fra\u00eecheur et leur qualit\u00e9, elles sont id\u00e9ales pour la cuisson, le r\u00f4tissage et les recettes saines. Cat\u00e9gorie : L\u00e9gumes Frais Code SH : 071420 Taux d&#8217;acidit\u00e9 :&#8230;<\/p>\n","protected":false},"author":1,"featured_media":0,"parent":0,"menu_order":0,"comment_status":"closed","ping_status":"closed","template":"template-builder.php","meta":{"_monsterinsights_skip_tracking":false,"_monsterinsights_sitenote_active":false,"_monsterinsights_sitenote_note":"","_monsterinsights_sitenote_category":0,"footnotes":""},"class_list":["post-5199","page","type-page","status-publish","hentry"],"_links":{"self":[{"href":"https:\/\/premier-farms.com\/fr\/wp-json\/wp\/v2\/pages\/5199","targetHints":{"allow":["GET"]}}],"collection":[{"href":"https:\/\/premier-farms.com\/fr\/wp-json\/wp\/v2\/pages"}],"about":[{"href":"https:\/\/premier-farms.com\/fr\/wp-json\/wp\/v2\/types\/page"}],"author":[{"embeddable":true,"href":"https:\/\/premier-farms.com\/fr\/wp-json\/wp\/v2\/users\/1"}],"replies":[{"embeddable":true,"href":"https:\/\/premier-farms.com\/fr\/wp-json\/wp\/v2\/comments?post=5199"}],"version-history":[{"count":5,"href":"https:\/\/premier-farms.com\/fr\/wp-json\/wp\/v2\/pages\/5199\/revisions"}],"predecessor-version":[{"id":5575,"href":"https:\/\/premier-farms.com\/fr\/wp-json\/wp\/v2\/pages\/5199\/revisions\/5575"}],"wp:attachment":[{"href":"https:\/\/premier-farms.com\/fr\/wp-json\/wp\/v2\/media?parent=5199"}],"curies":[{"name":"wp","href":"https:\/\/api.w.org\/{rel}","templated":true}]}}