{"id":5201,"date":"2026-03-11T09:30:50","date_gmt":"2026-03-11T09:30:50","guid":{"rendered":"https:\/\/premier-farms.com\/raisins-de-table\/"},"modified":"2026-03-31T15:34:02","modified_gmt":"2026-03-31T15:34:02","slug":"raisins-de-table","status":"publish","type":"page","link":"https:\/\/premier-farms.com\/fr\/raisins-de-table\/","title":{"rendered":"Raisins de Table"},"content":{"rendered":"\t\t<div data-elementor-type=\"wp-page\" data-elementor-id=\"5201\" class=\"elementor elementor-5201 elementor-3369\" data-elementor-post-type=\"page\">\n\t\t\t\t<div class=\"elementor-element elementor-element-2a10ea5 e-flex e-con-boxed e-con e-parent\" data-id=\"2a10ea5\" data-element_type=\"container\" data-e-type=\"container\">\n\t\t\t\t\t<div class=\"e-con-inner\">\n\t\t<div class=\"elementor-element elementor-element-5e8ac31 e-con-full e-flex e-con e-child\" data-id=\"5e8ac31\" data-element_type=\"container\" data-e-type=\"container\">\n\t\t<div class=\"elementor-element elementor-element-2272f11 e-con-full project-details e-flex e-con e-child\" data-id=\"2272f11\" data-element_type=\"container\" data-e-type=\"container\">\n\t\t\n\t\t<div class=\"elementor-element elementor-element-6161f94 elementor-widget elementor-widget-text-editor\" data-id=\"6161f94\" data-element_type=\"widget\" data-e-type=\"widget\" data-widget_type=\"text-editor.default\">\n\t\t\t\t\t\t\t\t\t<h2 class=\"sec-title page-title\">Raisins de table frais<br><\/h2><p class=\"page-text\">Raisins frais de qualit\u00e9 sup\u00e9rieure, reconnus pour leur saveur naturellement sucr\u00e9e, leur texture juteuse et leur grande valeur nutritionnelle. Soigneusement s\u00e9lectionn\u00e9s pour garantir une fra\u00eecheur et une qualit\u00e9 optimale, ils sont parfaits pour la consommation en frais et comme encas sains. <\/p>\t\t\t\t\t\t\t\t<\/div>\n\t\t\t\t<div class=\"elementor-element elementor-element-6c72ea9 elementor-widget elementor-widget-frutinfeatures\" data-id=\"6c72ea9\" data-element_type=\"widget\" data-e-type=\"widget\" data-widget_type=\"frutinfeatures.default\">\n\t\t\t\t<div class=\"elementor-widget-container\">\n\t\t\t\t\t<div class=\"project-meta-wrap\"><div class=\"project-meta\"><h3 class=\"box-title\">Cat\u00e9gorie :<br><\/h3><p class=\"box-text\">Fruits Frais<br><\/p><\/div><div class=\"line\"><\/div><div class=\"project-meta\"><h3 class=\"box-title\">Code SH :<br><\/h3><p class=\"box-text\">080610 <\/p><\/div><div class=\"line\"><\/div><div class=\"project-meta\"><h3 class=\"box-title\">Taux d'acidit\u00e9 :<br> <\/h3><p class=\"box-text\"> 0.9      <\/p><\/div><div class=\"line\"><\/div><div class=\"project-meta\"><h3 class=\"box-title\"> Taux de Brix :<br><\/h3><p class=\"box-text\">+14%  <\/p><\/div><\/div>\t\t\t\t<\/div>\n\t\t\t\t<\/div>\n\t\t\t\t<div class=\"elementor-element elementor-element-eb00c23 page-img elementor-widget elementor-widget-image\" data-id=\"eb00c23\" data-element_type=\"widget\" data-e-type=\"widget\" data-widget_type=\"image.default\">\n\t\t\t\t\t\t\t\t\t\t\t\t\t\t\t<img decoding=\"async\" src=\"https:\/\/premier-farms.com\/wp-content\/uploads\/elementor\/thumbs\/graps-rkcod86xu5r2dmsrffzwpd3yylh2u4ga5asnb7w72c.png\" title=\"graps\" alt=\"graps\" loading=\"lazy\" \/>\t\t\t\t\t\t\t\t\t\t\t\t\t\t\t<\/div>\n\t\t<div class=\"elementor-element elementor-element-e735518 e-grid e-con-full e-con e-child\" data-id=\"e735518\" data-element_type=\"container\" data-e-type=\"container\">\n\t\t\t\t<div class=\"elementor-element elementor-element-2faba91 elementor-widget elementor-widget-text-editor\" data-id=\"2faba91\" data-element_type=\"widget\" data-e-type=\"widget\" data-widget_type=\"text-editor.default\">\n\t\t\t\t\t\t\t\t\t<h3 class=\"h4 mb-4 fw-semibold\">Sp\u00e9cifications :<\/h3><p class=\"mb-25\">Raisins de table de qualit\u00e9 sup\u00e9rieure, reconnus pour leur go\u00fbt sucr\u00e9, leur texture ferme et leur couleur \u00e9clatante. Soigneusement s\u00e9lectionn\u00e9s pour r\u00e9pondre aux normes d&#8217;exportation, garantissant une fra\u00eecheur optimale, un calibre uniforme et une qualit\u00e9 sup\u00e9rieure, id\u00e9aux pour la consommation en frais.<br> <\/p>\t\t\t\t\t\t\t\t<\/div>\n\t\t<div class=\"elementor-element elementor-element-c774010 e-grid e-con-full e-con e-child\" data-id=\"c774010\" data-element_type=\"container\" data-e-type=\"container\">\n\t\t\t\t<div class=\"elementor-element elementor-element-4bd9c17 elementor-widget__width-initial elementor-widget elementor-widget-text-editor\" data-id=\"4bd9c17\" data-element_type=\"widget\" data-e-type=\"widget\" data-widget_type=\"text-editor.default\">\n\t\t\t\t\t\t\t\t\t<div class=\"check-list\"><ul><li><i class=\"far fa-check-circle\"><\/i>Saison \/ Disponibilit\u00e9 : De la 2\u00e8me semaine de mai jusqu&#8217;\u00e0 la fin septembre.<br><\/li><li><i class=\"far fa-check-circle\"><\/i>Vari\u00e9t\u00e9s : * Blancs sans p\u00e9pins : Early Sweet \/ Sugraone.<br><\/li><li><i class=\"far fa-check-circle\"><\/i>Rouges sans p\u00e9pins : Flame \/ Crimson. Noirs sans p\u00e9pins : Autumn Royal. <\/li><li><i class=\"far fa-check-circle\"><\/i>Calibres des grains : 17\/18 \u00e0 22 mm pour les vari\u00e9t\u00e9s sans p\u00e9pins (vertes et rouges) et de +22 \u00e0 32 mm pour les raisins Red Globe avec p\u00e9pins.<\/li><\/ul><\/div>\t\t\t\t\t\t\t\t<\/div>\n\t\t\t\t<div class=\"elementor-element elementor-element-039b14f elementor-widget elementor-widget-text-editor\" data-id=\"039b14f\" data-element_type=\"widget\" data-e-type=\"widget\" data-widget_type=\"text-editor.default\">\n\t\t\t\t\t\t\t\t\t<div class=\"check-list\"><ul><li><i class=\"far fa-check-circle\"><\/i>Exp\u00e9dition : Conteneurs frigorifiques (Reefer) 40 pieds et 20 pieds.<\/li><li><i class=\"far fa-check-circle\"><\/i>Emballage : Carton Open Top (ouvert) ou caisse en plastique de 4,5 \/ 5 \/ 5,5 \/ 9 kg (Poids net).<\/li><\/ul><\/div>\t\t\t\t\t\t\t\t<\/div>\n\t\t\t\t<\/div>\n\t\t\t\t<\/div>\n\t\t\t\t<div class=\"elementor-element elementor-element-e77529d elementor-widget elementor-widget-html\" data-id=\"e77529d\" data-element_type=\"widget\" data-e-type=\"widget\" data-widget_type=\"html.default\">\n\t\t\t\t\t <div class=\"project-nav\">\r\n              <a href=\"#\" class=\"nav-btn\">\r\n                <i class=\"far fa-arrow-left icon-btn\"><\/i>\r\n                Pr\u00e9c\u00e9dent\r\n              <\/a>\r\n              <a href=\"https:\/\/premier-farms.com\/fr\/fraises\/\" class=\"nav-btn\">\r\n                Suivant\r\n                <i class=\"far fa-arrow-right icon-btn\"><\/i>\r\n              <\/a> \r\n        <\/div>\t\t\t\t<\/div>\n\t\t\t\t<\/div>\n\t\t\t\t<\/div>\n\t\t\t\t\t<\/div>\n\t\t\t\t<\/div>\n\t\t\t\t<\/div>\n\t\t","protected":false},"excerpt":{"rendered":"<p>Raisins de table frais Raisins frais de qualit\u00e9 sup\u00e9rieure, reconnus pour leur saveur naturellement sucr\u00e9e, leur texture juteuse et leur grande valeur nutritionnelle. Soigneusement s\u00e9lectionn\u00e9s pour garantir une fra\u00eecheur et une qualit\u00e9 optimale, ils sont parfaits pour la consommation en frais et comme encas sains. Cat\u00e9gorie : Fruits Frais Code SH : 080610 Taux d&#8217;acidit\u00e9&#8230;<\/p>\n","protected":false},"author":1,"featured_media":0,"parent":0,"menu_order":0,"comment_status":"closed","ping_status":"closed","template":"template-builder.php","meta":{"_monsterinsights_skip_tracking":false,"_monsterinsights_sitenote_active":false,"_monsterinsights_sitenote_note":"","_monsterinsights_sitenote_category":0,"footnotes":""},"class_list":["post-5201","page","type-page","status-publish","hentry"],"_links":{"self":[{"href":"https:\/\/premier-farms.com\/fr\/wp-json\/wp\/v2\/pages\/5201","targetHints":{"allow":["GET"]}}],"collection":[{"href":"https:\/\/premier-farms.com\/fr\/wp-json\/wp\/v2\/pages"}],"about":[{"href":"https:\/\/premier-farms.com\/fr\/wp-json\/wp\/v2\/types\/page"}],"author":[{"embeddable":true,"href":"https:\/\/premier-farms.com\/fr\/wp-json\/wp\/v2\/users\/1"}],"replies":[{"embeddable":true,"href":"https:\/\/premier-farms.com\/fr\/wp-json\/wp\/v2\/comments?post=5201"}],"version-history":[{"count":4,"href":"https:\/\/premier-farms.com\/fr\/wp-json\/wp\/v2\/pages\/5201\/revisions"}],"predecessor-version":[{"id":5557,"href":"https:\/\/premier-farms.com\/fr\/wp-json\/wp\/v2\/pages\/5201\/revisions\/5557"}],"wp:attachment":[{"href":"https:\/\/premier-farms.com\/fr\/wp-json\/wp\/v2\/media?parent=5201"}],"curies":[{"name":"wp","href":"https:\/\/api.w.org\/{rel}","templated":true}]}}