{"id":5203,"date":"2026-03-15T10:08:40","date_gmt":"2026-03-15T10:08:40","guid":{"rendered":"https:\/\/premier-farms.com\/oranges-valencia\/"},"modified":"2026-03-31T15:30:49","modified_gmt":"2026-03-31T15:30:49","slug":"oranges-valencia","status":"publish","type":"page","link":"https:\/\/premier-farms.com\/fr\/oranges-valencia\/","title":{"rendered":"Oranges Valencia"},"content":{"rendered":"\t\t<div data-elementor-type=\"wp-page\" data-elementor-id=\"5203\" class=\"elementor elementor-5203 elementor-3721\" data-elementor-post-type=\"page\">\n\t\t\t\t<div class=\"elementor-element elementor-element-dd5db8b e-flex e-con-boxed e-con e-parent\" data-id=\"dd5db8b\" data-element_type=\"container\" data-e-type=\"container\">\n\t\t\t\t\t<div class=\"e-con-inner\">\n\t\t<div class=\"elementor-element elementor-element-799af64 e-con-full e-flex e-con e-child\" data-id=\"799af64\" data-element_type=\"container\" data-e-type=\"container\">\n\t\t<div class=\"elementor-element elementor-element-05be2dd e-con-full project-details e-flex e-con e-child\" data-id=\"05be2dd\" data-element_type=\"container\" data-e-type=\"container\">\n\t\t\n\t\t<div class=\"elementor-element elementor-element-77ec73d elementor-widget elementor-widget-text-editor\" data-id=\"77ec73d\" data-element_type=\"widget\" data-e-type=\"widget\" data-widget_type=\"text-editor.default\">\n\t\t\t\t\t\t\t\t\t<h2 class=\"sec-title page-title\">Valencia Orange<\/h2><p class=\"page-text\">L&#8217;orange Valencia est cultiv\u00e9e \u00e0 grande \u00e9chelle, avec des volumes importants, et est principalement utilis\u00e9e pour la production de jus d&#8217;orange et la transformation industrielle. <\/p>\t\t\t\t\t\t\t\t<\/div>\n\t\t\t\t<div class=\"elementor-element elementor-element-e046ff2 elementor-widget elementor-widget-frutinfeatures\" data-id=\"e046ff2\" data-element_type=\"widget\" data-e-type=\"widget\" data-widget_type=\"frutinfeatures.default\">\n\t\t\t\t<div class=\"elementor-widget-container\">\n\t\t\t\t\t<div class=\"project-meta-wrap\"><div class=\"project-meta\"><h3 class=\"box-title\">Cat\u00e9gorie :<br><\/h3><p class=\"box-text\">Agrumes Frais<br> <\/p><\/div><div class=\"line\"><\/div><div class=\"project-meta\"><h3 class=\"box-title\">Code SH :<br><\/h3><p class=\"box-text\">080510 <\/p><\/div><div class=\"line\"><\/div><div class=\"project-meta\"><h3 class=\"box-title\"> Acidit\u00e9 :<br><\/h3><p class=\"box-text\"> Elle se situe entre 0,9 % et 1,7 %.<br><\/p><\/div><div class=\"line\"><\/div><div class=\"project-meta\"><h3 class=\"box-title\"> Taux de Brix :<br><\/h3><p class=\"box-text\">0 % \u00e0 12 %. <\/p><\/div><\/div>\t\t\t\t<\/div>\n\t\t\t\t<\/div>\n\t\t\t\t<div class=\"elementor-element elementor-element-9c6b0d8 page-img elementor-widget elementor-widget-image\" data-id=\"9c6b0d8\" data-element_type=\"widget\" data-e-type=\"widget\" data-widget_type=\"image.default\">\n\t\t\t\t\t\t\t\t\t\t\t\t\t\t\t<img decoding=\"async\" src=\"https:\/\/premier-farms.com\/wp-content\/uploads\/elementor\/thumbs\/orange-rkcoe53ahd03nzgz3c7ummt3r2yxbj2vxtmn3wjf0k.png\" title=\"orange\" alt=\"orange\" loading=\"lazy\" \/>\t\t\t\t\t\t\t\t\t\t\t\t\t\t\t<\/div>\n\t\t<div class=\"elementor-element elementor-element-927190f e-grid e-con-full e-con e-child\" data-id=\"927190f\" data-element_type=\"container\" data-e-type=\"container\">\n\t\t\t\t<div class=\"elementor-element elementor-element-ca7a846 elementor-widget elementor-widget-text-editor\" data-id=\"ca7a846\" data-element_type=\"widget\" data-e-type=\"widget\" data-widget_type=\"text-editor.default\">\n\t\t\t\t\t\t\t\t\t<h3 class=\"h4 mb-4 fw-semibold\">Sp\u00e9cifications :<\/h3><p class=\"mb-25\">Orange Valencia de haute qualit\u00e9, reconnue pour sa saveur riche, sa pulpe juteuse et sa couleur orange \u00e9clatante.<br> Soigneusement s\u00e9lectionn\u00e9e pour r\u00e9pondre aux normes d&#8217;exportation, garantissant une excellente fra\u00eecheur, une uniformit\u00e9 de calibre et une qualit\u00e9 sup\u00e9rieure, id\u00e9ale pour la consommation en frais et la production de jus.<br><\/p>\t\t\t\t\t\t\t\t<\/div>\n\t\t<div class=\"elementor-element elementor-element-4372f81 e-grid e-con-full e-con e-child\" data-id=\"4372f81\" data-element_type=\"container\" data-e-type=\"container\">\n\t\t\t\t<div class=\"elementor-element elementor-element-aea1568 elementor-widget__width-initial elementor-widget elementor-widget-text-editor\" data-id=\"aea1568\" data-element_type=\"widget\" data-e-type=\"widget\" data-widget_type=\"text-editor.default\">\n\t\t\t\t\t\t\t\t\t<div class=\"check-list\"><ul><li><i class=\"far fa-check-circle\"><\/i>Saison \/ Disponibilit\u00e9 : De mi-janvier jusqu&#8217;\u00e0 la mi-ao\u00fbt.<br><\/li><li><i class=\"far fa-check-circle\"><\/i>Calibres : 42\/48\/56\/64\/72\/80\/88\/100\/113\/125 fruits par carton de 15 kg.<br><\/li><li><i class=\"far fa-check-circle\"><\/i> Capacit\u00e9 du conteneur : 1,664 cartons\/caisses pour un total de 24 960 kg d&#8217;oranges Valencia fra\u00eeches.<br><\/li><li><i class=\"far fa-check-circle\"><\/i>Emballage : Carton t\u00e9lescopique ou caisse en plastique de 15 kg (Poids net) \u2014 Bin de 600 kg (Poids net) pour l&#8217;usage industriel.<br><\/li><\/ul><\/div>\t\t\t\t\t\t\t\t<\/div>\n\t\t\t\t<div class=\"elementor-element elementor-element-5e3c4e5 elementor-widget elementor-widget-text-editor\" data-id=\"5e3c4e5\" data-element_type=\"widget\" data-e-type=\"widget\" data-widget_type=\"text-editor.default\">\n\t\t\t\t\t\t\t\t\t<div class=\"check-list\"><ul><li><i class=\"far fa-check-circle\"><\/i>Teneur en jus : Sup\u00e9rieure \u00e0 65 %.<\/li><li><i class=\"far fa-check-circle\"><\/i>Exp\u00e9dition : Conteneurs frigorifiques (Reefer) 40 pieds et 20 pieds.<\/li><li><i class=\"far fa-check-circle\"><\/i>Traitement : Lav\u00e9es, cir\u00e9es et trait\u00e9es \u00e0 l&#8217;O.P.P. avec des \u00e9tiquettes imprim\u00e9es en couleur.<\/li><\/ul><\/div>\t\t\t\t\t\t\t\t<\/div>\n\t\t\t\t<\/div>\n\t\t\t\t<\/div>\n\t\t\t\t<div class=\"elementor-element elementor-element-4901055 elementor-widget elementor-widget-html\" data-id=\"4901055\" data-element_type=\"widget\" data-e-type=\"widget\" data-widget_type=\"html.default\">\n\t\t\t\t\t <div class=\"project-nav\">\r\n              <a href=\"https:\/\/premier-farms.com\/fr\/oranges-navel\/\" class=\"nav-btn\">\r\n                <i class=\"far fa-arrow-left icon-btn\"><\/i>\r\n                Pr\u00e9c\u00e9dent\r\n              <\/a>\r\n              <a href=\"https:\/\/premier-farms.com\/fr\/mandarines\/\" class=\"nav-btn\">\r\n                Suivant\r\n                <i class=\"far fa-arrow-right icon-btn\"><\/i>\r\n              <\/a> \r\n        <\/div>\t\t\t\t<\/div>\n\t\t\t\t<\/div>\n\t\t\t\t<\/div>\n\t\t\t\t\t<\/div>\n\t\t\t\t<\/div>\n\t\t\t\t<\/div>\n\t\t","protected":false},"excerpt":{"rendered":"<p>Valencia Orange L&#8217;orange Valencia est cultiv\u00e9e \u00e0 grande \u00e9chelle, avec des volumes importants, et est principalement utilis\u00e9e pour la production de jus d&#8217;orange et la transformation industrielle. Cat\u00e9gorie : Agrumes Frais Code SH : 080510 Acidit\u00e9 : Elle se situe entre 0,9 % et 1,7 %. Taux de Brix : 0 % \u00e0 12 %&#8230;.<\/p>\n","protected":false},"author":1,"featured_media":0,"parent":0,"menu_order":0,"comment_status":"closed","ping_status":"closed","template":"template-builder.php","meta":{"_monsterinsights_skip_tracking":false,"_monsterinsights_sitenote_active":false,"_monsterinsights_sitenote_note":"","_monsterinsights_sitenote_category":0,"footnotes":""},"class_list":["post-5203","page","type-page","status-publish","hentry"],"_links":{"self":[{"href":"https:\/\/premier-farms.com\/fr\/wp-json\/wp\/v2\/pages\/5203","targetHints":{"allow":["GET"]}}],"collection":[{"href":"https:\/\/premier-farms.com\/fr\/wp-json\/wp\/v2\/pages"}],"about":[{"href":"https:\/\/premier-farms.com\/fr\/wp-json\/wp\/v2\/types\/page"}],"author":[{"embeddable":true,"href":"https:\/\/premier-farms.com\/fr\/wp-json\/wp\/v2\/users\/1"}],"replies":[{"embeddable":true,"href":"https:\/\/premier-farms.com\/fr\/wp-json\/wp\/v2\/comments?post=5203"}],"version-history":[{"count":5,"href":"https:\/\/premier-farms.com\/fr\/wp-json\/wp\/v2\/pages\/5203\/revisions"}],"predecessor-version":[{"id":5545,"href":"https:\/\/premier-farms.com\/fr\/wp-json\/wp\/v2\/pages\/5203\/revisions\/5545"}],"wp:attachment":[{"href":"https:\/\/premier-farms.com\/fr\/wp-json\/wp\/v2\/media?parent=5203"}],"curies":[{"name":"wp","href":"https:\/\/api.w.org\/{rel}","templated":true}]}}