{"id":5206,"date":"2026-03-16T10:28:14","date_gmt":"2026-03-16T10:28:14","guid":{"rendered":"https:\/\/premier-farms.com\/haricots-lingots\/"},"modified":"2026-03-31T15:40:29","modified_gmt":"2026-03-31T15:40:29","slug":"haricots-lingots","status":"publish","type":"page","link":"https:\/\/premier-farms.com\/fr\/haricots-lingots\/","title":{"rendered":"Haricots lingots"},"content":{"rendered":"\t\t<div data-elementor-type=\"wp-page\" data-elementor-id=\"5206\" class=\"elementor elementor-5206 elementor-3987\" data-elementor-post-type=\"page\">\n\t\t\t\t<div class=\"elementor-element elementor-element-38c0b5c e-flex e-con-boxed e-con e-parent\" data-id=\"38c0b5c\" data-element_type=\"container\" data-e-type=\"container\">\n\t\t\t\t\t<div class=\"e-con-inner\">\n\t\t<div class=\"elementor-element elementor-element-019a316 e-con-full e-flex e-con e-child\" data-id=\"019a316\" data-element_type=\"container\" data-e-type=\"container\">\n\t\t<div class=\"elementor-element elementor-element-0be233b e-con-full e-flex e-con e-child\" data-id=\"0be233b\" data-element_type=\"container\" data-e-type=\"container\">\n\t\t<div class=\"elementor-element elementor-element-a9f3931 e-con-full e-flex e-con e-child\" data-id=\"a9f3931\" data-element_type=\"container\" data-e-type=\"container\">\n\t\t<div class=\"elementor-element elementor-element-082b812 e-con-full e-flex e-con e-child\" data-id=\"082b812\" data-element_type=\"container\" data-e-type=\"container\">\n\t\t<div class=\"elementor-element elementor-element-01ba6ad e-con-full e-flex e-con e-child\" data-id=\"01ba6ad\" data-element_type=\"container\" data-e-type=\"container\">\n\t\t<div class=\"elementor-element elementor-element-a66000d e-con-full project-details e-flex e-con e-child\" data-id=\"a66000d\" data-element_type=\"container\" data-e-type=\"container\">\n\t\t\n\t\t<div class=\"elementor-element elementor-element-4a501f4 elementor-widget elementor-widget-text-editor\" data-id=\"4a501f4\" data-element_type=\"widget\" data-e-type=\"widget\" data-widget_type=\"text-editor.default\">\n\t\t\t\t\t\t\t\t\t<h2 class=\"sec-title page-title\">Haricots blancs (Vari\u00e9t\u00e9 Alubia).<br><\/h2><p class=\"page-text\">Haricots blancs d&#8217;\u00c9gypte de qualit\u00e9 sup\u00e9rieure, caract\u00e9ris\u00e9s par une couleur blanche \u00e9clatante et uniforme, une excellente texture et un profil nutritionnel exceptionnel. <\/p>\t\t\t\t\t\t\t\t<\/div>\n\t\t\t\t<div class=\"elementor-element elementor-element-759cef6 elementor-widget elementor-widget-frutinfeatures\" data-id=\"759cef6\" data-element_type=\"widget\" data-e-type=\"widget\" data-widget_type=\"frutinfeatures.default\">\n\t\t\t\t<div class=\"elementor-widget-container\">\n\t\t\t\t\t<div class=\"project-meta-wrap\"><div class=\"project-meta\"><h3 class=\"box-title\">Cat\u00e9gorie :<br><\/h3><p class=\"box-text\">L\u00e9gumes Frais<br><\/p><\/div><div class=\"line\"><\/div><div class=\"project-meta\"><h3 class=\"box-title\">Code SH :<br><\/h3><p class=\"box-text\">071333<\/p><\/div><div class=\"line\"><\/div><div class=\"project-meta\"><h3 class=\"box-title\">Puret\u00e9 :<br><\/h3><p class=\"box-text\"> (Minimum) : 99 %.<br><\/p><\/div><div class=\"line\"><\/div><div class=\"project-meta\"><h3 class=\"box-title\">Brisures :<br><\/h3><p class=\"box-text\">(Maximum) : 1 %.<\/p><\/div><\/div>\t\t\t\t<\/div>\n\t\t\t\t<\/div>\n\t\t\t\t<div class=\"elementor-element elementor-element-051e15a page-img elementor-widget elementor-widget-image\" data-id=\"051e15a\" data-element_type=\"widget\" data-e-type=\"widget\" data-widget_type=\"image.default\">\n\t\t\t\t\t\t\t\t\t\t\t\t\t\t\t<img decoding=\"async\" src=\"https:\/\/premier-farms.com\/wp-content\/uploads\/elementor\/thumbs\/White-Beans-rkldiln4y65eyjleuf73akfmjcg89eypfbgyhcr16s.png\" title=\"White-Beans\" alt=\"White-Beans\" loading=\"lazy\" \/>\t\t\t\t\t\t\t\t\t\t\t\t\t\t\t<\/div>\n\t\t<div class=\"elementor-element elementor-element-0ab7144 e-grid e-con-full e-con e-child\" data-id=\"0ab7144\" data-element_type=\"container\" data-e-type=\"container\">\n\t\t\t\t<div class=\"elementor-element elementor-element-b614f0e elementor-widget elementor-widget-text-editor\" data-id=\"b614f0e\" data-element_type=\"widget\" data-e-type=\"widget\" data-widget_type=\"text-editor.default\">\n\t\t\t\t\t\t\t\t\t<h3 class=\"h4 mb-4 fw-semibold\">Sp\u00e9cifications :<\/h3><p class=\"mb-25\">Reconnus pour leur faible indice glyc\u00e9mique, leur haute teneur en prot\u00e9ines et leur polyvalence culinaire. Id\u00e9aux pour les march\u00e9s d&#8217;exportation exigeant une qualit\u00e9 et des sp\u00e9cifications constantes.<br> <\/p><ul><li aria-setsize=\"-1\" data-leveltext=\"\uf0b7\" data-font=\"Symbol\" data-listid=\"17\" data-list-defn-props=\"{\"335551671\":15,\"335552541\":1,\"335559685\":360,\"335559991\":360,\"469769226\":\"Symbol\",\"469769242\":[8226],\"469777803\":\"left\",\"469777804\":\"\uf0b7\",\"469777815\":\"hybridMultilevel\"}\" data-aria-posinset=\"102\" data-aria-level=\"1\">Saison \/ Disponibilit\u00e9 : Approvisionnement toute l&#8217;ann\u00e9e avec des variations saisonni\u00e8res.<br><span data-ccp-props=\"{\"201341983\":0,\"335559740\":240}\"> <\/span><\/li><\/ul><ul><li aria-setsize=\"-1\" data-leveltext=\"\uf0b7\" data-font=\"Symbol\" data-listid=\"17\" data-list-defn-props=\"{\"335551671\":15,\"335552541\":1,\"335559685\":360,\"335559991\":360,\"469769226\":\"Symbol\",\"469769242\":[8226],\"469777803\":\"left\",\"469777804\":\"\uf0b7\",\"469777815\":\"hybridMultilevel\"}\" data-aria-posinset=\"103\" data-aria-level=\"1\">R\u00e9colte d&#8217;\u00e9t\u00e9 (Fin mai \u2013 Novembre) : Saison de r\u00e9colte principale offrant des grains de qualit\u00e9 optimale pour la transformation imm\u00e9diate et l&#8217;exportation.<br><span data-ccp-props=\"{\"201341983\":0,\"335559740\":240}\"> <\/span><\/li><\/ul><ul><li aria-setsize=\"-1\" data-leveltext=\"\uf0b7\" data-font=\"Symbol\" data-listid=\"17\" data-list-defn-props=\"{\"335551671\":15,\"335552541\":1,\"335559685\":360,\"335559991\":360,\"469769226\":\"Symbol\",\"469769242\":[8226],\"469777803\":\"left\",\"469777804\":\"\uf0b7\",\"469777815\":\"hybridMultilevel\"}\" data-aria-posinset=\"104\" data-aria-level=\"1\">R\u00e9colte d&#8217;hiver (D\u00e9cembre \u2013 Mi-avril) : Saison secondaire garantissant une disponibilit\u00e9 continue et une cha\u00eene d&#8217;approvisionnement permanente.<br><span data-ccp-props=\"{\"201341983\":0,\"335559740\":240}\"> <\/span><span data-ccp-props=\"{\"201341983\":0,\"335559740\":240}\"> <\/span><\/li><\/ul><ul><li aria-setsize=\"-1\" data-leveltext=\"\uf0b7\" data-font=\"Symbol\" data-listid=\"17\" data-list-defn-props=\"{\"335551671\":15,\"335552541\":1,\"335559685\":360,\"335559991\":360,\"469769226\":\"Symbol\",\"469769242\":[8226],\"469777803\":\"left\",\"469777804\":\"\uf0b7\",\"469777815\":\"hybridMultilevel\"}\" data-aria-posinset=\"106\" data-aria-level=\"1\">Calibres : <span data-contrast=\"none\">1170 grains \/ 100 g \u2014 180 grains \/ 100 g \u2014 190 grains \/ 100 g.<br> <\/span><span data-ccp-props=\"{\"201341983\":0,\"335559739\":75,\"335559740\":240}\"> <\/span><\/li><\/ul><ul><li aria-setsize=\"-1\" data-leveltext=\"\uf0b7\" data-font=\"Symbol\" data-listid=\"17\" data-list-defn-props=\"{\"335551671\":15,\"335552541\":1,\"335559685\":360,\"335559991\":360,\"469769226\":\"Symbol\",\"469769242\":[8226],\"469777803\":\"left\",\"469777804\":\"\uf0b7\",\"469777815\":\"hybridMultilevel\"}\" data-aria-posinset=\"107\" data-aria-level=\"1\">Calibres : 200 grains \/ 100 g \u2014 210 grains \/ 100 g \u2014 220 grains \/ 100 g.<span data-ccp-props=\"{\"201341983\":0,\"335559739\":75,\"335559740\":240}\"> <\/span><\/li><\/ul><ul><li aria-setsize=\"-1\" data-leveltext=\"\uf0b7\" data-font=\"Symbol\" data-listid=\"17\" data-list-defn-props=\"{\"335551671\":15,\"335552541\":1,\"335559685\":360,\"335559991\":360,\"469769226\":\"Symbol\",\"469769242\":[8226],\"469777803\":\"left\",\"469777804\":\"\uf0b7\",\"469777815\":\"hybridMultilevel\"}\" data-aria-posinset=\"108\" data-aria-level=\"1\">Calibres : 230 grains \/ 100 g \u2014 250 grains \/ 100 g \u2014 230 grains \/ 100 g.<span data-ccp-props=\"{\"201341983\":0,\"335559739\":75,\"335559740\":240}\"> <\/span><\/li><\/ul><ul><li aria-setsize=\"-1\" data-leveltext=\"\uf0b7\" data-font=\"Symbol\" data-listid=\"17\" data-list-defn-props=\"{\"335551671\":15,\"335552541\":1,\"335559685\":360,\"335559991\":360,\"469769226\":\"Symbol\",\"469769242\":[8226],\"469777803\":\"left\",\"469777804\":\"\uf0b7\",\"469777815\":\"hybridMultilevel\"}\" data-aria-posinset=\"109\" data-aria-level=\"1\">Calibres : 300 grains \/ 100 g \u2014 350 grains \/ 100 g \u2014 400 grains \/ 100 g.<span data-ccp-props=\"{\"201341983\":0,\"335559739\":75,\"335559740\":240}\"> <\/span><\/li><\/ul><ul><li aria-setsize=\"-1\" data-leveltext=\"\uf0b7\" data-font=\"Symbol\" data-listid=\"17\" data-list-defn-props=\"{\"335551671\":15,\"335552541\":1,\"335559685\":360,\"335559991\":360,\"469769226\":\"Symbol\",\"469769242\":[8226],\"469777803\":\"left\",\"469777804\":\"\uf0b7\",\"469777815\":\"hybridMultilevel\"}\" data-aria-posinset=\"110\" data-aria-level=\"1\">Humidit\u00e9 : 14-16 % maximum pour un stockage et une transformation optimaux.<br><span data-ccp-props=\"{\"201341983\":0,\"335559738\":120,\"335559739\":120,\"335559740\":240}\"> <\/span><\/li><\/ul><ul><li aria-setsize=\"-1\" data-leveltext=\"\uf0b7\" data-font=\"Symbol\" data-listid=\"17\" data-list-defn-props=\"{\"335551671\":15,\"335552541\":1,\"335559685\":360,\"335559991\":360,\"469769226\":\"Symbol\",\"469769242\":[8226],\"469777803\":\"left\",\"469777804\":\"\uf0b7\",\"469777815\":\"hybridMultilevel\"}\" data-aria-posinset=\"111\" data-aria-level=\"1\">Impuret\u00e9s (Admixture) : 0,5-1 % maximum garantissant une puret\u00e9 sup\u00e9rieure.<br><span data-ccp-props=\"{\"201341983\":0,\"335559738\":120,\"335559739\":120,\"335559740\":240}\"> <\/span><\/li><\/ul><ul><li aria-setsize=\"-1\" data-leveltext=\"\uf0b7\" data-font=\"Symbol\" data-listid=\"17\" data-list-defn-props=\"{\"335551671\":15,\"335552541\":1,\"335559685\":360,\"335559991\":360,\"469769226\":\"Symbol\",\"469769242\":[8226],\"469777803\":\"left\",\"469777804\":\"\uf0b7\",\"469777815\":\"hybridMultilevel\"}\" data-aria-posinset=\"112\" data-aria-level=\"1\">Grains imparfaits : 2-3 % maximum avec un contr\u00f4le qualit\u00e9 strict.<br><span data-ccp-props=\"{\"201341983\":0,\"335559738\":120,\"335559739\":120,\"335559740\":240}\"> <\/span><\/li><\/ul><ul><li aria-setsize=\"-1\" data-leveltext=\"\uf0b7\" data-font=\"Symbol\" data-listid=\"17\" data-list-defn-props=\"{\"335551671\":15,\"335552541\":1,\"335559685\":360,\"335559991\":360,\"469769226\":\"Symbol\",\"469769242\":[8226],\"469777803\":\"left\",\"469777804\":\"\uf0b7\",\"469777815\":\"hybridMultilevel\"}\" data-aria-posinset=\"115\" data-aria-level=\"1\">Emballage : Sacs PP de 1 kg (D\u00e9tail et Consommation) ; Sacs PP de 25 kg (Commercial standard) ; Sacs PP de 50 kg (Vrac et Industriel) ou selon la demande du client.<br><span data-ccp-props=\"{\"201341983\":0,\"335559738\":120,\"335559739\":120,\"335559740\":240}\"> <\/span><\/li><\/ul><ul><li aria-setsize=\"-1\" data-leveltext=\"\uf0b7\" data-font=\"Symbol\" data-listid=\"17\" data-list-defn-props=\"{\"335551671\":15,\"335552541\":1,\"335559685\":360,\"335559991\":360,\"469769226\":\"Symbol\",\"469769242\":[8226],\"469777803\":\"left\",\"469777804\":\"\uf0b7\",\"469777815\":\"hybridMultilevel\"}\" data-aria-posinset=\"116\" data-aria-level=\"1\">Capacit\u00e9 du conteneur : Un conteneur Dry de 20 pieds peut charger 24 tonnes m\u00e9triques.<br><span data-ccp-props=\"{\"201341983\":0,\"335559739\":75,\"335559740\":240}\"> <\/span><\/li><\/ul><ul><li aria-setsize=\"-1\" data-leveltext=\"\uf0b7\" data-font=\"Symbol\" data-listid=\"17\" data-list-defn-props=\"{\"335551671\":15,\"335552541\":1,\"335559685\":360,\"335559991\":360,\"469769226\":\"Symbol\",\"469769242\":[8226],\"469777803\":\"left\",\"469777804\":\"\uf0b7\",\"469777815\":\"hybridMultilevel\"}\" data-aria-posinset=\"117\" data-aria-level=\"1\">Exp\u00e9dition : Conteneurs Dry de 20 pieds.<span data-ccp-props=\"{\"201341983\":0,\"335559739\":75,\"335559740\":240}\"> <\/span><\/li><\/ul>\t\t\t\t\t\t\t\t<\/div>\n\t\t\t\t<\/div>\n\t\t\t\t<div class=\"elementor-element elementor-element-36fbcaf elementor-widget elementor-widget-html\" data-id=\"36fbcaf\" data-element_type=\"widget\" data-e-type=\"widget\" data-widget_type=\"html.default\">\n\t\t\t\t\t <div class=\"project-nav\">\r\n              <a href=\"https:\/\/premier-farms.com\/fr\/sesame\/\" class=\"nav-btn\">\r\n                <i class=\"far fa-arrow-left icon-btn\"><\/i>\r\n                Pr\u00e9c\u00e9dent\r\n              <\/a>\r\n              <a href=\"#\" class=\"nav-btn\">\r\n                Suivant\r\n                <i class=\"far fa-arrow-right icon-btn\"><\/i>\r\n              <\/a> \r\n        <\/div>\t\t\t\t<\/div>\n\t\t\t\t<\/div>\n\t\t\t\t<\/div>\n\t\t\t\t<\/div>\n\t\t\t\t<\/div>\n\t\t\t\t<\/div>\n\t\t\t\t<\/div>\n\t\t\t\t\t<\/div>\n\t\t\t\t<\/div>\n\t\t\t\t<\/div>\n\t\t","protected":false},"excerpt":{"rendered":"<p>Haricots blancs (Vari\u00e9t\u00e9 Alubia). Haricots blancs d&#8217;\u00c9gypte de qualit\u00e9 sup\u00e9rieure, caract\u00e9ris\u00e9s par une couleur blanche \u00e9clatante et uniforme, une excellente texture et un profil nutritionnel exceptionnel. Cat\u00e9gorie : L\u00e9gumes Frais Code SH : 071333 Puret\u00e9 : (Minimum) : 99 %. Brisures : (Maximum) : 1 %. Sp\u00e9cifications : Reconnus pour leur faible indice glyc\u00e9mique, leur&#8230;<\/p>\n","protected":false},"author":1,"featured_media":0,"parent":0,"menu_order":0,"comment_status":"closed","ping_status":"closed","template":"template-builder.php","meta":{"_monsterinsights_skip_tracking":false,"_monsterinsights_sitenote_active":false,"_monsterinsights_sitenote_note":"","_monsterinsights_sitenote_category":0,"footnotes":""},"class_list":["post-5206","page","type-page","status-publish","hentry"],"_links":{"self":[{"href":"https:\/\/premier-farms.com\/fr\/wp-json\/wp\/v2\/pages\/5206","targetHints":{"allow":["GET"]}}],"collection":[{"href":"https:\/\/premier-farms.com\/fr\/wp-json\/wp\/v2\/pages"}],"about":[{"href":"https:\/\/premier-farms.com\/fr\/wp-json\/wp\/v2\/types\/page"}],"author":[{"embeddable":true,"href":"https:\/\/premier-farms.com\/fr\/wp-json\/wp\/v2\/users\/1"}],"replies":[{"embeddable":true,"href":"https:\/\/premier-farms.com\/fr\/wp-json\/wp\/v2\/comments?post=5206"}],"version-history":[{"count":4,"href":"https:\/\/premier-farms.com\/fr\/wp-json\/wp\/v2\/pages\/5206\/revisions"}],"predecessor-version":[{"id":5587,"href":"https:\/\/premier-farms.com\/fr\/wp-json\/wp\/v2\/pages\/5206\/revisions\/5587"}],"wp:attachment":[{"href":"https:\/\/premier-farms.com\/fr\/wp-json\/wp\/v2\/media?parent=5206"}],"curies":[{"name":"wp","href":"https:\/\/api.w.org\/{rel}","templated":true}]}}