{"id":5208,"date":"2026-03-11T09:33:58","date_gmt":"2026-03-11T09:33:58","guid":{"rendered":"https:\/\/premier-farms.com\/pommes-de-terre\/"},"modified":"2026-03-31T15:37:30","modified_gmt":"2026-03-31T15:37:30","slug":"pommes-de-terre","status":"publish","type":"page","link":"https:\/\/premier-farms.com\/fr\/pommes-de-terre\/","title":{"rendered":"Pommes de terre"},"content":{"rendered":"\t\t<div data-elementor-type=\"wp-page\" data-elementor-id=\"5208\" class=\"elementor elementor-5208 elementor-3393\" data-elementor-post-type=\"page\">\n\t\t\t\t<div class=\"elementor-element elementor-element-25d3d2e e-flex e-con-boxed e-con e-parent\" data-id=\"25d3d2e\" data-element_type=\"container\" data-e-type=\"container\">\n\t\t\t\t\t<div class=\"e-con-inner\">\n\t\t<div class=\"elementor-element elementor-element-b95931a e-con-full e-flex e-con e-child\" data-id=\"b95931a\" data-element_type=\"container\" data-e-type=\"container\">\n\t\t<div class=\"elementor-element elementor-element-84e9d2e e-con-full e-flex e-con e-child\" data-id=\"84e9d2e\" data-element_type=\"container\" data-e-type=\"container\">\n\t\t<div class=\"elementor-element elementor-element-599e2dd e-con-full e-flex e-con e-child\" data-id=\"599e2dd\" data-element_type=\"container\" data-e-type=\"container\">\n\t\t<div class=\"elementor-element elementor-element-2f3db8a e-con-full project-details e-flex e-con e-child\" data-id=\"2f3db8a\" data-element_type=\"container\" data-e-type=\"container\">\n\t\t\n\t\t<div class=\"elementor-element elementor-element-074fafd elementor-widget elementor-widget-text-editor\" data-id=\"074fafd\" data-element_type=\"widget\" data-e-type=\"widget\" data-widget_type=\"text-editor.default\">\n\t\t\t\t\t\t\t\t\t<h2 class=\"sec-title page-title\">Pommes de Terre Fra\u00eeches<br><\/h2><p class=\"page-text\">Pommes de terre de qualit\u00e9 sup\u00e9rieure, reconnues pour leur texture ferme, leur peau lisse et leur haute valeur nutritionnelle.<br> Soigneusement r\u00e9colt\u00e9es et s\u00e9lectionn\u00e9es pour garantir leur fra\u00eecheur et leur qualit\u00e9, elles sont id\u00e9ales pour la cuisson, le r\u00f4tissage et la transformation industrielle.<br><\/p>\t\t\t\t\t\t\t\t<\/div>\n\t\t\t\t<div class=\"elementor-element elementor-element-dccca1d elementor-widget elementor-widget-frutinfeatures\" data-id=\"dccca1d\" data-element_type=\"widget\" data-e-type=\"widget\" data-widget_type=\"frutinfeatures.default\">\n\t\t\t\t<div class=\"elementor-widget-container\">\n\t\t\t\t\t<div class=\"project-meta-wrap\"><div class=\"project-meta\"><h3 class=\"box-title\">Cat\u00e9gorie :<br><\/h3><p class=\"box-text\">L\u00e9gumes Frais<br><\/p><\/div><div class=\"line\"><\/div><div class=\"project-meta\"><h3 class=\"box-title\">Code SH :<br><\/h3><p class=\"box-text\">070190 <\/p><\/div><div class=\"line\"><\/div><div class=\"project-meta\"><h3 class=\"box-title\">Taux d'acidit\u00e9 :<br> <\/h3><p class=\"box-text\">None<\/p><\/div><div class=\"line\"><\/div><div class=\"project-meta\"><h3 class=\"box-title\"> Taux de Brix :<br><\/h3><p class=\"box-text\">None<\/p><\/div><\/div>\t\t\t\t<\/div>\n\t\t\t\t<\/div>\n\t\t\t\t<div class=\"elementor-element elementor-element-bd6727b page-img elementor-widget elementor-widget-image\" data-id=\"bd6727b\" data-element_type=\"widget\" data-e-type=\"widget\" data-widget_type=\"image.default\">\n\t\t\t\t\t\t\t\t\t\t\t\t\t\t\t<img decoding=\"async\" src=\"https:\/\/premier-farms.com\/wp-content\/uploads\/elementor\/thumbs\/potatos-rkcoehb6y7gtuwz83zi011q3h3ap3lfebi3yci1aro.png\" title=\"potatos\" alt=\"potatos\" loading=\"lazy\" \/>\t\t\t\t\t\t\t\t\t\t\t\t\t\t\t<\/div>\n\t\t<div class=\"elementor-element elementor-element-2776a95 e-grid e-con-full e-con e-child\" data-id=\"2776a95\" data-element_type=\"container\" data-e-type=\"container\">\n\t\t\t\t<div class=\"elementor-element elementor-element-4f0f9a6 elementor-widget elementor-widget-text-editor\" data-id=\"4f0f9a6\" data-element_type=\"widget\" data-e-type=\"widget\" data-widget_type=\"text-editor.default\">\n\t\t\t\t\t\t\t\t\t<h3 class=\"h4 mb-4 fw-semibold\">Sp\u00e9cifications :<\/h3><p class=\"mb-25\">Pommes de terre de haute qualit\u00e9 avec un calibre uniforme, une peau propre et une chair ferme. S\u00e9lectionn\u00e9es selon les normes d&#8217;exportation pour garantir la fra\u00eecheur, une dur\u00e9e de conservation optimale et une qualit\u00e9 sup\u00e9rieure, adapt\u00e9es aux march\u00e9s de frais et \u00e0 l&#8217;industrie agroalimentaire.<\/p>\t\t\t\t\t\t\t\t<\/div>\n\t\t<div class=\"elementor-element elementor-element-8b72947 e-grid e-con-full e-con e-child\" data-id=\"8b72947\" data-element_type=\"container\" data-e-type=\"container\">\n\t\t\t\t<div class=\"elementor-element elementor-element-c6c9513 elementor-widget__width-initial elementor-widget elementor-widget-text-editor\" data-id=\"c6c9513\" data-element_type=\"widget\" data-e-type=\"widget\" data-widget_type=\"text-editor.default\">\n\t\t\t\t\t\t\t\t\t<div class=\"check-list\"><ul><li><i class=\"far fa-check-circle\"><\/i>Saison \/ Disponibilit\u00e9 :Pommes de terre fra\u00eeches (en direct des fermes) : De janvier \u00e0 juin.<br> <br> <\/li><li><i class=\"far fa-check-circle\"><\/i>Pommes de terre de conservation (en entrep\u00f4ts frigorifiques) : De juillet \u00e0 septembre.<br><\/li><li><i class=\"far fa-check-circle\"><\/i>Vari\u00e9t\u00e9s de table : Spunta \/ Mondial \/ Anabelle \/ Cara. <\/li><li><i class=\"far fa-check-circle\"><\/i>Vari\u00e9t\u00e9s de transformation : Hermes \/ Lady Rosetta \/ Diamond \/ Santana.<br><\/li><\/ul><\/div>\t\t\t\t\t\t\t\t<\/div>\n\t\t\t\t<div class=\"elementor-element elementor-element-943b96b elementor-widget elementor-widget-text-editor\" data-id=\"943b96b\" data-element_type=\"widget\" data-e-type=\"widget\" data-widget_type=\"text-editor.default\">\n\t\t\t\t\t\t\t\t\t<div class=\"check-list\"><ul><li><i class=\"far fa-check-circle\"><\/i>Calibres : 40+\/90 mm \u2014 50+\/90 mm \u2014 60+\/90 mm.<br><\/li><li><i class=\"far fa-check-circle\"><\/i>Emballage : Sacs de 5 \/ 10 \/ 25 kg \u2014 Big Bag de 1 250 kg (Jumbo Bag), (Poids net).<\/li><li><i class=\"far fa-check-circle\"><\/i>Exp\u00e9dition : Conteneurs frigorifiques (Reefer) 40 pieds.<\/li><\/ul><\/div>\t\t\t\t\t\t\t\t<\/div>\n\t\t\t\t<\/div>\n\t\t\t\t<\/div>\n\t\t\t\t<div class=\"elementor-element elementor-element-678b28b elementor-widget elementor-widget-html\" data-id=\"678b28b\" data-element_type=\"widget\" data-e-type=\"widget\" data-widget_type=\"html.default\">\n\t\t\t\t\t<div class=\"project-nav\">\r\n              <a href=\"https:\/\/premier-farms.com\/fr\/ail\/\" class=\"nav-btn\">\r\n                <i class=\"far fa-arrow-left icon-btn\"><\/i>\r\n                Pr\u00e9c\u00e9dent\r\n              <\/a>\r\n              <a href=\"https:\/\/premier-farms.com\/fr\/patate-douce\/\" class=\"nav-btn\">\r\n                Suivant\r\n                <i class=\"far fa-arrow-right icon-btn\"><\/i>\r\n              <\/a> \r\n        <\/div>\t\t\t\t<\/div>\n\t\t\t\t<\/div>\n\t\t\t\t<\/div>\n\t\t\t\t<\/div>\n\t\t\t\t<\/div>\n\t\t\t\t\t<\/div>\n\t\t\t\t<\/div>\n\t\t\t\t<\/div>\n\t\t","protected":false},"excerpt":{"rendered":"<p>Pommes de Terre Fra\u00eeches Pommes de terre de qualit\u00e9 sup\u00e9rieure, reconnues pour leur texture ferme, leur peau lisse et leur haute valeur nutritionnelle. Soigneusement r\u00e9colt\u00e9es et s\u00e9lectionn\u00e9es pour garantir leur fra\u00eecheur et leur qualit\u00e9, elles sont id\u00e9ales pour la cuisson, le r\u00f4tissage et la transformation industrielle. Cat\u00e9gorie : L\u00e9gumes Frais Code SH : 070190 Taux&#8230;<\/p>\n","protected":false},"author":1,"featured_media":0,"parent":0,"menu_order":0,"comment_status":"closed","ping_status":"closed","template":"template-builder.php","meta":{"_monsterinsights_skip_tracking":false,"_monsterinsights_sitenote_active":false,"_monsterinsights_sitenote_note":"","_monsterinsights_sitenote_category":0,"footnotes":""},"class_list":["post-5208","page","type-page","status-publish","hentry"],"_links":{"self":[{"href":"https:\/\/premier-farms.com\/fr\/wp-json\/wp\/v2\/pages\/5208","targetHints":{"allow":["GET"]}}],"collection":[{"href":"https:\/\/premier-farms.com\/fr\/wp-json\/wp\/v2\/pages"}],"about":[{"href":"https:\/\/premier-farms.com\/fr\/wp-json\/wp\/v2\/types\/page"}],"author":[{"embeddable":true,"href":"https:\/\/premier-farms.com\/fr\/wp-json\/wp\/v2\/users\/1"}],"replies":[{"embeddable":true,"href":"https:\/\/premier-farms.com\/fr\/wp-json\/wp\/v2\/comments?post=5208"}],"version-history":[{"count":4,"href":"https:\/\/premier-farms.com\/fr\/wp-json\/wp\/v2\/pages\/5208\/revisions"}],"predecessor-version":[{"id":5572,"href":"https:\/\/premier-farms.com\/fr\/wp-json\/wp\/v2\/pages\/5208\/revisions\/5572"}],"wp:attachment":[{"href":"https:\/\/premier-farms.com\/fr\/wp-json\/wp\/v2\/media?parent=5208"}],"curies":[{"name":"wp","href":"https:\/\/api.w.org\/{rel}","templated":true}]}}